{"id":103,"date":"2011-04-30T14:36:39","date_gmt":"2011-04-30T14:36:39","guid":{"rendered":"http:\/\/maquisdelorris.fr\/resistance\/?page_id=103"},"modified":"2020-08-08T15:06:35","modified_gmt":"2020-08-08T15:06:35","slug":"les-actions","status":"publish","type":"page","link":"https:\/\/maquisdelorris.fr\/resistance\/?page_id=103","title":{"rendered":"Les maquisards en action"},"content":{"rendered":"\n<p>Nos r\u00e9sistants une fois regroup\u00e9s, organis\u00e9s, form\u00e9s et arm\u00e9s, peuvent enfin passer l&rsquo;action. Il faut distinguer deux p\u00e9riodes concernant le maquis de Lorris. Les op\u00e9rations de gu\u00e9rilla men\u00e9es depuis la for\u00eat d&rsquo;Orl\u00e9ans contre les Allemands apr\u00e8s le d\u00e9barquement du 6 juin 1944, et les op\u00e9rations de<a href=\"https:\/\/maquisdelorris.fr\/resistance\/?page_id=1719\"> lib\u00e9ration du territoire<\/a> au lendemain de l&rsquo;assaut allemand contre le maquis le <a href=\"https:\/\/maquisdelorris.fr\/resistance\/?page_id=105\">14 ao\u00fbt 1944<\/a>.<\/p>\n\n\n\n<h4 class=\"wp-block-heading\"><strong>Les r\u00e9seaux de renseignements et les agents de liaison<\/strong><\/h4>\n\n\n\n<p>Le maquis ne pouvait vivre sans \u00eatre renseign\u00e9 sur l\u2019activit\u00e9 de l\u2019ennemi et de fran\u00e7ais infiltr\u00e9s. Les agents forestiers \u00e9taient charg\u00e9s de surveiller les all\u00e9es et venues en for\u00eat et signalaient le moindre mouvement anormal.&nbsp;Tous les renseignements \u00e9taient regroup\u00e9s au chantier forestier o\u00f9 M.Charton en faisait la synth\u00e8se et transmettait un rapport quotidien au PC du maquis.<\/p>\n\n\n\n<h4 class=\"wp-block-heading\"><strong>Les op\u00e9ration militaires de harc\u00e8lement<\/strong><\/h4>\n\n\n\n<p>L\u2019objectif \u00e9tait d\u2019harceler l&rsquo;occupant en menant des actions de gu\u00e9rilla contre les troupes allemandes venant du sud de la Loire afin de ralentir leur progression&nbsp;vers le front de Normandie, puis&nbsp;d&rsquo;entraver leur repli \u00e0 partir d&rsquo;ao\u00fbt 1944.<\/p>\n\n\n\n<p>Pour ce faire, les combattants du Maquis appliquaient la r\u00e8gle suivante&nbsp;: \u00ab&nbsp;ne jamais affronter l\u2019adversaire lorsque il est en force, mais le harceler constamment et attendre qu\u2019il soit en \u00e9tat d\u2019inf\u00e9riorit\u00e9 pour attaquer&nbsp;\u00bb. Les principales missions des maquisards \u00e9taient :<\/p>\n\n\n\n<p>&#8211; embuscades contre des convois de&nbsp;v\u00e9hicules allemands<\/p>\n\n\n\n<p>&#8211; sabotages de voies ferr\u00e9es ou de ponts<\/p>\n\n\n\n<p>&#8211; arrestations d\u2019individus dangereux (collaborateurs, miliciens)\u2026<\/p>\n\n\n\n<p>Ces missions \u00e9taient encadr\u00e9es, organis\u00e9es, planifi\u00e9es, mais certaines actions de petits groupes non contr\u00f4l\u00e9s, agissant seuls au nom de la R\u00e9sistance, mettaient elles r\u00e9guli\u00e8rement en danger la population locale. Ces actions ponctuelles ont d&rsquo;ailleurs contribu\u00e9 \u00e0 d\u00e9valoriser le maquis aupr\u00e8s de la&nbsp;&nbsp;population lorrissoise qui ne faisait pas forc\u00e9ment la distinction.<\/p>\n\n\n\n<figure class=\"wp-block-video aligncenter\"><video height=\"576\" style=\"aspect-ratio: 720 \/ 576;\" width=\"720\" controls src=\"https:\/\/maquisdelorris.fr\/resistance\/wp-content\/uploads\/videos\/Objectifs.mp4\"><\/video><figcaption> <em>T\u00e9moignage recueilli et enregistr\u00e9 par les \u00e9l\u00e8ves du Club R\u00e9sistance 2010\/2011 du coll\u00e8ge Genevi\u00e8ve de Gaulle Anthonioz des Bordes<\/em><br> <em>Bernard Chalopin et Jean H\u00e9au, le 11 mai 2011, au coll\u00e8ge<\/em> <\/figcaption><\/figure>\n\n\n\n<h4 class=\"wp-block-heading\"><strong>La lib\u00e9ration d&rsquo;Orl\u00e9ans, une mission retard\u00e9e par une attaque qui tourne mal<\/strong><\/h4>\n\n\n\n<p>Le Maquis de Lorris, sur d\u00e9cision unilat\u00e9rale du colonel O&rsquo;Neill, &nbsp;avait \u00e9galement pour mission de participer \u00e0 la lib\u00e9ration d\u2019Orl\u00e9ans pr\u00e9vue le 15 Ao\u00fbt. Le 12 Ao\u00fbt le capitaine Albert se trouvait dans ce but au PC du colonel O&rsquo;Neill \u00e0 Vitry pour la mise au point des derniers pr\u00e9paratifs de la mission.<\/p>\n\n\n\n<p>C\u2019est Albin Chalandon qui prend alors le commandement du Maquis en l\u2019absence du capitaine Albert.&nbsp;Afin de se procurer des v\u00e9hicules (il faudra bien pour lib\u00e9rer Orl\u00e9ans d\u00e9placer les centaines d&rsquo;hommes alors au maquis), les maquisards organisent ce 12 ao\u00fbt l&rsquo;attaque de&nbsp;v\u00e9hicules ennemis remontant sur la nationale 60, pr\u00e8s du lieu-dit \u00ab&nbsp;<a href=\"https:\/\/maquisdelorris.fr\/resistance\/?page_id=3116\">Chicamour<\/a>&nbsp;\u00bb. Mais l&#8217;embuscade tourne mal, et les&nbsp;combats font rage toute la journ\u00e9e. 9 des hommes du maquis y trouv\u00e8rent la mort.<\/p>\n","protected":false},"excerpt":{"rendered":"<p>Nos r\u00e9sistants une fois regroup\u00e9s, organis\u00e9s, form\u00e9s et arm\u00e9s, peuvent enfin passer l&rsquo;action. Il faut distinguer deux p\u00e9riodes concernant le maquis de Lorris. Les op\u00e9rations de gu\u00e9rilla men\u00e9es depuis la for\u00eat d&rsquo;Orl\u00e9ans contre les Allemands apr\u00e8s le d\u00e9barquement du 6 juin 1944, et les op\u00e9rations de lib\u00e9ration du territoire au lendemain de l&rsquo;assaut allemand contre &hellip; <\/p>\n<p><a class=\"more-link btn\" href=\"https:\/\/maquisdelorris.fr\/resistance\/?page_id=103\">Lire la suite<\/a><\/p>\n","protected":false},"author":5,"featured_media":0,"parent":49,"menu_order":5,"comment_status":"open","ping_status":"open","template":"","meta":{"footnotes":""},"class_list":["post-103","page","type-page","status-publish","hentry","nodate","item-wrap"],"aioseo_notices":[],"_links":{"self":[{"href":"https:\/\/maquisdelorris.fr\/resistance\/index.php?rest_route=\/wp\/v2\/pages\/103","targetHints":{"allow":["GET"]}}],"collection":[{"href":"https:\/\/maquisdelorris.fr\/resistance\/index.php?rest_route=\/wp\/v2\/pages"}],"about":[{"href":"https:\/\/maquisdelorris.fr\/resistance\/index.php?rest_route=\/wp\/v2\/types\/page"}],"author":[{"embeddable":true,"href":"https:\/\/maquisdelorris.fr\/resistance\/index.php?rest_route=\/wp\/v2\/users\/5"}],"replies":[{"embeddable":true,"href":"https:\/\/maquisdelorris.fr\/resistance\/index.php?rest_route=%2Fwp%2Fv2%2Fcomments&post=103"}],"version-history":[{"count":0,"href":"https:\/\/maquisdelorris.fr\/resistance\/index.php?rest_route=\/wp\/v2\/pages\/103\/revisions"}],"up":[{"embeddable":true,"href":"https:\/\/maquisdelorris.fr\/resistance\/index.php?rest_route=\/wp\/v2\/pages\/49"}],"wp:attachment":[{"href":"https:\/\/maquisdelorris.fr\/resistance\/index.php?rest_route=%2Fwp%2Fv2%2Fmedia&parent=103"}],"curies":[{"name":"wp","href":"https:\/\/api.w.org\/{rel}","templated":true}]}}