{"id":105,"date":"2011-04-30T14:37:08","date_gmt":"2011-04-30T14:37:08","guid":{"rendered":"http:\/\/maquisdelorris.fr\/resistance\/?page_id=105"},"modified":"2023-08-14T13:48:13","modified_gmt":"2023-08-14T13:48:13","slug":"le-14-aout-1944","status":"publish","type":"page","link":"https:\/\/maquisdelorris.fr\/resistance\/?page_id=105","title":{"rendered":"L&rsquo;attaque du 14 ao\u00fbt 1944"},"content":{"rendered":"\n<p>Le\u00a014 Ao\u00fbt au matin, l\u2019arm\u00e9e allemande encercle le carrefour d\u2019Orl\u00e9ans, pensant y trouver le camp du maquis. Il s&rsquo;agit du r\u00e9giment de s\u00e9curit\u00e9 1010<sup data-fn=\"77aae318-86c3-45a1-b3a0-6271aa02b53c\" class=\"fn\"><a href=\"#77aae318-86c3-45a1-b3a0-6271aa02b53c\" id=\"77aae318-86c3-45a1-b3a0-6271aa02b53c-link\">1<\/a><\/sup>, charg\u00e9 particuli\u00e8rement d&rsquo;\u00e9radiquer les poches de r\u00e9sistance en France.<\/p>\n\n\n\n<figure class=\"wp-block-video aligncenter\"><video height=\"576\" style=\"aspect-ratio: 720 \/ 576;\" width=\"720\" controls src=\"https:\/\/maquisdelorris.fr\/resistance\/wp-content\/uploads\/videos\/14 aout.mp4\"><\/video><figcaption class=\"wp-element-caption\"> <em>T\u00e9moignage recueilli et enregistr\u00e9 par les \u00e9l\u00e8ves du Club R\u00e9sistance 2010\/2011 du coll\u00e8ge Genevi\u00e8ve de Gaulle Anthonioz des Bordes<\/em><br> <em>Bernard Chalopin et Jean H\u00e9au, le 11 mai 2011, au coll\u00e8ge<\/em> <\/figcaption><\/figure>\n\n\n\n<p>Originaire de Dampierre-en-Burly, Charles L\u00e9ger<sup data-fn=\"3387aa46-8873-407b-a197-26c448b4d7d8\" class=\"fn\"><a href=\"#3387aa46-8873-407b-a197-26c448b4d7d8\" id=\"3387aa46-8873-407b-a197-26c448b4d7d8-link\">2<\/a><\/sup> int\u00e8gre le maquis de Lorris au printemps 1944 dans la compagnie Robert. Il se distingue lors de l\u2019attaque du\u00a014 ao\u00fbt 1944, en posant huit mines antichars au carrefour du ch\u00eane coquetier pour retarder les allemands. Il participe ensuite aux les\u00a0<a href=\"https:\/\/maquisdelorris.fr\/resistance\/?page_id=1719\" target=\"_blank\" rel=\"noopener noreferrer\">combats pour la lib\u00e9ration de Ch\u00e2teauneuf-sur-Loire, d\u2019Orl\u00e9ans et de Paris<\/a>. A la dissolution des maquis, en septembre 1944, Charles L\u00e9ger choisi d\u2019int\u00e9grer la premi\u00e8re Arm\u00e9e (Rhin et Danube) du g\u00e9n\u00e9ral de Lattre de Tassigny, et participe alors activement aux campagnes d\u2019Alsace et d\u2019Allemagne jusqu\u2019\u00e0 la capitulation allemande. Il est m\u00e9daill\u00e9 de la Croix du Combattant 1939-1945.<\/p>\n\n\n\n<figure class=\"wp-block-video aligncenter\"><video height=\"576\" style=\"aspect-ratio: 720 \/ 576;\" width=\"720\" controls src=\"https:\/\/maquisdelorris.fr\/resistance\/wp-content\/uploads\/videos\/Charles L\u00e9ger 14 ao\u00fbt.mp4\"><\/video><figcaption class=\"wp-element-caption\"> <em>T\u00e9moignage recueilli et enregistr\u00e9 par Beno\u00eet Momboisse pour le coll\u00e8ge Genevi\u00e8ve de Gaulle Anthonioz des Bordes<\/em><br> <em> Charles L\u00e9ger, le 29 juin 2004, au Carrefour de la R\u00e9sistance<\/em> <\/figcaption><\/figure>\n\n\n\n<p>Au centre de la for\u00eat d&rsquo;Orl\u00e9ans, quatre communes, Lorris, Les Bordes, Ouzouer-sur-Loire et Montereau,&nbsp; se rejoignent donc en un point appel\u00e9 \u00ab\u00a0carrefour d&rsquo;Orl\u00e9ans\u00a0\u00bb. Quatre maisons y sont construites, habit\u00e9es par des familles. En ce matin du 14 ao\u00fbt, seule une poign\u00e9e d&rsquo;hommes demeure au carrefour, restant en liaison constante avec le Maquis. Dans l&rsquo;infirmerie, install\u00e9e non loin de l\u00e0, seuls trois bless\u00e9s de l&rsquo;attaque de Chicamour ainsi qu&rsquo;un malade se reposent.<\/p>\n\n\n\n<p>Ce lundi matin, alors que se d\u00e9roule l&rsquo;inhumation des neuf victimes du 12 ao\u00fbt, trois camions charg\u00e9s de soldats allemands s&rsquo;approchent dangereusement du carrefour d&rsquo;Orl\u00e9ans. Afin de ne pas \u00e9veiller davantage les soup\u00e7ons de l&rsquo;ennemi, les troupes se cachent dans les maisons foresti\u00e8res. Seules quelques rafales de mitraillettes, r\u00e9sonnant \u00e7a et l\u00e0, troublent la matin\u00e9e. Ailleurs dans la for\u00eat, les maquisards s&rsquo;efforcent de faire dispara\u00eetre tous les objets compromettants (brassards tricolores, armes, munitions, etc.). Les Allemands poursuivent leur encerclement m\u00e9thodique, n&rsquo;arr\u00eatant que de jeunes gens d\u00e9sarm\u00e9s qu&rsquo;ils rencontrent en chemin. Malgr\u00e9 leurs efforts, ils ne parviennent pas \u00e0 d\u00e9couvrir le Maquis. Pendant ce temps, le commandant Chari\u00e9 est charg\u00e9 d&rsquo;appeler en renfort les groupes de r\u00e9sistance locale. Mais les Allemands progressent et encerclent maintenant tout le carrefour.<\/p>\n\n\n\n<p>Vers 13 h 30, des soldats arrivent de toutes les routes ou sortent des foss\u00e9s ; au total 500 hommes se rassemblent, cernant les baraquements. Les Allemands font sortir les Fran\u00e7ais, y compris les bless\u00e9s et les infirmi\u00e8res. Les Allemands se livrent alors \u00e0 un interrogatoire. Les captifs se disent ouvriers forestiers et pr\u00e9tendent ignorer le Maquis. Des soldats profitent de l&rsquo;occasion pour piller les maisons avoisinantes, quand soudain ils d\u00e9couvrent des brassards tricolores. Les Fran\u00e7ais, incapables de fournir une explication valable \u00e0 la pr\u00e9sence de ces objets, sont alors consid\u00e9r\u00e9s comme \u00ab\u00a0terroristes\u00a0\u00bb par les Allemands. Les d\u00e9tenus, except\u00e9 l&rsquo;infirmi\u00e8re, sont conduits sur la route, puis abattus d&rsquo;une balle dans la t\u00eate. En plus de ces quinze victimes, un corps calcin\u00e9 est retrouv\u00e9, puis dans la soir\u00e9e, deux jeunes gens sont fusill\u00e9s. Ainsi 18 hommes p\u00e9rissent au carrefour, pour n&rsquo;avoir pas trahi leurs compagnons. Seize autres maquisards trouvent la mort en for\u00eat d&rsquo;Orl\u00e9ans, dans des conditions r\u00e9voltantes, certains subissant des s\u00e9vices. Des Allemands iront m\u00eame jusqu&rsquo;\u00e0 faire creuser leur propre tombe aux martyrs.<\/p>\n\n\n\n<p>La seconde phase de cette journ\u00e9e du 14 ao\u00fbt se r\u00e9sume \u00e0 l&rsquo;attaque du Maquis. Furieux de leur \u00e9chec au carrefour d&rsquo;Orl\u00e9ans, les Allemands, \u00e9quip\u00e9s de mat\u00e9riel lourd, d\u00e9clenchent une attaque g\u00e9n\u00e9rale. Ils re\u00e7oivent bient\u00f4t les renforts du r\u00e9giment de s\u00e9curit\u00e9 1010, dont un bataillon assaille \u00e0 la m\u00eame p\u00e9riode le maquis de Chilleurs-aux-Bois.<\/p>\n\n\n\n<p>Vers 14h-14h30,&nbsp;&nbsp;l&rsquo;offensive allemande commence par une reconnaissance des lieux par les blind\u00e9s, des colonnes sillonnent toutes les routes foresti\u00e8res. Ils n&rsquo;iront pas bien loin, stopp\u00e9s par les maquisards. Apr\u00e8s localisation sur les cartes d\u2019\u00e9tat major des points d\u2019affrontements, et donc de l\u2019emplacement approximatif du camp, les Allemands mettent en place des mortiers pour pilonner la for\u00eat.<\/p>\n\n\n\n<p>Les combats font rage de 15h&nbsp;&nbsp;\u00e0&nbsp;&nbsp;21h. La consigne \u00e9tait de ne pas cesser les combats sans ordres. Il fallait tenir jusqu\u2019\u00e0 la nuit car les Allemands avaient pour habitude d\u2019arr\u00eater les combats \u00e0 la tomb\u00e9e de la nuit. Ne supportant plus l&rsquo;efficace d\u00e9fense fran\u00e7aise, les Allemands montent \u00e0 l&rsquo;assaut de tous les c\u00f4t\u00e9s, mais le combat tourne vite \u00e0 l&rsquo;avantage du maquis (le camp \u00e9tait tout de m\u00eame encercl\u00e9 \u00e0 environ 500 m\u00e8tres). Les ennemis, sentant leur d\u00e9faite proche, bombardent alors le garage (cr\u00e9ant un incendie) avant de se retirer.<\/p>\n\n\n\n<p>Vers 23h00, les Allemands ayant abandonn\u00e9, les hommes quittent le camp du Ravoir. Le convoi auto parti d\u00e8s 21h a rejoint Vitry aux Loges. Ceux qui ont \u00e9vacu\u00e9 \u00e0 pied ont \u00e9t\u00e9 divis\u00e9s en 2 groupes puis ramen\u00e9s \u00e0 Vitry le 16 au soir.<\/p>\n\n\n\n<p>Mais le bilan de cette triste journ\u00e9e n&rsquo;\u00e9tait pas encore complet. Dans la soir\u00e9e, un convoi automobile du Maquis se dirige vers <a href=\"https:\/\/maquisdelorris.fr\/resistance\/?page_id=1557\">Ouzouer-sur-Loire<\/a> quand il se heurte \u00e0 un barrage allemand. Les F.F.I parviennent \u00e0 forcer le barrage mais cinq d&rsquo;entre eux y laissent la vie. Les Allemands, m\u00e9contents d&rsquo;avoir laiss\u00e9 passer les maquisards, d\u00e9cident de tirer sur tous ceux qu&rsquo;ils rencontrent dans les environs. Ainsi, ils tuent quatre personnes dans le village d&rsquo;Ouzouer, dont un enfant de cinq ans. A tous ces crimes vient s&rsquo;ajouter le drame survenu \u00e0&nbsp; l&rsquo;Etang des Bois&nbsp;: le garde forestier <a href=\"https:\/\/maquisdelorris.fr\/resistance\/?page_id=1562\">M.Boussogne<\/a> est assassin\u00e9. Non loin de l\u00e0, <a href=\"https:\/\/maquisdelorris.fr\/resistance\/?page_id=1562\">quatre maquisards<\/a> sont abattus \u00e0 leur tour par les Allemands. Pour clore cette longue liste de victimes, il faut parler de deux hommes captur\u00e9s et fusill\u00e9s par l&rsquo;ennemi, ainsi que deux disparus qui, \u00e0 ce jour, n&rsquo;ont jamais \u00e9t\u00e9 retrouv\u00e9s.<\/p>\n\n\n\n<p>Aujourd&rsquo;hui, au carrefour d&rsquo;Orl\u00e9ans, un monument t\u00e9moigne de ces cinquante hommes courageux, qui jusqu&rsquo;au bout sont rest\u00e9s patriotes, ne trahissant en aucun cas leurs camarades.<\/p>\n\n\n<div class=\"wp-block-image\">\n<figure class=\"aligncenter is-resized\"><a href=\"https:\/\/maquisdelorris.fr\/resistance\/wp-content\/uploads\/2011\/04\/32.jpg\"><img loading=\"lazy\" decoding=\"async\" src=\"https:\/\/maquisdelorris.fr\/resistance\/wp-content\/uploads\/2011\/04\/32-1024x612.jpg\" alt=\"\" class=\"wp-image-404\" style=\"width:730px;height:436px\" width=\"730\" height=\"436\" srcset=\"https:\/\/maquisdelorris.fr\/resistance\/wp-content\/uploads\/2011\/04\/32-1024x612.jpg 1024w, https:\/\/maquisdelorris.fr\/resistance\/wp-content\/uploads\/2011\/04\/32-300x179.jpg 300w\" sizes=\"auto, (max-width: 730px) 100vw, 730px\" \/><\/a><figcaption class=\"wp-element-caption\">Maison foresti\u00e8re incendie par les Allemands 14 ao\u00fbt 1944 (Droits r\u00e9serv\u00e9s, Mus\u00e9e D\u00e9partemental de la R\u00e9sistance et de la D\u00e9portation, Lorris)<\/figcaption><\/figure>\n<\/div>\n\n<div class=\"wp-block-image\">\n<figure class=\"aligncenter is-resized\"><a href=\"https:\/\/maquisdelorris.fr\/resistance\/wp-content\/uploads\/2011\/04\/31.jpg\"><img loading=\"lazy\" decoding=\"async\" src=\"https:\/\/maquisdelorris.fr\/resistance\/wp-content\/uploads\/2011\/04\/31-1024x688.jpg\" alt=\"\" class=\"wp-image-405\" style=\"width:730px;height:498px\" width=\"730\" height=\"498\"\/><\/a><figcaption class=\"wp-element-caption\">Les ruines des baraquements du carrefour (Droits r\u00e9serv\u00e9s, Mus\u00e9e D\u00e9partemental de la R\u00e9sistance et de la D\u00e9portation, Lorris)<\/figcaption><\/figure>\n<\/div>\n\n<ol class=\"wp-block-footnotes\"><li id=\"77aae318-86c3-45a1-b3a0-6271aa02b53c\">selon les t\u00e9moignages des anciens, plusieurs soldats allemands portaient des uniformes noirs lors de l&rsquo;attaque du 14 ao\u00fbt, les laissant \u00e0 penser qu&rsquo;il s&rsquo;agissait de SS ; en r\u00e9alit\u00e9, il semble que\u00a0les r\u00e9giments de s\u00e9curit\u00e9 \u00e9taient habill\u00e9s avec des uniformes diff\u00e9rents puis\u00e9s dans les surplus, type camouflage ou noirs, \u00a0et \u00e9quip\u00e9s d&rsquo;armes et v\u00e9hicules r\u00e9cup\u00e9r\u00e9s \u00e0 droite et \u00e0 gauche.\u00a0Ce r\u00e9giment, de la Wehrmacht donc, \u00e9tait au service de la SD d&rsquo;Orl\u00e9ans, la Police de s\u00e9curit\u00e9 (Sicherheitsdienst, litt\u00e9ralement le \u00ab\u00a0service de la s\u00e9curit\u00e9\u00a0\u00bb, le\u00a0service de renseignements\u00a0de la\u00a0SS), qui pouvait avoir autorit\u00e9 sur la Wehrmacht et la SS. Cette\u00a0unit\u00e9 \u00e9tait le sous le commandement du capitaine Kubale, assist\u00e9 du lieutenant Lacase, commandant la 5\u00e8me compagnie,\u00a0et du capitaine Hahn, commandant la 8\u00e8me compagnie. (Un grand merci \u00e0 notre historien Beno\u00eet Thiault pour cet \u00e9clairage !) <a href=\"#77aae318-86c3-45a1-b3a0-6271aa02b53c-link\" aria-label=\"Aller \u00e0 la note de bas de page 1\">\u21a9\ufe0e<\/a><\/li><li id=\"3387aa46-8873-407b-a197-26c448b4d7d8\"><a href=\"https:\/\/maquisdelorris.fr\/resistance\/?page_id=5952\" target=\"_blank\" rel=\"noreferrer noopener\">Charles L\u00e9ger est d\u00e9c\u00e9d\u00e9 le 16 novembre 2016<\/a> <a href=\"#3387aa46-8873-407b-a197-26c448b4d7d8-link\" aria-label=\"Aller \u00e0 la note de bas de page 2\">\u21a9\ufe0e<\/a><\/li><\/ol>","protected":false},"excerpt":{"rendered":"<p>Le\u00a014 Ao\u00fbt au matin, l\u2019arm\u00e9e allemande encercle le carrefour d\u2019Orl\u00e9ans, pensant y trouver le camp du maquis. Il s&rsquo;agit du r\u00e9giment de s\u00e9curit\u00e9 1010, charg\u00e9 particuli\u00e8rement d&rsquo;\u00e9radiquer les poches de r\u00e9sistance en France. Originaire de Dampierre-en-Burly, Charles L\u00e9ger int\u00e8gre le maquis de Lorris au printemps 1944 dans la compagnie Robert. Il se distingue lors de &hellip; <\/p>\n<p><a class=\"more-link btn\" href=\"https:\/\/maquisdelorris.fr\/resistance\/?page_id=105\">Lire la suite<\/a><\/p>\n","protected":false},"author":5,"featured_media":0,"parent":49,"menu_order":8,"comment_status":"open","ping_status":"open","template":"","meta":{"footnotes":"[{\"content\":\"selon les t\u00e9moignages des anciens, plusieurs soldats allemands portaient des uniformes noirs lors de l'attaque du 14 ao\u00fbt, les laissant \u00e0 penser qu'il s'agissait de SS ; en r\u00e9alit\u00e9, il semble que\u00a0les r\u00e9giments de s\u00e9curit\u00e9 \u00e9taient habill\u00e9s avec des uniformes diff\u00e9rents puis\u00e9s dans les surplus, type camouflage ou noirs, \u00a0et \u00e9quip\u00e9s d'armes et v\u00e9hicules r\u00e9cup\u00e9r\u00e9s \u00e0 droite et \u00e0 gauche.\u00a0Ce r\u00e9giment, de la Wehrmacht donc, \u00e9tait au service de la SD d'Orl\u00e9ans, la Police de s\u00e9curit\u00e9 (Sicherheitsdienst, litt\u00e9ralement le \u00ab\u00a0service de la s\u00e9curit\u00e9\u00a0\u00bb, le\u00a0service de renseignements\u00a0de la\u00a0SS), qui pouvait avoir autorit\u00e9 sur la Wehrmacht et la SS. Cette\u00a0unit\u00e9 \u00e9tait le sous le commandement du capitaine Kubale, assist\u00e9 du lieutenant Lacase, commandant la 5\u00e8me compagnie,\u00a0et du capitaine Hahn, commandant la 8\u00e8me compagnie. (Un grand merci \u00e0 notre historien Beno\u00eet Thiault pour cet \u00e9clairage !)\",\"id\":\"77aae318-86c3-45a1-b3a0-6271aa02b53c\"},{\"content\":\"<a href=\\\"http:\/\/maquisdelorris.fr\/resistance\/?page_id=5952\\\" target=\\\"_blank\\\" rel=\\\"noreferrer noopener\\\">Charles L\u00e9ger est d\u00e9c\u00e9d\u00e9 le 16 novembre 2016<\/a>\",\"id\":\"3387aa46-8873-407b-a197-26c448b4d7d8\"}]"},"class_list":["post-105","page","type-page","status-publish","hentry","nodate","item-wrap"],"aioseo_notices":[],"_links":{"self":[{"href":"https:\/\/maquisdelorris.fr\/resistance\/index.php?rest_route=\/wp\/v2\/pages\/105","targetHints":{"allow":["GET"]}}],"collection":[{"href":"https:\/\/maquisdelorris.fr\/resistance\/index.php?rest_route=\/wp\/v2\/pages"}],"about":[{"href":"https:\/\/maquisdelorris.fr\/resistance\/index.php?rest_route=\/wp\/v2\/types\/page"}],"author":[{"embeddable":true,"href":"https:\/\/maquisdelorris.fr\/resistance\/index.php?rest_route=\/wp\/v2\/users\/5"}],"replies":[{"embeddable":true,"href":"https:\/\/maquisdelorris.fr\/resistance\/index.php?rest_route=%2Fwp%2Fv2%2Fcomments&post=105"}],"version-history":[{"count":0,"href":"https:\/\/maquisdelorris.fr\/resistance\/index.php?rest_route=\/wp\/v2\/pages\/105\/revisions"}],"up":[{"embeddable":true,"href":"https:\/\/maquisdelorris.fr\/resistance\/index.php?rest_route=\/wp\/v2\/pages\/49"}],"wp:attachment":[{"href":"https:\/\/maquisdelorris.fr\/resistance\/index.php?rest_route=%2Fwp%2Fv2%2Fmedia&parent=105"}],"curies":[{"name":"wp","href":"https:\/\/api.w.org\/{rel}","templated":true}]}}