{"id":109,"date":"2011-04-30T14:38:48","date_gmt":"2011-04-30T14:38:48","guid":{"rendered":"http:\/\/maquisdelorris.fr\/resistance\/?page_id=109"},"modified":"2023-08-14T16:56:51","modified_gmt":"2023-08-14T16:56:51","slug":"le-carrefour-de-la-resistance","status":"publish","type":"page","link":"https:\/\/maquisdelorris.fr\/resistance\/?page_id=109","title":{"rendered":"Le Carrefour de la R\u00e9sistance"},"content":{"rendered":"\n<p>D\u00e8s 1945, un m\u00e9morial a \u00e9t\u00e9 \u00e9rig\u00e9 au Carrefour d\u2019Orl\u00e9ans devenu le Carrefour de la R\u00e9sistance et une Amicale des Anciens du Maquis perp\u00e9tue chaque ann\u00e9e le souvenir des \u00e9v\u00e9nements tragiques qui ont fortement marqu\u00e9 l\u2019histoire locale.<\/p>\n\n\n<div class=\"wp-block-image\">\n<figure class=\"aligncenter is-resized\"><a href=\"https:\/\/maquisdelorris.fr\/resistance\/wp-content\/uploads\/2011\/03\/C\u00e9r\u00e9monie-nov.44-2.bmp\"><img loading=\"lazy\" decoding=\"async\" src=\"https:\/\/maquisdelorris.fr\/resistance\/wp-content\/uploads\/2011\/03\/C\u00e9r\u00e9monie-nov.44-2.bmp\" alt=\"\" style=\"width:646px;height:431px\" width=\"646\" height=\"431\"\/><\/a><figcaption class=\"wp-element-caption\">C\u00e9r\u00e9monie d&rsquo;hommage aux tu\u00e9s du 14 ao\u00fbt 1944, Carrefour de la R\u00e9sistance, 1945 (Droits r\u00e9serv\u00e9s, AFAAM)<\/figcaption><\/figure>\n<\/div>\n\n<div class=\"wp-block-image\">\n<figure class=\"aligncenter is-resized\"><a href=\"https:\/\/maquisdelorris.fr\/resistance\/wp-content\/uploads\/2011\/03\/C\u00e9r\u00e9monie-nov.1944.jpg\"><img loading=\"lazy\" decoding=\"async\" src=\"https:\/\/maquisdelorris.fr\/resistance\/wp-content\/uploads\/2011\/03\/C\u00e9r\u00e9monie-nov.1944.jpg\" alt=\"\" style=\"width:695px;height:408px\" width=\"695\" height=\"408\"\/><\/a><figcaption class=\"wp-element-caption\">Les premi\u00e8res tombes des victimes du 14 ao\u00fbt 1944, Carrefour de la R\u00e9sistance, 1945 (Droits r\u00e9serv\u00e9s, AFAAM)<\/figcaption><\/figure>\n<\/div>\n\n<div class=\"wp-block-image\">\n<figure class=\"aligncenter size-large is-resized\"><a href=\"https:\/\/maquisdelorris.fr\/resistance\/wp-content\/uploads\/2023\/08\/Cimetiere-maquisards-1946.jpg\"><img loading=\"lazy\" decoding=\"async\" src=\"https:\/\/maquisdelorris.fr\/resistance\/wp-content\/uploads\/2023\/08\/Cimetiere-maquisards-1946-1024x678.jpg\" alt=\"\" class=\"wp-image-8323\" style=\"width:543px;height:360px\" width=\"543\" height=\"360\" srcset=\"https:\/\/maquisdelorris.fr\/resistance\/wp-content\/uploads\/2023\/08\/Cimetiere-maquisards-1946-1024x678.jpg 1024w, https:\/\/maquisdelorris.fr\/resistance\/wp-content\/uploads\/2023\/08\/Cimetiere-maquisards-1946-300x199.jpg 300w, https:\/\/maquisdelorris.fr\/resistance\/wp-content\/uploads\/2023\/08\/Cimetiere-maquisards-1946-768x508.jpg 768w, https:\/\/maquisdelorris.fr\/resistance\/wp-content\/uploads\/2023\/08\/Cimetiere-maquisards-1946-1536x1017.jpg 1536w, https:\/\/maquisdelorris.fr\/resistance\/wp-content\/uploads\/2023\/08\/Cimetiere-maquisards-1946-640x424.jpg 640w, https:\/\/maquisdelorris.fr\/resistance\/wp-content\/uploads\/2023\/08\/Cimetiere-maquisards-1946-969x641.jpg 969w, https:\/\/maquisdelorris.fr\/resistance\/wp-content\/uploads\/2023\/08\/Cimetiere-maquisards-1946.jpg 1644w\" sizes=\"auto, (max-width: 543px) 100vw, 543px\" \/><\/a><figcaption class=\"wp-element-caption\">L&rsquo;alignement des tombes, Carrefour de la R\u00e9sistance, 1946 (Droits r\u00e9serv\u00e9s, AFAAM)<\/figcaption><\/figure>\n<\/div>\n\n<div class=\"wp-block-image\">\n<figure class=\"aligncenter is-resized\"><img loading=\"lazy\" decoding=\"async\" src=\"https:\/\/maquisdelorris.fr\/resistance\/wp-content\/uploads\/2011\/04\/morts-pour-la-france-828x1024.jpg\" alt=\"\" class=\"wp-image-265\" style=\"width:521px;height:644px\" width=\"521\" height=\"644\" srcset=\"https:\/\/maquisdelorris.fr\/resistance\/wp-content\/uploads\/2011\/04\/morts-pour-la-france-828x1024.jpg 828w, https:\/\/maquisdelorris.fr\/resistance\/wp-content\/uploads\/2011\/04\/morts-pour-la-france-242x300.jpg 242w, https:\/\/maquisdelorris.fr\/resistance\/wp-content\/uploads\/2011\/04\/morts-pour-la-france.jpg 1384w\" sizes=\"auto, (max-width: 521px) 100vw, 521px\" \/><figcaption class=\"wp-element-caption\">Les noms des victimes du maquis figurent en bonne place sur le monument<\/figcaption><\/figure>\n<\/div>\n\n\n\n\n\n\n<p class=\"has-text-align-center\"><strong>Zoomez sur la zone que vous voulez explorer, en mode Plan ou Satellite, et&nbsp;cliquez sur les rep\u00e8res pour afficher plus d&rsquo;informations, d&rsquo;autres photos ou documents<\/strong><\/p>\n\n\n<div class=\"wp-block-image\">\n<figure class=\"aligncenter size-large is-resized\"><a href=\"https:\/\/maquisdelorris.fr\/resistance\/wp-content\/uploads\/2023\/08\/Carte-Carrefour-1-scaled.jpg\"><img loading=\"lazy\" decoding=\"async\" src=\"https:\/\/maquisdelorris.fr\/resistance\/wp-content\/uploads\/2023\/08\/Carte-Carrefour-1-864x1024.jpg\" alt=\"\" class=\"wp-image-8446\" style=\"width:428px;height:507px\" width=\"428\" height=\"507\" srcset=\"https:\/\/maquisdelorris.fr\/resistance\/wp-content\/uploads\/2023\/08\/Carte-Carrefour-1-864x1024.jpg 864w, https:\/\/maquisdelorris.fr\/resistance\/wp-content\/uploads\/2023\/08\/Carte-Carrefour-1-253x300.jpg 253w, https:\/\/maquisdelorris.fr\/resistance\/wp-content\/uploads\/2023\/08\/Carte-Carrefour-1-768x911.jpg 768w, https:\/\/maquisdelorris.fr\/resistance\/wp-content\/uploads\/2023\/08\/Carte-Carrefour-1-1295x1536.jpg 1295w, https:\/\/maquisdelorris.fr\/resistance\/wp-content\/uploads\/2023\/08\/Carte-Carrefour-1-1727x2048.jpg 1727w, https:\/\/maquisdelorris.fr\/resistance\/wp-content\/uploads\/2023\/08\/Carte-Carrefour-1-640x759.jpg 640w, https:\/\/maquisdelorris.fr\/resistance\/wp-content\/uploads\/2023\/08\/Carte-Carrefour-1-969x1149.jpg 969w\" sizes=\"auto, (max-width: 428px) 100vw, 428px\" \/><\/a><\/figure>\n<\/div>\n\n\n<p>D\u00e8s la fin de la guerre, les anciens du Maquis de Lorris d\u00e9cident de se regrouper dans une amicale, l&rsquo;Amicale des Anciens du Maquis de Lorris, et d&rsquo;\u00e9difier un monument \u00e0 la m\u00e9moire de leurs compagnons morts pour la France. Ce monument trouvera naturellement sa place au carrefour d&rsquo;Orl\u00e9ans, th\u00e9\u00e2tre des massacres du 14 ao\u00fbt 1944, rebaptis\u00e9 Carrefour de la R\u00e9sistance.<\/p>\n\n\n<div class=\"wp-block-image\">\n<figure class=\"aligncenter is-resized\"><a href=\"https:\/\/maquisdelorris.fr\/resistance\/?attachment_id=4324\" rel=\"attachment wp-att-4324\"><img loading=\"lazy\" decoding=\"async\" src=\"https:\/\/maquisdelorris.fr\/resistance\/wp-content\/uploads\/2016\/11\/R\u00e9union-maquisards-lorris.jpg\" alt=\"reunion-maquisards-lorris\" class=\"wp-image-4324\" style=\"width:539px;height:401px\" width=\"539\" height=\"401\" srcset=\"https:\/\/maquisdelorris.fr\/resistance\/wp-content\/uploads\/2016\/11\/R\u00e9union-maquisards-lorris.jpg 1709w, https:\/\/maquisdelorris.fr\/resistance\/wp-content\/uploads\/2016\/11\/R\u00e9union-maquisards-lorris-300x223.jpg 300w, https:\/\/maquisdelorris.fr\/resistance\/wp-content\/uploads\/2016\/11\/R\u00e9union-maquisards-lorris-768x572.jpg 768w, https:\/\/maquisdelorris.fr\/resistance\/wp-content\/uploads\/2016\/11\/R\u00e9union-maquisards-lorris-1024x763.jpg 1024w\" sizes=\"auto, (max-width: 539px) 100vw, 539px\" \/><\/a><figcaption class=\"wp-element-caption\">Devant la maison foresti\u00e8re de Lorris, Carrefour de la R\u00e9sistance, les anciens maquisards prennent la pose, 1946 (Cliquez pour agrandir &#8211; Droits r\u00e9serv\u00e9s, AFAAM)<\/figcaption><\/figure>\n<\/div>\n\n\n<p>Aujourd&rsquo;hui, c&rsquo;est l&rsquo;<a title=\"AFAAM\" href=\"https:\/\/maquisdelorris.fr\/resistance\/?page_id=1145\">AFAAM, l&rsquo;Association des Familles et Amis du Maquis de Lorris<\/a>&nbsp;qui perp\u00e9tue le souvenir.<\/p>\n\n\n\n<p>L\u2019implantation d\u2019un <a href=\"https:\/\/maquisdelorris.fr\/resistance\/?page_id=490\" target=\"_blank\" rel=\"noopener\" title=\"\">Mus\u00e9e D\u00e9partemental de la R\u00e9sistance et de la D\u00e9portation \u00e0 Lorris<\/a> en 1988 est la reconnaissance de l\u2019importance de l\u2019histoire du Maquis et&nbsp; de la R\u00e9sistance dans le Loiret.<\/p>\n\n\n<div class=\"wp-block-image\">\n<figure class=\"aligncenter is-resized\"><a href=\"https:\/\/maquisdelorris.fr\/resistance\/?attachment_id=4632\" rel=\"attachment wp-att-4632\"><img loading=\"lazy\" decoding=\"async\" src=\"https:\/\/maquisdelorris.fr\/resistance\/wp-content\/uploads\/2017\/08\/Plan-Carrefour-AFAAM-4-maisons.jpg\" alt=\"\" class=\"wp-image-4632\" style=\"width:736px;height:532px\" width=\"736\" height=\"532\" srcset=\"https:\/\/maquisdelorris.fr\/resistance\/wp-content\/uploads\/2017\/08\/Plan-Carrefour-AFAAM-4-maisons.jpg 1533w, https:\/\/maquisdelorris.fr\/resistance\/wp-content\/uploads\/2017\/08\/Plan-Carrefour-AFAAM-4-maisons-300x217.jpg 300w, https:\/\/maquisdelorris.fr\/resistance\/wp-content\/uploads\/2017\/08\/Plan-Carrefour-AFAAM-4-maisons-768x556.jpg 768w, https:\/\/maquisdelorris.fr\/resistance\/wp-content\/uploads\/2017\/08\/Plan-Carrefour-AFAAM-4-maisons-1024x741.jpg 1024w\" sizes=\"auto, (max-width: 736px) 100vw, 736px\" \/><\/a><\/figure>\n<\/div>\n\n\n<p><span style=\"color: #ffffff;\">____________________________________________________________________________________________________________<\/span><\/p>\n\n\n<div class=\"wp-block-image\">\n<figure class=\"aligncenter is-resized\"><a href=\"https:\/\/maquisdelorris.fr\/resistance\/wp-content\/uploads\/2011\/04\/le-m\u00e9morial-aujourdhui.jpg\"><img loading=\"lazy\" decoding=\"async\" src=\"https:\/\/maquisdelorris.fr\/resistance\/wp-content\/uploads\/2011\/04\/le-m\u00e9morial-aujourdhui-1024x642.jpg\" alt=\"\" class=\"wp-image-268\" style=\"width:690px;height:430px\" width=\"690\" height=\"430\"\/><\/a><figcaption class=\"wp-element-caption\">Le monument du Carrefour de la R\u00e9sistance, et la tombe du colonel Marc O&rsquo;Neill, chef du Maquis de Lorris<\/figcaption><\/figure>\n<\/div>\n\n<div class=\"wp-block-image\">\n<figure class=\"aligncenter is-resized\"><a href=\"https:\/\/maquisdelorris.fr\/resistance\/wp-content\/uploads\/2011\/04\/cimeti\u00e8re-carrefour.jpg\"><img loading=\"lazy\" decoding=\"async\" src=\"https:\/\/maquisdelorris.fr\/resistance\/wp-content\/uploads\/2011\/04\/cimeti\u00e8re-carrefour-1024x768.jpg\" alt=\"\" class=\"wp-image-271\" style=\"width:600px;height:452px\" width=\"600\" height=\"452\"\/><\/a><figcaption class=\"wp-element-caption\">Le cimeti\u00e8re du Carrefour de la R\u00e9sistance<\/figcaption><\/figure>\n<\/div>\n\n<div class=\"wp-block-image\">\n<figure class=\"aligncenter is-resized\"><a href=\"https:\/\/maquisdelorris.fr\/resistance\/wp-content\/uploads\/2013\/09\/4.2013-Salut-des-drapeaux.jpg\"><img loading=\"lazy\" decoding=\"async\" src=\"https:\/\/maquisdelorris.fr\/resistance\/wp-content\/uploads\/2013\/09\/4.2013-Salut-des-drapeaux-1024x768.jpg\" alt=\"C\u00e9r\u00e9monie au Carrefour, 11 ao\u00fbt 2013\" class=\"wp-image-2103\" style=\"width:600px;height:446px\" width=\"600\" height=\"446\"\/><\/a><figcaption class=\"wp-element-caption\">La c\u00e9r\u00e9monie a lieu chaque ann\u00e9e au Carrefour, le dimanche pr\u00e9c\u00e9dant le 14 ao\u00fbt, date de l&rsquo;attaque du maquis par les Allemands, puis \u00e0 partir de 2023 le dimanche pr\u00e9c\u00e9dent le 15 septembre, date de la dissolution du maquis le 15 septembre 1944 (Droits r\u00e9serv\u00e9s, AFAAM, Carrefour de la R\u00e9sistance, 11 ao\u00fbt 2013)<\/figcaption><\/figure>\n<\/div>\n\n\n<p>Pour pr\u00e9parer ces c\u00e9r\u00e9monies annuelles, l\u2019<a href=\"https:\/\/maquisdelorris.fr\/resistance\/?page_id=1145\">AFAAM<\/a> a entrepris, avec le concours de l\u2019<a href=\"http:\/\/www.onf.fr\/\" target=\"_blank\" rel=\"noopener noreferrer\">ONF<\/a> et du <a href=\"https:\/\/maquisdelorris.fr\/resistance\/?page_id=490\" target=\"_blank\" rel=\"noopener noreferrer\">Mus\u00e9e d\u00e9partemental de la R\u00e9sistance et de la D\u00e9portation de Lorris<\/a>, la r\u00e9daction et la confection de nouveaux panneaux d\u2019information au Carrefour en 2014 \u00e0 l&rsquo;occasion du 70<sup>\u00e8me&nbsp;<\/sup>anniversaire de&nbsp;<a href=\"https:\/\/maquisdelorris.fr\/resistance\/?page_id=105\" target=\"_blank\" rel=\"noopener noreferrer\">l\u2019attaque allemande&nbsp;du 14 ao\u00fbt 1944<\/a>. Une nouvelle signal\u00e9tique plus explicite pour permettre aux promeneurs de se guider plus ais\u00e9ment vers les points embl\u00e9matiques en for\u00eat comme le camp du Ravoir ou le garage notamment.<\/p>\n\n\n\n<p>Un grand projet d&rsquo;am\u00e9nagement du carrefour, intitul\u00e9 <a href=\"https:\/\/maquisdelorris.fr\/resistance\/?page_id=3748#Les%20activit%C3%A9s%20de%20l%E2%80%99AFAAM%20en%202022-2023\" target=\"_blank\" rel=\"noopener\" title=\"\">\u00ab\u00a0Aux sources de la M\u00e9moire\u00a0\u00bb<\/a>, est lanc\u00e9 en 2023 afin de d\u00e9velopper son attractivit\u00e9 en inaugurant un v\u00e9ritable parcours m\u00e9moriel rendant hommage \u00e0 ce haut lieu de la r\u00e9sistance et de l\u2019exploitation foresti\u00e8re.<\/p>\n\n\n<div class=\"wp-block-image\">\n<figure class=\"alignleft is-resized\"><a href=\"https:\/\/maquisdelorris.fr\/resistance\/wp-content\/uploads\/2014\/03\/IMG_1245.jpg\"><img loading=\"lazy\" decoding=\"async\" src=\"https:\/\/maquisdelorris.fr\/resistance\/wp-content\/uploads\/2014\/03\/IMG_1245-1024x768.jpg\" alt=\"IMG_1245\" class=\"wp-image-2344\" style=\"width:548px;height:410px\" width=\"548\" height=\"410\" srcset=\"https:\/\/maquisdelorris.fr\/resistance\/wp-content\/uploads\/2014\/03\/IMG_1245-1024x768.jpg 1024w, https:\/\/maquisdelorris.fr\/resistance\/wp-content\/uploads\/2014\/03\/IMG_1245-300x225.jpg 300w\" sizes=\"auto, (max-width: 548px) 100vw, 548px\" \/><\/a><\/figure>\n<\/div>\n\n<div class=\"wp-block-image\">\n<figure class=\"alignright is-resized\"><a href=\"https:\/\/maquisdelorris.fr\/resistance\/wp-content\/uploads\/2014\/03\/IMG_1233.jpg\"><img loading=\"lazy\" decoding=\"async\" src=\"https:\/\/maquisdelorris.fr\/resistance\/wp-content\/uploads\/2014\/03\/IMG_1233-300x225.jpg\" alt=\"IMG_1233\" class=\"wp-image-2343\" style=\"width:341px;height:256px\" width=\"341\" height=\"256\" srcset=\"https:\/\/maquisdelorris.fr\/resistance\/wp-content\/uploads\/2014\/03\/IMG_1233-300x225.jpg 300w, https:\/\/maquisdelorris.fr\/resistance\/wp-content\/uploads\/2014\/03\/IMG_1233-1024x768.jpg 1024w\" sizes=\"auto, (max-width: 341px) 100vw, 341px\" \/><\/a><\/figure>\n<\/div>","protected":false},"excerpt":{"rendered":"<p>D\u00e8s 1945, un m\u00e9morial a \u00e9t\u00e9 \u00e9rig\u00e9 au Carrefour d\u2019Orl\u00e9ans devenu le Carrefour de la R\u00e9sistance et une Amicale des Anciens du Maquis perp\u00e9tue chaque ann\u00e9e le souvenir des \u00e9v\u00e9nements tragiques qui ont fortement marqu\u00e9 l\u2019histoire locale. Zoomez sur la zone que vous voulez explorer, en mode Plan ou Satellite, et&nbsp;cliquez sur les rep\u00e8res pour &hellip; <\/p>\n<p><a class=\"more-link btn\" href=\"https:\/\/maquisdelorris.fr\/resistance\/?page_id=109\">Lire la suite<\/a><\/p>\n","protected":false},"author":5,"featured_media":2726,"parent":44,"menu_order":2,"comment_status":"open","ping_status":"open","template":"","meta":{"footnotes":""},"class_list":["post-109","page","type-page","status-publish","has-post-thumbnail","hentry","nodate","item-wrap"],"aioseo_notices":[],"_links":{"self":[{"href":"https:\/\/maquisdelorris.fr\/resistance\/index.php?rest_route=\/wp\/v2\/pages\/109","targetHints":{"allow":["GET"]}}],"collection":[{"href":"https:\/\/maquisdelorris.fr\/resistance\/index.php?rest_route=\/wp\/v2\/pages"}],"about":[{"href":"https:\/\/maquisdelorris.fr\/resistance\/index.php?rest_route=\/wp\/v2\/types\/page"}],"author":[{"embeddable":true,"href":"https:\/\/maquisdelorris.fr\/resistance\/index.php?rest_route=\/wp\/v2\/users\/5"}],"replies":[{"embeddable":true,"href":"https:\/\/maquisdelorris.fr\/resistance\/index.php?rest_route=%2Fwp%2Fv2%2Fcomments&post=109"}],"version-history":[{"count":0,"href":"https:\/\/maquisdelorris.fr\/resistance\/index.php?rest_route=\/wp\/v2\/pages\/109\/revisions"}],"up":[{"embeddable":true,"href":"https:\/\/maquisdelorris.fr\/resistance\/index.php?rest_route=\/wp\/v2\/pages\/44"}],"wp:featuredmedia":[{"embeddable":true,"href":"https:\/\/maquisdelorris.fr\/resistance\/index.php?rest_route=\/wp\/v2\/media\/2726"}],"wp:attachment":[{"href":"https:\/\/maquisdelorris.fr\/resistance\/index.php?rest_route=%2Fwp%2Fv2%2Fmedia&parent=109"}],"curies":[{"name":"wp","href":"https:\/\/api.w.org\/{rel}","templated":true}]}}