{"id":1258,"date":"2013-03-23T13:53:59","date_gmt":"2013-03-23T13:53:59","guid":{"rendered":"http:\/\/maquisdelorris.fr\/resistance\/?page_id=1258"},"modified":"2019-08-12T13:16:03","modified_gmt":"2019-08-12T13:16:03","slug":"lordre-de-la-liberation","status":"publish","type":"page","link":"https:\/\/maquisdelorris.fr\/resistance\/?page_id=1258","title":{"rendered":"Les Compagnons de la Lib\u00e9ration"},"content":{"rendered":"\n<h4 class=\"wp-block-heading\"><strong>L\u2019Ordre de la Lib\u00e9ration<\/strong><\/h4>\n\n\n\n<p>Cet article sur l&rsquo;Ordre de la Lib\u00e9ration a \u00e9t\u00e9 \u00e9tabli par&nbsp;<span style=\"text-decoration: underline;\">Monsieur Etienne JACHEET<\/span>, D\u00e9l\u00e9gu\u00e9 d\u00e9partemental de la &nbsp;<a href=\"http:\/\/www.france-libre.net\/\" target=\"_blank\" rel=\"noopener noreferrer\">Fondation de la France Libre<\/a>, et&nbsp;valid\u00e9 par le Conservateur de l&rsquo;Ordre de la Lib\u00e9ration, Monsieur Vladimir TROUPLIN.<\/p>\n\n\n\n<p>Cet article a \u00e9t\u00e9 publi\u00e9 sur le site de la commune de Boigny sur Bionne&nbsp;&nbsp;en relation avec l&rsquo;hommage qui a \u00e9t\u00e9 rendu \u00e0&nbsp;Andr\u00e9 THOREAU,Compagnon de la Lib\u00e9ration et ancien de la 1ere D.F.L, &nbsp;le 8 mai&nbsp;2010 :<\/p>\n\n\n\n<p>Le g\u00e9n\u00e9ral de Gaulle a cr\u00e9\u00e9 cet ordre prestigieux par l\u2019ordonnance n\u00b0 7 sign\u00e9e \u00e0 Brazzaville, capitale de l\u2019Afrique&nbsp;Equatoriale Fran\u00e7aise Libre, le 16 novembre 1940.&nbsp;Il est le deuxi\u00e8me Ordre National Fran\u00e7ais apr\u00e8s la L\u00e9gion d&rsquo;Honneur.&nbsp;Il \u00e9tait destin\u00e9 \u00ab \u00e0 r\u00e9compenser les personnes ou les collectivit\u00e9s militaires et civiles qui se seront signal\u00e9es dans l\u2019oeuvre&nbsp;de lib\u00e9ration de la France et de son Empire \u00bb.<br>\nL&rsquo;Ordre ne comporte qu&rsquo;un seul grade. Ses titulaires ont droit au titre de \u00ab Compagnon de la Lib\u00e9ration \u00bb Le g\u00e9n\u00e9ral de&nbsp;Gaulle en a \u00e9t\u00e9 le seul Grand Ma\u00eetre mais sept chanceliers ont pr\u00e9sid\u00e9 successivement aux destin\u00e9es de l&rsquo;Ordre : l&rsquo;amiral Georges Thierry d&rsquo;Argenlieu, Le g\u00e9n\u00e9ral Fran\u00e7ois Ingold, Claude Hettier de Boislambert, Le g\u00e9n\u00e9ral d&rsquo;arm\u00e9e&nbsp;Jean Simon, Le g\u00e9n\u00e9ral d&rsquo;arm\u00e9e Alain de Boissieu, Pierre Messmer et le professeur Fran\u00e7ois Jacob (prix Nobel de&nbsp;m\u00e9decine en 1965), est l\u2019actuel chancelier depuis 2007.<\/p>\n\n\n\n<div class=\"wp-block-image\"><figure class=\"alignright is-resized\"><a href=\"https:\/\/maquisdelorris.fr\/resistance\/wp-content\/uploads\/2013\/03\/M\u00e9dailles.jpg\"><img loading=\"lazy\" decoding=\"async\" src=\"https:\/\/maquisdelorris.fr\/resistance\/wp-content\/uploads\/2013\/03\/M\u00e9dailles.jpg\" alt=\"M\u00e9dailles\" class=\"wp-image-1273\" width=\"447\" height=\"674\" srcset=\"https:\/\/maquisdelorris.fr\/resistance\/wp-content\/uploads\/2013\/03\/M\u00e9dailles.jpg 578w, https:\/\/maquisdelorris.fr\/resistance\/wp-content\/uploads\/2013\/03\/M\u00e9dailles-198x300.jpg 198w\" sizes=\"auto, (max-width: 447px) 100vw, 447px\" \/><\/a><figcaption>Source : http:\/\/www.ordredelaliberation.fr<\/figcaption><\/figure><\/div>\n\n\n\n<p>L&rsquo;insigne de l&rsquo;Ordre est la Croix de la Lib\u00e9ration. Elle consiste en un \u00e9cu de bronze rectangulaire portant un glaive,&nbsp;surcharg\u00e9 d&rsquo;une croix de Lorraine et portant au revers la devise : \u00ab\u00a0PATRIAM SERVANDO VICTORIAM TULIT\u00a0\u00bb (\u00ab En&nbsp;servant la Patrie, il a remport\u00e9 la Victoire \u00bb). Le ruban de la d\u00e9coration, alliant le noir du deuil au vert de l&rsquo;esp\u00e9rance,&nbsp;symbolise l&rsquo;\u00e9tat de la France en 1940.<br>\n18 unit\u00e9s militaires des arm\u00e9es de terre, de mer et de l\u2019air, 5 communes (Nantes, Grenoble, Paris, Vassieux en Vercors&nbsp;et l\u2019Ile de Sein), ainsi que 1038 Compagnons, ont re\u00e7u cette prestigieuse d\u00e9coration. En 1940, 10 % des futurs&nbsp;Compagnons n\u2019ont pas 20 ans.<br>\nElle a \u00e9t\u00e9 d\u00e9cern\u00e9e \u00e0 titre posthume \u00e0 271 personnes.<br>\n149 Compagnons sont n\u00e9s \u00e0 l\u2019\u00e9tranger ou dans des colonies fran\u00e7aises de l\u2019\u00e9poque soit un total aujourd\u2019hui de 46 pays.<br>\n70 Compagnons sont \u00e9trangers et sont n\u00e9s dans 25 pays ou colonies fran\u00e7aises de l\u2019\u00e9poque.<br>\nQuatre de ces \u00ab \u00e9trangers \u00bb sont des personnages tr\u00e8s c\u00e9l\u00e8bres : le G\u00e9n\u00e9ral EISENHOWER, le Roi du Maroc,<br>\nMohammed V, Sir Winston CHURCHILL, et, en 1960 \u00e0 titre posthume, le dernier des Compagnons nomm\u00e9s, le Roi<br>\nGeorge VI, p\u00e8re de la Reine d\u2019Angleterre actuelle, Elisabeth II.<br>\nParmi les Compagnons, 729 sont issus de la France Libre, 54 (dont 2 ont \u00e9t\u00e9 d\u00e9port\u00e9s) sont Fran\u00e7ais Libres et R\u00e9sistants&nbsp;de l\u2019int\u00e9rieur et enfin 251 (dont 41 ont \u00e9t\u00e9 d\u00e9port\u00e9s) sont issus de la R\u00e9sistance int\u00e9rieure.<br>\nA la date du 14 f\u00e9vrier 2010, 43 Compagnons \u00e9taient encore en vie. Les lecteurs pourront lire, sur le site&nbsp;www.ordredelaliberation.fr, les biographies de chacun des 1038 Compagnons.<\/p>\n\n\n\n<div class=\"wp-block-image\"><figure class=\"alignleft is-resized\"><a href=\"https:\/\/maquisdelorris.fr\/resistance\/wp-content\/uploads\/2013\/03\/M\u00e9daille-r\u00e9sistance-Fran\u00e7aise.jpg\"><img loading=\"lazy\" decoding=\"async\" src=\"https:\/\/maquisdelorris.fr\/resistance\/wp-content\/uploads\/2013\/03\/M\u00e9daille-r\u00e9sistance-Fran\u00e7aise.jpg\" alt=\"M\u00e9daille r\u00e9sistance Fran\u00e7aise\" class=\"wp-image-1302\" width=\"165\" height=\"291\" srcset=\"https:\/\/maquisdelorris.fr\/resistance\/wp-content\/uploads\/2013\/03\/M\u00e9daille-r\u00e9sistance-Fran\u00e7aise.jpg 187w, https:\/\/maquisdelorris.fr\/resistance\/wp-content\/uploads\/2013\/03\/M\u00e9daille-r\u00e9sistance-Fran\u00e7aise-170x300.jpg 170w\" sizes=\"auto, (max-width: 165px) 100vw, 165px\" \/><\/a><figcaption>Source : http:\/\/www.ordredela<br>liberation.fr<\/figcaption><\/figure><\/div>\n\n\n\n<p>Six femmes ont \u00e9t\u00e9 d\u00e9cor\u00e9es de la croix de la Lib\u00e9ration. Les unit\u00e9s combattantes de la France Libre n\u2019accueillant pas de&nbsp;femmes \u00e0 l\u2019\u00e9poque, une deuxi\u00e8me d\u00e9coration, cr\u00e9\u00e9e par le g\u00e9n\u00e9ral de Gaulle, a \u00e9t\u00e9 institu\u00e9e par une nouvelle&nbsp;ordonnance du 9 f\u00e9vrier 1943 : la M\u00e9daille de la R\u00e9sistance Fran\u00e7aise.<br>\nSon objet \u00e9tait de \u00ab\u00a0reconna\u00eetre les actes remarquables de foi et de courage qui, en France, dans l&rsquo;Empire et \u00e0 l&rsquo;\u00e9tranger,&nbsp;auront contribu\u00e9 \u00e0 la r\u00e9sistance du peuple fran\u00e7ais contre l&rsquo;ennemi et contre ses complices depuis le 18 juin 1940.\u00a0\u00bb&nbsp;Elle a \u00e9t\u00e9 conf\u00e9r\u00e9e \u00e0 environ 64 000 personnes dont 20 000 \u00e0 titre posthume et a permis de r\u00e9compenser de tr\u00e8s&nbsp;nombreuses femmes r\u00e9sistantes, dont beaucoup ont \u00e9t\u00e9 d\u00e9port\u00e9es. Elle a \u00e9t\u00e9 \u00e9galement attribu\u00e9e \u00e0 18 Collectivit\u00e9s&nbsp;Territoriales (17 villes ou villages de m\u00e9tropole, de Lyon ou Brest \u00e0 l&rsquo;Ile de Sein, et le Territoire de la Nouvelle-Cal\u00e9donie),&nbsp;\u00e0 21 unit\u00e9s militaires des trois arm\u00e9es et \u00e0 15 autres collectivit\u00e9s (Lyc\u00e9es, H\u00f4pitaux, Couvents, etc.).&nbsp;Deux ordonnances des 26 ao\u00fbt 1944 et 10 ao\u00fbt 1945, confirm\u00e9es par la loi du 26 mai 1999, fixant l&rsquo;avenir de l&rsquo;Ordre de la&nbsp;Lib\u00e9ration, ont consacr\u00e9 le lien organique entre cet Ordre et la M\u00e9daille de la R\u00e9sistance fran\u00e7aise.<\/p>\n\n\n\n<h4 class=\"wp-block-heading\"><span style=\"color: #ffffff;\">a<\/span><br>\n<strong>Le Mont Val\u00e9rien<\/strong><\/h4>\n\n\n\n<p>C\u2019est le lieu o\u00f9 sera enterr\u00e9 le dernier Compagnon de la Lib\u00e9ration, dans le caveau n\u00b09 de la crypte du M\u00e9morial de la&nbsp;France combattante. C&rsquo;est l\u00e0 que les Allemands fusill\u00e8rent, pendant l&rsquo;occupation, de 1940 \u00e0 1944, plus d&rsquo;un millier de&nbsp;r\u00e9sistants et d\u2019otages. Apr\u00e8s la guerre, le 18 juin 1946, le g\u00e9n\u00e9ral de Gaulle a consacr\u00e9 ce haut-lieu au cours d&rsquo;une&nbsp;c\u00e9r\u00e9monie d\u00e9di\u00e9e \u00e0 la m\u00e9moire des massacr\u00e9s et fusill\u00e9s. Le Gouvernement Provisoire de la R\u00e9publique Fran\u00e7aise&nbsp;d\u00e9cr\u00e8te qu&rsquo;un monument comm\u00e9moratif de la guerre 1939-1945 y sera \u00e9rig\u00e9. Une grande c\u00e9r\u00e9monie s&rsquo;y d\u00e9roule le 11&nbsp;novembre 1945. Quinze corps de combattants, dont les d\u00e9pouilles symbolisent la campagne de 1939-1940, la France&nbsp;Libre, la R\u00e9sistance Int\u00e9rieure et la D\u00e9portation, sont d\u00e9pos\u00e9s, au cours d&rsquo;une prise d&rsquo;armes solennelle, \u00e0 l&rsquo;Arc de&nbsp;Triomphe puis dans une crypte provisoire au Mont Val\u00e9rien. En 1952, un seizi\u00e8me corps, celui d\u2019un Fran\u00e7ais r\u00e9sistant&nbsp;d\u2019Indochine tu\u00e9 par les Japonais, les y rejoint. Chaque ann\u00e9e, le 18 juin, une c\u00e9r\u00e9monie est organis\u00e9e sous l&rsquo;\u00e9gide de la&nbsp;Chancellerie de l&rsquo;Ordre de la Lib\u00e9ration en pr\u00e9sence du Pr\u00e9sident de la R\u00e9publique. Le g\u00e9n\u00e9ral de Gaulle devenu&nbsp;Pr\u00e9sident de la R\u00e9publique d\u00e9cide de faire \u00e9difier au Mont Val\u00e9rien, le M\u00e9morial de la France Combattante. Au centre, se&nbsp;dresse une croix de Lorraine de 12 m\u00e8tres de haut. Le M\u00e9morial a \u00e9t\u00e9 inaugur\u00e9, le 18 juin 1960, par le g\u00e9n\u00e9ral de&nbsp;GAULLE. La veille, dans la nuit, lors d\u2019une imposante c\u00e9r\u00e9monie, les cercueils des seize combattants ont \u00e9t\u00e9 transf\u00e9r\u00e9s&nbsp;dans la crypte. Les corps, ensevelis dans des caveaux creus\u00e9s dans le sol, entourent une urne contenant les cendres de&nbsp;d\u00e9port\u00e9s inconnus.<\/p>\n","protected":false},"excerpt":{"rendered":"<p>L\u2019Ordre de la Lib\u00e9ration Cet article sur l&rsquo;Ordre de la Lib\u00e9ration a \u00e9t\u00e9 \u00e9tabli par&nbsp;Monsieur Etienne JACHEET, D\u00e9l\u00e9gu\u00e9 d\u00e9partemental de la &nbsp;Fondation de la France Libre, et&nbsp;valid\u00e9 par le Conservateur de l&rsquo;Ordre de la Lib\u00e9ration, Monsieur Vladimir TROUPLIN. Cet article a \u00e9t\u00e9 publi\u00e9 sur le site de la commune de Boigny sur Bionne&nbsp;&nbsp;en relation avec &hellip; <\/p>\n<p><a class=\"more-link btn\" href=\"https:\/\/maquisdelorris.fr\/resistance\/?page_id=1258\">Lire la suite<\/a><\/p>\n","protected":false},"author":5,"featured_media":3873,"parent":570,"menu_order":21,"comment_status":"closed","ping_status":"open","template":"","meta":{"footnotes":""},"class_list":["post-1258","page","type-page","status-publish","has-post-thumbnail","hentry","nodate","item-wrap"],"aioseo_notices":[],"_links":{"self":[{"href":"https:\/\/maquisdelorris.fr\/resistance\/index.php?rest_route=\/wp\/v2\/pages\/1258","targetHints":{"allow":["GET"]}}],"collection":[{"href":"https:\/\/maquisdelorris.fr\/resistance\/index.php?rest_route=\/wp\/v2\/pages"}],"about":[{"href":"https:\/\/maquisdelorris.fr\/resistance\/index.php?rest_route=\/wp\/v2\/types\/page"}],"author":[{"embeddable":true,"href":"https:\/\/maquisdelorris.fr\/resistance\/index.php?rest_route=\/wp\/v2\/users\/5"}],"replies":[{"embeddable":true,"href":"https:\/\/maquisdelorris.fr\/resistance\/index.php?rest_route=%2Fwp%2Fv2%2Fcomments&post=1258"}],"version-history":[{"count":0,"href":"https:\/\/maquisdelorris.fr\/resistance\/index.php?rest_route=\/wp\/v2\/pages\/1258\/revisions"}],"up":[{"embeddable":true,"href":"https:\/\/maquisdelorris.fr\/resistance\/index.php?rest_route=\/wp\/v2\/pages\/570"}],"wp:featuredmedia":[{"embeddable":true,"href":"https:\/\/maquisdelorris.fr\/resistance\/index.php?rest_route=\/wp\/v2\/media\/3873"}],"wp:attachment":[{"href":"https:\/\/maquisdelorris.fr\/resistance\/index.php?rest_route=%2Fwp%2Fv2%2Fmedia&parent=1258"}],"curies":[{"name":"wp","href":"https:\/\/api.w.org\/{rel}","templated":true}]}}