{"id":1503,"date":"2013-03-31T10:54:09","date_gmt":"2013-03-31T10:54:09","guid":{"rendered":"http:\/\/maquisdelorris.fr\/resistance\/?page_id=1503"},"modified":"2023-08-14T16:01:35","modified_gmt":"2023-08-14T16:01:35","slug":"60eme-anniversaire-de-la-liberation-de-paris","status":"publish","type":"page","link":"https:\/\/maquisdelorris.fr\/resistance\/?page_id=1503","title":{"rendered":"60\u00e8me anniversaire de la Lib\u00e9ration de Paris"},"content":{"rendered":"\n<p>Le mercredi 25 ao\u00fbt 2004, Paris f\u00eate les 60 ans de sa Lib\u00e9ration. La 2\u00e8me Division blind\u00e9e, dirig\u00e9e par le mar\u00e9chal Philippe Leclerc et la 4\u00e8me Division d&rsquo;infanterie am\u00e9ricaine se rejoignaient dans Paris lib\u00e9r\u00e9. Soixante ans apr\u00e8s son insurrection, les habitants \u00e9taient invit\u00e9s \u00e0 vivre ou revivre, en tenue d&rsquo;\u00e9poque de pr\u00e9f\u00e9rence, cet \u00e9v\u00e9nement majeur de la Seconde guerre mondiale. Entre c\u00e9r\u00e9monies officielles ou festives, ces comm\u00e9morations ont \u00e9t\u00e9 l&rsquo;occasion de rendre hommage aux \u00ab\u00a0combattants de la libert\u00e9\u00a0\u00bb.<\/p>\n\n\n\n<p>Invit\u00e9s \u00e0 participer \u00e0 l\u2019\u00e9v\u00e9nement, c\u2019est en car que les anciens du maquis du Lorris rejoignent la capitale et la place de l\u2019H\u00f4tel de Ville pour participer \u00e0 la c\u00e9r\u00e9monie officielle, \u00e0 18h30. Au programme, &nbsp;prise d&rsquo;armes sur le parvis de l&rsquo;H\u00f4tel de Ville en pr\u00e9sence du Pr\u00e9sident de la R\u00e9publique Jacques Chirac et du maire de Paris Bertrand Delano\u00eb, hommages, remises de d\u00e9corations&#8230; Il y a 60 ans, \u00e0 19h, c&rsquo;est l\u00e0 que le g\u00e9n\u00e9ral de Gaulle, arriv\u00e9 \u00e0 pied, avait proclam\u00e9 officiellement la lib\u00e9ration de la capitale. \u00ab\u00a0Paris ! Paris outrag\u00e9 ! Paris bris\u00e9 ! Paris martyris\u00e9 ! Mais Paris lib\u00e9r\u00e9 !\u00a0\u00bb, lan\u00e7ait-il alors devant des Parisiens en liesse lors d&rsquo;un discours entr\u00e9 dans l&rsquo;histoire.<\/p>\n\n\n\n<div class=\"wp-block-columns is-layout-flex wp-container-core-columns-is-layout-9d6595d7 wp-block-columns-is-layout-flex\">\n<div class=\"wp-block-column is-layout-flow wp-block-column-is-layout-flow\">\n<figure class=\"wp-block-image size-large\"><a href=\"https:\/\/maquisdelorris.fr\/resistance\/wp-content\/uploads\/2013\/03\/3_1003.jpg\"><img loading=\"lazy\" decoding=\"async\" width=\"1024\" height=\"682\" src=\"https:\/\/maquisdelorris.fr\/resistance\/wp-content\/uploads\/2013\/03\/3_1003-1024x682.jpg\" alt=\"\" class=\"wp-image-1514\" srcset=\"https:\/\/maquisdelorris.fr\/resistance\/wp-content\/uploads\/2013\/03\/3_1003-1024x682.jpg 1024w, https:\/\/maquisdelorris.fr\/resistance\/wp-content\/uploads\/2013\/03\/3_1003-300x200.jpg 300w, https:\/\/maquisdelorris.fr\/resistance\/wp-content\/uploads\/2013\/03\/3_1003.jpg 1536w\" sizes=\"auto, (max-width: 1024px) 100vw, 1024px\" \/><\/a><figcaption class=\"wp-element-caption\">Messieurs H\u00e9au et Chalopin<br>(Droits r\u00e9serv\u00e9s, AFAAM, ao\u00fbt 2004)<\/figcaption><\/figure>\n<\/div>\n\n\n\n<div class=\"wp-block-column is-layout-flow wp-block-column-is-layout-flow\">\n<figure class=\"wp-block-image size-large\"><a href=\"https:\/\/maquisdelorris.fr\/resistance\/wp-content\/uploads\/2013\/03\/2_1004.jpg\"><img loading=\"lazy\" decoding=\"async\" width=\"1024\" height=\"682\" src=\"https:\/\/maquisdelorris.fr\/resistance\/wp-content\/uploads\/2013\/03\/2_1004-1024x682.jpg\" alt=\"\" class=\"wp-image-1512\" srcset=\"https:\/\/maquisdelorris.fr\/resistance\/wp-content\/uploads\/2013\/03\/2_1004-1024x682.jpg 1024w, https:\/\/maquisdelorris.fr\/resistance\/wp-content\/uploads\/2013\/03\/2_1004-300x200.jpg 300w, https:\/\/maquisdelorris.fr\/resistance\/wp-content\/uploads\/2013\/03\/2_1004.jpg 1536w\" sizes=\"auto, (max-width: 1024px) 100vw, 1024px\" \/><\/a><figcaption class=\"wp-element-caption\">M.L\u00e9ger<br>(Droits r\u00e9serv\u00e9s, AFAAM, ao\u00fbt 2004)<\/figcaption><\/figure>\n<\/div>\n\n\n\n<div class=\"wp-block-column is-layout-flow wp-block-column-is-layout-flow\">\n<figure class=\"wp-block-image size-large\"><a href=\"https:\/\/maquisdelorris.fr\/resistance\/wp-content\/uploads\/2013\/03\/1_1005.jpg\"><img loading=\"lazy\" decoding=\"async\" width=\"1024\" height=\"682\" src=\"https:\/\/maquisdelorris.fr\/resistance\/wp-content\/uploads\/2013\/03\/1_1005-1024x682.jpg\" alt=\"\" class=\"wp-image-1510\" srcset=\"https:\/\/maquisdelorris.fr\/resistance\/wp-content\/uploads\/2013\/03\/1_1005-1024x682.jpg 1024w, https:\/\/maquisdelorris.fr\/resistance\/wp-content\/uploads\/2013\/03\/1_1005-300x200.jpg 300w, https:\/\/maquisdelorris.fr\/resistance\/wp-content\/uploads\/2013\/03\/1_1005.jpg 1536w\" sizes=\"auto, (max-width: 1024px) 100vw, 1024px\" \/><\/a><figcaption class=\"wp-element-caption\">M.Turpin<br>(Droits r\u00e9serv\u00e9s, AFAAM, ao\u00fbt 2004)<\/figcaption><\/figure>\n<\/div>\n<\/div>\n\n\n\n<p>Le pr\u00e9sident a rendu hommage \u00e0 la 2\u00e8me DB et aux r\u00e9sistants, devant les anciens du maquis de Lorris. Rappelons l\u2019action des maquisards du Loiret qui le 25 ao\u00fbt 1944 participent en premi\u00e8re ligne aux combats de la Lib\u00e9ration de Paris. Apr\u00e8s des accrochages \u00e0 Croix-de-Berny et porte d\u2019Orl\u00e9ans, les maquisards sont dirig\u00e9s ce jour-l\u00e0 sur les Tuileries, l\u2019Ecole Militaire, et la Chambre des D\u00e9put\u00e9s. D\u2019autres sont charg\u00e9s de contr\u00f4ler les ponts de la capitale (Alma, Concorde, Invalides, Alexandre III). Lors de ces combats, on d\u00e9nombrera 9 morts et de nombreux bless\u00e9s parmi les hommes du Maquis, qui le lendemain 26 Ao\u00fbt, assistent au d\u00e9fil\u00e9 du g\u00e9n\u00e9ral de Gaulle sur les Champs-Elys\u00e9es. Retrouvez le r\u00e9cit des anciens sur <a href=\"https:\/\/maquisdelorris.fr\/resistance\/?page_id=107\">cette page<\/a>.<\/p>\n\n\n\n<div class=\"wp-block-columns is-layout-flex wp-container-core-columns-is-layout-9d6595d7 wp-block-columns-is-layout-flex\">\n<div class=\"wp-block-column is-layout-flow wp-block-column-is-layout-flow\">\n<figure class=\"wp-block-image size-large\"><a href=\"https:\/\/maquisdelorris.fr\/resistance\/wp-content\/uploads\/2013\/03\/2_2907.jpg\"><img loading=\"lazy\" decoding=\"async\" width=\"1024\" height=\"682\" src=\"https:\/\/maquisdelorris.fr\/resistance\/wp-content\/uploads\/2013\/03\/2_2907-1024x682.jpg\" alt=\"\" class=\"wp-image-1513\" srcset=\"https:\/\/maquisdelorris.fr\/resistance\/wp-content\/uploads\/2013\/03\/2_2907-1024x682.jpg 1024w, https:\/\/maquisdelorris.fr\/resistance\/wp-content\/uploads\/2013\/03\/2_2907-300x200.jpg 300w, https:\/\/maquisdelorris.fr\/resistance\/wp-content\/uploads\/2013\/03\/2_2907.jpg 1536w\" sizes=\"auto, (max-width: 1024px) 100vw, 1024px\" \/><\/a><figcaption class=\"wp-element-caption\">Toute la petite troupe garde le sourire sous les \u00e9l\u00e9ments contraires<br>(Droits r\u00e9serv\u00e9s, AFAAM, ao\u00fbt 2004)<\/figcaption><\/figure>\n<\/div>\n\n\n\n<div class=\"wp-block-column is-layout-flow wp-block-column-is-layout-flow\">\n<figure class=\"wp-block-image size-large\"><a href=\"https:\/\/maquisdelorris.fr\/resistance\/wp-content\/uploads\/2013\/03\/1_2908.jpg\"><img loading=\"lazy\" decoding=\"async\" width=\"1024\" height=\"682\" src=\"https:\/\/maquisdelorris.fr\/resistance\/wp-content\/uploads\/2013\/03\/1_2908-1024x682.jpg\" alt=\"\" class=\"wp-image-1511\" srcset=\"https:\/\/maquisdelorris.fr\/resistance\/wp-content\/uploads\/2013\/03\/1_2908-1024x682.jpg 1024w, https:\/\/maquisdelorris.fr\/resistance\/wp-content\/uploads\/2013\/03\/1_2908-300x200.jpg 300w, https:\/\/maquisdelorris.fr\/resistance\/wp-content\/uploads\/2013\/03\/1_2908.jpg 1536w\" sizes=\"auto, (max-width: 1024px) 100vw, 1024px\" \/><\/a><figcaption class=\"wp-element-caption\">Messieurs L\u00e9ger, Turpin et Blain, et mesdames, en tenue adapt\u00e9e au temps !<br>(Droits r\u00e9serv\u00e9s, AFAAM, ao\u00fbt 2004)<\/figcaption><\/figure>\n<\/div>\n<\/div>\n\n\n<div class=\"wp-block-image\">\n<figure class=\"aligncenter is-resized\"><a href=\"https:\/\/maquisdelorris.fr\/resistance\/wp-content\/uploads\/2013\/03\/8_2901.jpg\"><img loading=\"lazy\" decoding=\"async\" src=\"https:\/\/maquisdelorris.fr\/resistance\/wp-content\/uploads\/2013\/03\/8_2901-1024x682.jpg\" alt=\"__8_2901\" class=\"wp-image-1515\" style=\"width:608px;height:404px\" width=\"608\" height=\"404\" srcset=\"https:\/\/maquisdelorris.fr\/resistance\/wp-content\/uploads\/2013\/03\/8_2901-1024x682.jpg 1024w, https:\/\/maquisdelorris.fr\/resistance\/wp-content\/uploads\/2013\/03\/8_2901-300x200.jpg 300w, https:\/\/maquisdelorris.fr\/resistance\/wp-content\/uploads\/2013\/03\/8_2901.jpg 1536w\" sizes=\"auto, (max-width: 608px) 100vw, 608px\" \/><\/a><figcaption class=\"wp-element-caption\">Parvis de l&rsquo;H\u00f4tel de Ville, depuis la tribune o\u00f9 prennent place nos r\u00e9sistants<br>(Droits r\u00e9serv\u00e9s, AFAAM, ao\u00fbt 2004)<\/figcaption><\/figure>\n<\/div>\n\n<div class=\"wp-block-image\">\n<figure class=\"aligncenter is-resized\"><a href=\"https:\/\/maquisdelorris.fr\/resistance\/wp-content\/uploads\/2013\/03\/12_2897.jpg\"><img loading=\"lazy\" decoding=\"async\" src=\"https:\/\/maquisdelorris.fr\/resistance\/wp-content\/uploads\/2013\/03\/12_2897-682x1024.jpg\" alt=\"_12_2897\" class=\"wp-image-1517\" style=\"width:417px;height:626px\" width=\"417\" height=\"626\" srcset=\"https:\/\/maquisdelorris.fr\/resistance\/wp-content\/uploads\/2013\/03\/12_2897-682x1024.jpg 682w, https:\/\/maquisdelorris.fr\/resistance\/wp-content\/uploads\/2013\/03\/12_2897-200x300.jpg 200w, https:\/\/maquisdelorris.fr\/resistance\/wp-content\/uploads\/2013\/03\/12_2897.jpg 1024w\" sizes=\"auto, (max-width: 417px) 100vw, 417px\" \/><\/a><figcaption class=\"wp-element-caption\">Au coeur de la c\u00e9r\u00e9monie<br>(Droits r\u00e9serv\u00e9s, AFAAM, ao\u00fbt 2004)<\/figcaption><\/figure>\n<\/div>\n\n<div class=\"wp-block-image\">\n<figure class=\"aligncenter is-resized\"><a href=\"https:\/\/maquisdelorris.fr\/resistance\/wp-content\/uploads\/2013\/03\/9_2900.jpg\"><img loading=\"lazy\" decoding=\"async\" src=\"https:\/\/maquisdelorris.fr\/resistance\/wp-content\/uploads\/2013\/03\/9_2900-1024x682.jpg\" alt=\"__9_2900\" class=\"wp-image-1516\" style=\"width:735px;height:489px\" width=\"735\" height=\"489\" srcset=\"https:\/\/maquisdelorris.fr\/resistance\/wp-content\/uploads\/2013\/03\/9_2900-1024x682.jpg 1024w, https:\/\/maquisdelorris.fr\/resistance\/wp-content\/uploads\/2013\/03\/9_2900-300x200.jpg 300w, https:\/\/maquisdelorris.fr\/resistance\/wp-content\/uploads\/2013\/03\/9_2900.jpg 1536w\" sizes=\"auto, (max-width: 735px) 100vw, 735px\" \/><\/a><figcaption class=\"wp-element-caption\">Revue de troupe<br>(Droits r\u00e9serv\u00e9s, AFAAM, ao\u00fbt 2004)<\/figcaption><\/figure>\n<\/div>\n\n\n<p>\n\nA la suite de l\u2019hommage du pr\u00e9sident, suivront, sous la pluie, remise de d\u00e9corations, chants (Mireille Matthieu interpr\u00e8te \u00ab\u00a0Paris en col\u00e8re\u00a0\u00bb), et lectures de textes (Francis Huster lit des lettres de condamn\u00e9s \u00e0 mort, tandis que 18 enfants lisent des r\u00e9dactions \u00e9crites par des \u00e9coliers de leur \u00e2ge, soixante ans plus t\u00f4t).\n\n<\/p>\n\n\n\n<figure class=\"wp-block-video aligncenter\"><video height=\"368\" style=\"aspect-ratio: 480 \/ 368;\" width=\"480\" controls src=\"https:\/\/maquisdelorris.fr\/resistance\/wp-content\/uploads\/videos\/Paris-25-ao\u00fbt-2004 3-2013.mp4\"><\/video><figcaption class=\"wp-element-caption\"> <em>20H France 2, 25 ao\u00fbt 2004, source : INA<\/em> <\/figcaption><\/figure>\n\n\n\n<h4 class=\"wp-block-heading\"> <em>Programme des c\u00e9r\u00e9monies du 25 ao\u00fbt 2004 :<\/em> <\/h4>\n\n\n\n<ul class=\"wp-block-list\">\n<li><em>9h: c\u00e9r\u00e9monie aux Invalides. Recueillement sur la tombe du Mar\u00e9chal Leclerc en pr\u00e9sence du maire<\/em><\/li>\n\n\n\n<li><em>10h: les sapeurs-pompiers hissent le drapeau sur la Tour Eiffel<\/em><\/li>\n\n\n\n<li><em>11h30: c\u00e9r\u00e9monie place de la Concorde en pr\u00e9sence du pr\u00e9sident Jacques Chirac. Hommage \u00e0 la 2e DB. Remise de d\u00e9corations \u00e0 trois anciens de la division. C\u00e9r\u00e9monie suivie d&rsquo;un repas avec les anciens de la 2\u00e8me DB et d&rsquo;un bivouac dans le jardin des Tuileries<\/em><\/li>\n\n\n\n<li><em>15h: remise symbolique des cl\u00e9s des locaux de l&rsquo;amicale de la 2\u00e8me DB \u00e0 Montparnasse par Bertrand Delano\u00eb<\/em><\/li>\n\n\n\n<li><em>16h: c\u00e9r\u00e9monie militaire \u00e0 l&rsquo;ancienne gare Montparnasse. Souvenir de la reddition des troupe allemandes<\/em><\/li>\n\n\n\n<li><em>17h: c\u00e9r\u00e9monie dans les jardins du S\u00e9nat au Luxembourg<\/em><\/li>\n\n\n\n<li><em>18h10: inauguration par Jacques Chirac d&rsquo;une plaque \u00e0 la pr\u00e9fecture de police rappelant la signature de l&rsquo;acte de reddition du g\u00e9n\u00e9ral Dietrich Von Choltitz. Le pr\u00e9sident se d\u00e9placera ensuite vers l&rsquo;H\u00f4tel de Ville sous escorte \u00e0 cheval de la garde r\u00e9publicaine<\/em><\/li>\n\n\n\n<li><em>18h30: prise d&rsquo;armes sur le parvis de l&rsquo;H\u00f4tel de Ville en pr\u00e9sence de Jacques Chirac et du maire de Paris Bertrand Delano\u00eb. Hommage \u00e0 la 2\u00e8me DB et aux r\u00e9sistants. Remise de d\u00e9corations<\/em><\/li>\n\n\n\n<li><em>21h: bal populaire \u00e0 la Bastille<\/em><\/li>\n\n\n\n<li><em>22h \u00e0 1h du matin: bal nocturne dans le jardin du Luxembourg&nbsp;<\/em> <\/li>\n<\/ul>\n","protected":false},"excerpt":{"rendered":"<p>Le mercredi 25 ao\u00fbt 2004, Paris f\u00eate les 60 ans de sa Lib\u00e9ration. La 2\u00e8me Division blind\u00e9e, dirig\u00e9e par le mar\u00e9chal Philippe Leclerc et la 4\u00e8me Division d&rsquo;infanterie am\u00e9ricaine se rejoignaient dans Paris lib\u00e9r\u00e9. Soixante ans apr\u00e8s son insurrection, les habitants \u00e9taient invit\u00e9s \u00e0 vivre ou revivre, en tenue d&rsquo;\u00e9poque de pr\u00e9f\u00e9rence, cet \u00e9v\u00e9nement majeur &hellip; <\/p>\n<p><a class=\"more-link btn\" href=\"https:\/\/maquisdelorris.fr\/resistance\/?page_id=1503\">Lire la suite<\/a><\/p>\n","protected":false},"author":5,"featured_media":0,"parent":44,"menu_order":9,"comment_status":"closed","ping_status":"open","template":"","meta":{"footnotes":""},"class_list":["post-1503","page","type-page","status-publish","hentry","nodate","item-wrap"],"aioseo_notices":[],"_links":{"self":[{"href":"https:\/\/maquisdelorris.fr\/resistance\/index.php?rest_route=\/wp\/v2\/pages\/1503","targetHints":{"allow":["GET"]}}],"collection":[{"href":"https:\/\/maquisdelorris.fr\/resistance\/index.php?rest_route=\/wp\/v2\/pages"}],"about":[{"href":"https:\/\/maquisdelorris.fr\/resistance\/index.php?rest_route=\/wp\/v2\/types\/page"}],"author":[{"embeddable":true,"href":"https:\/\/maquisdelorris.fr\/resistance\/index.php?rest_route=\/wp\/v2\/users\/5"}],"replies":[{"embeddable":true,"href":"https:\/\/maquisdelorris.fr\/resistance\/index.php?rest_route=%2Fwp%2Fv2%2Fcomments&post=1503"}],"version-history":[{"count":0,"href":"https:\/\/maquisdelorris.fr\/resistance\/index.php?rest_route=\/wp\/v2\/pages\/1503\/revisions"}],"up":[{"embeddable":true,"href":"https:\/\/maquisdelorris.fr\/resistance\/index.php?rest_route=\/wp\/v2\/pages\/44"}],"wp:attachment":[{"href":"https:\/\/maquisdelorris.fr\/resistance\/index.php?rest_route=%2Fwp%2Fv2%2Fmedia&parent=1503"}],"curies":[{"name":"wp","href":"https:\/\/api.w.org\/{rel}","templated":true}]}}