{"id":1550,"date":"2013-04-05T13:34:31","date_gmt":"2013-04-05T13:34:31","guid":{"rendered":"http:\/\/maquisdelorris.fr\/resistance\/?page_id=1550"},"modified":"2023-08-14T14:15:35","modified_gmt":"2023-08-14T14:15:35","slug":"des-plaques-commemoratives-a-paris","status":"publish","type":"page","link":"https:\/\/maquisdelorris.fr\/resistance\/?page_id=1550","title":{"rendered":"Les maquisards \u00e0 Paris !"},"content":{"rendered":"\n<h4 class=\"wp-block-heading\"><strong>Une mission non pr\u00e9vue&nbsp;: la participation \u00e0 la Lib\u00e9ration de Paris&nbsp;<\/strong><\/h4>\n\n\n\n<p>C&rsquo;est le Colonel O\u2019Neill&nbsp;qui&nbsp;prend la d\u00e9cision de monter sur Paris. Le 23 ao\u00fbt 1944 au soir, de retour des combats au sud de la Loire, les maquisards pr\u00e9parent leur d\u00e9part pour Paris.<\/p>\n\n\n\n<p>Les Compagnies Albin et Paul partent \u00e0 8 heures le lendemain matin 24 ao\u00fbt, la Compagnie Robert prendra la route \u00e0 11 heures, sous une pluie battante. Dans l&rsquo;apr\u00e8s-midi, le maquis de Lorris rejoint \u00e0 Etampes les maquis d\u2019Eure-et-Loir, avant de reprendre la route, traversant de nombreux villages sous les acclamations d&rsquo;une population ivre de bonheur qui f\u00eate la Lib\u00e9ration. Le convoi arrive \u00e0 Morangis o\u00f9 les hommes passent la nuit.<\/p>\n\n\n\n<p>Le 25 ao\u00fbt au matin, le commandant d&rsquo;Aboville, l&rsquo;adjoint du colonel O&rsquo;Neill, prend contact avec le colonel Noiret, commandant le 12\u00e8me Cuirassiers&nbsp;de la 2\u00e8me D.B.. Apr\u00e8s des accrochages \u00e0 Croix-de-Berny et porte d\u2019Orl\u00e9ans, et sur d\u00e9cision de la 2<sup>\u00e8me<\/sup> DB, le maquis forme alors des unit\u00e9s d&rsquo;accompagnement des chars du 12\u00e8me&nbsp;cuirassiers, pour lib\u00e9rer Paris.<\/p>\n\n\n\n<p>Plusieurs groupes de la Compagnie Robert et de la Compagnie Paul pr\u00e9parent le plan d&rsquo;attaque de l&rsquo;Ecole Militaire, avec \u00e0 leur t\u00eate le colonel O&rsquo;Neill, tandis que la Compagnie Albin est charg\u00e9e de former des t\u00eates de pont sur la rive droite de la Seine, du Pont de l&rsquo;Alma \u00e0 celui de la Concorde. Elle sera ensuite engag\u00e9e dans les combats pour la prise de la Chambre des D\u00e9put\u00e9s et du Minist\u00e8re des Affaires Etrang\u00e8res.<\/p>\n\n\n\n<p>Retrouvez ci-dessous tous les lieux concern\u00e9s pour retracer le parcours de nos maquisards au coeur de la capitale.<\/p>\n\n\n\n\n\n\n\n<h4 class=\"wp-block-heading\">L&rsquo;assaut de l&rsquo;Ecole militaire<\/h4>\n\n\n\n<p>L&rsquo;assaut de l&rsquo;Ecole militaire est men\u00e9 par trois sections de la Compagnie Robert, soit environ 60 maquisards, appuy\u00e9s par 6 chars Sherman du 12\u00e8me Cuirassiers de la 2\u00e8me DB. &nbsp;Lors de l&rsquo;attaque, tr\u00e8s violente, 4 r\u00e9sistants du maquis de Lorris sont tu\u00e9s. 3 inconnus, et Robert Coudon. Une premi\u00e8re <a href=\"https:\/\/maquisdelorris.fr\/resistance\/?page_id=3187\">plaque<\/a> plac\u00e9e devant l&rsquo;Ecole militaire rend hommage \u00e0 ces 4 combattants.<\/p>\n\n\n\n<h4 class=\"wp-block-heading\">Les combats sur le Pont de la Concorde<\/h4>\n\n\n\n<p>En d\u00e9but d&rsquo;apr\u00e8s-midi, pendant que les hommes de la Compagnie Robert se battent autour de l&rsquo;Ecole Militaire, la Compagnie Albin progresse le long de la Seine vers le Pont de la Concorde et le Pont Alexandre III, sous un feu nourri. <a href=\"https:\/\/maquisdelorris.fr\/resistance\/?page_id=3187\">Claude Billand<\/a> est tu\u00e9 par une grenade allemande sur le Pont de la Concorde sous les yeux de son fr\u00e8re, le Sous-lieutenant Georges Billand, qui raconte :<\/p>\n\n\n\n<div class=\"wp-block-media-text is-stacked-on-mobile is-vertically-aligned-top\" style=\"grid-template-columns:16% auto\"><figure class=\"wp-block-media-text__media\"><img loading=\"lazy\" decoding=\"async\" width=\"428\" height=\"634\" src=\"https:\/\/maquisdelorris.fr\/resistance\/wp-content\/uploads\/2023\/08\/Georges-Billand.jpg\" alt=\"\" class=\"wp-image-8373 size-full\" srcset=\"https:\/\/maquisdelorris.fr\/resistance\/wp-content\/uploads\/2023\/08\/Georges-Billand.jpg 428w, https:\/\/maquisdelorris.fr\/resistance\/wp-content\/uploads\/2023\/08\/Georges-Billand-203x300.jpg 203w\" sizes=\"auto, (max-width: 428px) 100vw, 428px\" \/><\/figure><div class=\"wp-block-media-text__content\">\n<h4 class=\"wp-block-heading\"><em><strong>Le 25 ao\u00fbt, \u00e9tant en r\u00e9serve depuis une heure au Pont Alexandre, je re\u00e7ois l&rsquo;ordre du Capitaine Albert de progresser le long de la berge de fa\u00e7on \u00e0 faire la jonction avec la Division Leclerc se trouvant au Pont de la Concorde, en vue de l&rsquo;assaut d\u00e9cisif au Minist\u00e8re des Affaires Etrang\u00e8res. Sur le Pont de la Concorde, rive droite, des FFI parisiens arm\u00e9s d&rsquo;une fa\u00e7on h\u00e9t\u00e9roclite tirent n&rsquo;importe o\u00f9. Sur la rive gauche, les Allemands sont retranch\u00e9s \u00e0 la Chambre des D\u00e9put\u00e9s et au Minist\u00e8re des Affaires Etrang\u00e8res. Le long de la berge ma section progresse, prise entre deux feux nourris : a) Allemands (FM, mitrailleuses, grenades), b) FFI locaux, nous prenant sans doute pour une colonne de miliciens. A 50 m\u00e8tres du pont, nous arrivons en terrain compl\u00e8tement d\u00e9couvert. Le matraquage est alors extr\u00eamement dur !<\/strong><\/em><\/h4>\n\n\n\n<h4 class=\"wp-block-heading\"><em><strong>Je pars en reconnaissance pour assurer ma mission et demander des instructions. Au moment o\u00f9 j&rsquo;arrive sur le Pont de la Concorde, j&rsquo;aper\u00e7ois devant moi deux officiers sup\u00e9rieurs allemands tenant un drapeau blanc et qui attendent que la fusillade soit att\u00e9nu\u00e9e pour poursuivre leur marche vers les \u00e9l\u00e9ments Leclerc qui sont de l&rsquo;autre c\u00f4t\u00e9 du pont. Ils sont sans armes. Surpris de me voir derri\u00e8re eux, ils ob\u00e9issent malgr\u00e9 tout \u00e0 mon injonction et je peux ainsi les remettre entre les mains d&rsquo;un capitaine de la division Leclerc. Celui-ci les force \u00e0 se mettre debout et \u00e0 agiter leur drapeau blanc pour signifier \u00e0 leurs hommes de cesser le feu. Ma section, se trouvant en contrebas, voit et ob\u00e9it imm\u00e9diatement puisque je suis moi-m\u00eame \u00e0 c\u00f4t\u00e9 des officiers allemands. Le feu ne ralentissant pas, un \u00e9l\u00e9ment de ma section, mon fr\u00e8re Claude, prend l&rsquo;initiative et voulant en finir, saute par-dessus le parapet en criant \u00ab&nbsp;En avant les gars !&nbsp;\u00bb. Il est suivi de Marcel M\u00e9thiviers. Compl\u00e8tement \u00e0 d\u00e9couvert les deux hommes cherchent \u00e0 se cacher derri\u00e8re un petit kiosque au bord du boulevard, face \u00e0 la Chambre des D\u00e9put\u00e9s. Un soldat allemand se trouvant sur ce kiosque lance alors une premi\u00e8re grenade sur eux et blesse mon fr\u00e8re au visage. Cette blessure \u00e9tant peu grave, mon fr\u00e8re signale la pr\u00e9sence de l&rsquo;Allemand, mais ce dernier, apr\u00e8s un instant d&rsquo;h\u00e9sitation cons\u00e9cutif aux appels de mon fr\u00e8re et voyant ceux-ci sans r\u00e9ponse, d\u00e9verse alors son chargement de grenades, tuant mon fr\u00e8re et blessant gri\u00e8vement M\u00e9thiviers, s&rsquo;acharnant sur eux avec une atrocit\u00e9 sans nom. Moi-m\u00eame, revenant du Pont de la Concorde et voulant porter secours \u00e0 mon fr\u00e8re, je suis bless\u00e9 par la derni\u00e8re grenade.&nbsp;<\/strong><\/em><\/h4>\n<\/div><\/div>\n\n\n\n<h4 class=\"wp-block-heading\">Sur le pont Alexandre III<\/h4>\n\n\n\n<p>Sur le Pont Alexandre III quelques centaines de m\u00e8tres plus loin, Bernard Chalopin et sa section de la Compagnie Albin tentent de gagner l&rsquo;autre rive. <a href=\"https:\/\/maquisdelorris.fr\/resistance\/?page_id=3187\">Trois hommes<\/a> y perdent la vie :<\/p>\n\n\n\n<div class=\"wp-block-media-text is-stacked-on-mobile is-vertically-aligned-top\" style=\"grid-template-columns:17% auto\"><figure class=\"wp-block-media-text__media\"><img loading=\"lazy\" decoding=\"async\" width=\"640\" height=\"1024\" src=\"https:\/\/maquisdelorris.fr\/resistance\/wp-content\/uploads\/2015\/04\/Bernard-Chalopin-640x1024.jpg\" alt=\"\" class=\"wp-image-3454 size-full\" srcset=\"https:\/\/maquisdelorris.fr\/resistance\/wp-content\/uploads\/2015\/04\/Bernard-Chalopin-640x1024.jpg 640w, https:\/\/maquisdelorris.fr\/resistance\/wp-content\/uploads\/2015\/04\/Bernard-Chalopin-187x300.jpg 187w, https:\/\/maquisdelorris.fr\/resistance\/wp-content\/uploads\/2015\/04\/Bernard-Chalopin-300x480.jpg 300w, https:\/\/maquisdelorris.fr\/resistance\/wp-content\/uploads\/2015\/04\/Bernard-Chalopin.jpg 1985w\" sizes=\"auto, (max-width: 640px) 100vw, 640px\" \/><\/figure><div class=\"wp-block-media-text__content\">\n<h4 class=\"wp-block-heading\"><em><strong>Apr\u00e8s avoir long\u00e9 la Seine, en suivant les quais, notre section arrive sous le pont Alexandre III, avec la majeure partie de la Compagnie Albin, en vue de l&rsquo;assaut du bastion allemand.\u00a0Il ne fait pas bon r\u00f4der dans les parages car nous sommes copieusement arros\u00e9s par des tirs, venant semble-t-il de l&rsquo;autre c\u00f4t\u00e9 de la Seine (Cour de la Reine, ou Place de la Concorde). Nous sommes incapables de savoir s&rsquo;il s&rsquo;agit d&rsquo;Allemands ou de FFI parisiens.\u00a0Devant cet \u00e9tat de fait, Albert envoie la section Toulza pour d\u00e9gager l&rsquo;autre rive et \u00e9viter que nous soyons pris de flanc.\u00a0La position est devenue intol\u00e9rable, nous sommes oblig\u00e9s de nous retrancher \u00e0 l&rsquo;int\u00e9rieur des locaux qui se trouvent sous le pont, o\u00f9 est stock\u00e9 du mat\u00e9riel des Ponts et Chauss\u00e9es.<\/strong><\/em><\/h4>\n\n\n\n<h4 class=\"wp-block-heading\"><em><strong>Apr\u00e8s une l\u00e9g\u00e8re accalmie, Willy demande trois volontaires pour une reconnaissance, direction Gare des Invalides. Ficheau, Laferri\u00e8re et un troisi\u00e8me qui pourrait \u00eatre Pelloie (Pelloix ?)\u00a0ou Lioux (Lihoux ?) partent spontan\u00e9ment en grimpant rapidement les marches du Pont Alexandre.\u00a0Les derni\u00e8res marches seront fatales pour deux d&rsquo;entre eux, car la mort \u00e9tait au rendez-vous.\u00a0Ficheau, seul rescap\u00e9, nous a rejoint je ne sais comment, gardant \u00e0 vie le souvenir de ses deux compagnons d&rsquo;infortune.\u00a0Jean Lafferi\u00e8re s&rsquo;\u00e9teindra sous le Pont Alexandre, dans des souffrances terribles, touch\u00e9 au ventre par une rafale de mitrailleuse, triste fatalit\u00e9, il ne devait pas se trouver dans ce secteur, \u00e0 ce moment&#8230;\u00a0<\/strong><\/em><\/h4>\n<\/div><\/div>\n\n\n\n<p>Lors de ces combats, on d\u00e9nombrera donc&nbsp;<a href=\"https:\/\/maquisdelorris.fr\/resistance\/?page_id=3187\"><strong>8 morts<\/strong><\/a> et de nombreux bless\u00e9s parmi les hommes du Maquis, qui le 26 Ao\u00fbt n&rsquo;en&nbsp;assistent pas moins au d\u00e9fil\u00e9 de de Gaulle \u00e0 Paris.<\/p>\n\n\n\n<p>Cependant, O\u2019Neill \u00e9tant mont\u00e9 \u00e0 Paris sans ordres, et alors que les Allemands sont encore aux portes d\u2019Orl\u00e9ans il re\u00e7oit l\u2019injonction du&nbsp;&nbsp;Commissaire de la R\u00e9publique Andr\u00e9 Mars&nbsp;&nbsp;de regagner imm\u00e9diatement Orl\u00e9ans.<\/p>\n\n\n\n<p><\/p>\n","protected":false},"excerpt":{"rendered":"<p>Une mission non pr\u00e9vue&nbsp;: la participation \u00e0 la Lib\u00e9ration de Paris&nbsp; C&rsquo;est le Colonel O\u2019Neill&nbsp;qui&nbsp;prend la d\u00e9cision de monter sur Paris. Le 23 ao\u00fbt 1944 au soir, de retour des combats au sud de la Loire, les maquisards pr\u00e9parent leur d\u00e9part pour Paris. Les Compagnies Albin et Paul partent \u00e0 8 heures le lendemain matin &hellip; <\/p>\n<p><a class=\"more-link btn\" href=\"https:\/\/maquisdelorris.fr\/resistance\/?page_id=1550\">Lire la suite<\/a><\/p>\n","protected":false},"author":5,"featured_media":0,"parent":49,"menu_order":10,"comment_status":"closed","ping_status":"open","template":"","meta":{"footnotes":""},"class_list":["post-1550","page","type-page","status-publish","hentry","nodate","item-wrap"],"aioseo_notices":[],"_links":{"self":[{"href":"https:\/\/maquisdelorris.fr\/resistance\/index.php?rest_route=\/wp\/v2\/pages\/1550","targetHints":{"allow":["GET"]}}],"collection":[{"href":"https:\/\/maquisdelorris.fr\/resistance\/index.php?rest_route=\/wp\/v2\/pages"}],"about":[{"href":"https:\/\/maquisdelorris.fr\/resistance\/index.php?rest_route=\/wp\/v2\/types\/page"}],"author":[{"embeddable":true,"href":"https:\/\/maquisdelorris.fr\/resistance\/index.php?rest_route=\/wp\/v2\/users\/5"}],"replies":[{"embeddable":true,"href":"https:\/\/maquisdelorris.fr\/resistance\/index.php?rest_route=%2Fwp%2Fv2%2Fcomments&post=1550"}],"version-history":[{"count":0,"href":"https:\/\/maquisdelorris.fr\/resistance\/index.php?rest_route=\/wp\/v2\/pages\/1550\/revisions"}],"up":[{"embeddable":true,"href":"https:\/\/maquisdelorris.fr\/resistance\/index.php?rest_route=\/wp\/v2\/pages\/49"}],"wp:attachment":[{"href":"https:\/\/maquisdelorris.fr\/resistance\/index.php?rest_route=%2Fwp%2Fv2%2Fmedia&parent=1550"}],"curies":[{"name":"wp","href":"https:\/\/api.w.org\/{rel}","templated":true}]}}