{"id":1557,"date":"2013-04-01T11:13:28","date_gmt":"2013-04-01T11:13:28","guid":{"rendered":"http:\/\/maquisdelorris.fr\/resistance\/?page_id=1557"},"modified":"2023-08-14T15:18:31","modified_gmt":"2023-08-14T15:18:31","slug":"le-monument-douzouer-sur-loire","status":"publish","type":"page","link":"https:\/\/maquisdelorris.fr\/resistance\/?page_id=1557","title":{"rendered":"Le monument d&rsquo;Ouzouer-sur-Loire"},"content":{"rendered":"\n<p>Le <a href=\"https:\/\/maquisdelorris.fr\/resistance\/?page_id=105\" target=\"_blank\" rel=\"noreferrer noopener\">14 ao\u00fbt 1944<\/a>, le violent assaut du r\u00e9giment allemand de s\u00e9curit\u00e9 1010 contre le maquis de Lorris au Carrefour d&rsquo;Orl\u00e9ans et aux alentours faisait 49 morts. Parmi eux,&nbsp;&nbsp;quatre personnes dans le village d&rsquo;Ouzouer sont tu\u00e9es par des Allemands&nbsp;m\u00e9contents d&rsquo;avoir laiss\u00e9 fuir les maquisards cach\u00e9s en for\u00eat, et qui tirent sur tous ceux qu&rsquo;ils rencontrent dans les environs&nbsp;:&nbsp;Elie Tremeau avait 75 ans, Robert Fichot 80,&nbsp;Paul Bertrand 36 ans, et son fils&nbsp;de 5 ans (ou 8 ans selon les t\u00e9moignages), Claude, tu\u00e9 dans les bras de son p\u00e8re&#8230;<\/p>\n\n\n<div class=\"wp-block-image\">\n<figure class=\"aligncenter is-resized\"><a href=\"https:\/\/maquisdelorris.fr\/resistance\/wp-content\/uploads\/2013\/03\/Monument-Ouzouer-sur-Loire.jpg\"><img loading=\"lazy\" decoding=\"async\" src=\"https:\/\/maquisdelorris.fr\/resistance\/wp-content\/uploads\/2013\/03\/Monument-Ouzouer-sur-Loire-768x1024.jpg\" alt=\"Monument Ouzouer sur Loire\" class=\"wp-image-1531\" style=\"width:381px;height:508px\" width=\"381\" height=\"508\" srcset=\"https:\/\/maquisdelorris.fr\/resistance\/wp-content\/uploads\/2013\/03\/Monument-Ouzouer-sur-Loire-768x1024.jpg 768w, https:\/\/maquisdelorris.fr\/resistance\/wp-content\/uploads\/2013\/03\/Monument-Ouzouer-sur-Loire-225x300.jpg 225w, https:\/\/maquisdelorris.fr\/resistance\/wp-content\/uploads\/2013\/03\/Monument-Ouzouer-sur-Loire.jpg 1200w\" sizes=\"auto, (max-width: 381px) 100vw, 381px\" \/><\/a><figcaption class=\"wp-element-caption\">Monument d&rsquo;Ouzouer sur Loire<\/figcaption><\/figure>\n<\/div>\n\n\n<p>Ce jour-l\u00e0, cinq maquisards laissent aussi la vie \u00e0 Ouzouer-sur-Loire, massacr\u00e9s par les Allemands. Laissons Charles L\u00e9ger, un ancien du maquis, nous raconter leur histoire. Son t\u00e9moignage a \u00e9t\u00e9 recueilli pour le bulletin de la commune \u00e0 l&rsquo;occasion de la c\u00e9r\u00e9monie de comm\u00e9moration du 10 ao\u00fbt 2003<sup data-fn=\"83fe0e67-55be-44aa-810d-aaab70aafa17\" class=\"fn\"><a href=\"#83fe0e67-55be-44aa-810d-aaab70aafa17\" id=\"83fe0e67-55be-44aa-810d-aaab70aafa17-link\">1<\/a><\/sup>.<\/p>\n\n\n\n<div class=\"wp-block-media-text is-stacked-on-mobile is-vertically-aligned-top\" style=\"grid-template-columns:19% auto\"><figure class=\"wp-block-media-text__media\"><img loading=\"lazy\" decoding=\"async\" width=\"384\" height=\"421\" src=\"https:\/\/maquisdelorris.fr\/resistance\/wp-content\/uploads\/2017\/05\/leger_charles.jpg\" alt=\"\" class=\"wp-image-4400 size-full\" srcset=\"https:\/\/maquisdelorris.fr\/resistance\/wp-content\/uploads\/2017\/05\/leger_charles.jpg 384w, https:\/\/maquisdelorris.fr\/resistance\/wp-content\/uploads\/2017\/05\/leger_charles-274x300.jpg 274w, https:\/\/maquisdelorris.fr\/resistance\/wp-content\/uploads\/2017\/05\/leger_charles-300x329.jpg 300w\" sizes=\"auto, (max-width: 384px) 100vw, 384px\" \/><\/figure><div class=\"wp-block-media-text__content\">\n<h4 class=\"wp-block-heading\"><strong>\u00ab Vers 9 heures du matin, tout ce monde \u00e9tait aux Bordes, route du ch\u00eane coquetier. Nous \u00e9tions une dizaine de gars pr\u00eats \u00e0 partir pour une mission, quand une rafale d&rsquo;arme automatique fut tir\u00e9e en for\u00eat. A la cadence du tir, nous compr\u00eemes que ce n&rsquo;\u00e9tait pas une arme anglaise, mais allemande. Comme nous \u00e9tions pr\u00eats, nous pr\u00eemes la direction du carrefour du ch\u00eane coquetier. En face de nous, les Allemands \u00e9taient \u00e0 environ 500 m\u00e8tres. Il fallait se d\u00e9fendre ou mourir. Avec moi, il y avait Roland Thomas, Robert Brochet, Maurice Jacquet \u00e2g\u00e9 de 18 ans, Paul Mar\u00e9chal, Jean Lecanu, seulement 16 ans, et plusieurs autres. Les Allemands n&rsquo;osaient pas approcher ; l&rsquo;attente fut longue et angoissante ; nous mange\u00e2mes le repas qui nous fut servi dans un seau ; nous avons mang\u00e9 avec la main une poule au riz cuisin\u00e9e avec une forte dose de piment, sans boire, car nous n&rsquo;avions pas d&rsquo;eau. Un feu se d\u00e9clara en for\u00eat suite \u00e0 un tir de mortier ; en ce 14 ao\u00fbt, il faisait tr\u00e8s chaud, et ceux qui ont v\u00e9cu cette journ\u00e9e s&rsquo;en souviennent.<\/strong><\/h4>\n\n\n\n<h4 class=\"wp-block-heading\"><strong>Vers 14 heures, les Allemands sont pass\u00e9s \u00e0 l&rsquo;attaque, mais cinq fusils mitrailleurs dispos\u00e9s sur 20 m\u00e8tres de large nous ont stopp\u00e9s net. Nous avons repris conscience, et apr\u00e8s cette accalmie, je suis all\u00e9 chercher de l&rsquo;eau dans le seau vide. A l&rsquo;entr\u00e9e du camp, il y avait une camionnette pr\u00eate \u00e0 partir avec des gars l\u00e9g\u00e8rement souffrants ou bless\u00e9s. En partant, ils nous ont fait un petit signe de la main&#8230; Ils n&rsquo;avaient plus qu&rsquo;un quart d&rsquo;heure \u00e0 vivre&#8230;<\/strong><\/h4>\n\n\n\n<h4 class=\"wp-block-heading\"><strong>Leurs noms sont aujourd&rsquo;hui grav\u00e9s dans la pierre sur la Croix de Lorraine, o\u00f9 tous les ans la commune comm\u00e9more ce triste jour par une c\u00e9r\u00e9monie du souvenir, toujours aussi \u00e9mouvante. A cela il faut ajouter les assassinats de civils : Paul Bertrand et son fils Claude (8 ans), Robert Fichot et Elie Tremeau, le grand-p\u00e8re d&rsquo;Albert. la journ\u00e9e fut longue et rude, la libert\u00e9 co\u00fbte cher ! Aujourd&rsquo;hui fort heureusement, il fait bon vivre \u00e0 Ouzouer \u00bb<\/strong><\/h4>\n\n\n\n<p>Charles L\u00e9ger, maquis de Lorris, 2003<\/p>\n<\/div><\/div>\n\n\n<div class=\"wp-block-image\">\n<figure class=\"aligncenter is-resized\"><a href=\"https:\/\/maquisdelorris.fr\/resistance\/wp-content\/uploads\/2013\/03\/Monument-Ouzouer-sur-Loire1.jpg\"><img loading=\"lazy\" decoding=\"async\" src=\"https:\/\/maquisdelorris.fr\/resistance\/wp-content\/uploads\/2013\/03\/Monument-Ouzouer-sur-Loire1-1024x768.jpg\" alt=\"Monument Ouzouer sur Loire1\" class=\"wp-image-1532\" style=\"width:485px;height:362px\" width=\"485\" height=\"362\"\/><\/a><figcaption class=\"wp-element-caption\">La plaque en hommage aux cinq FFI abattus le 14 ao\u00fbt 1944 \u00e0 Ouzouer<\/figcaption><\/figure>\n<\/div>\n\n<ol class=\"wp-block-footnotes\"><li id=\"83fe0e67-55be-44aa-810d-aaab70aafa17\">\u00a0<a href=\"https:\/\/maquisdelorris.fr\/resistance\/?p=5952\" target=\"_blank\" rel=\"noreferrer noopener\">Charles L\u00e9ger est d\u00e9c\u00e9d\u00e9 le 16 novembre 2016<\/a> <a href=\"#83fe0e67-55be-44aa-810d-aaab70aafa17-link\" aria-label=\"Aller \u00e0 la note de bas de page 1\">\u21a9\ufe0e<\/a><\/li><\/ol>","protected":false},"excerpt":{"rendered":"<p>Le 14 ao\u00fbt 1944, le violent assaut du r\u00e9giment allemand de s\u00e9curit\u00e9 1010 contre le maquis de Lorris au Carrefour d&rsquo;Orl\u00e9ans et aux alentours faisait 49 morts. Parmi eux,&nbsp;&nbsp;quatre personnes dans le village d&rsquo;Ouzouer sont tu\u00e9es par des Allemands&nbsp;m\u00e9contents d&rsquo;avoir laiss\u00e9 fuir les maquisards cach\u00e9s en for\u00eat, et qui tirent sur tous ceux qu&rsquo;ils rencontrent &hellip; <\/p>\n<p><a class=\"more-link btn\" href=\"https:\/\/maquisdelorris.fr\/resistance\/?page_id=1557\">Lire la suite<\/a><\/p>\n","protected":false},"author":5,"featured_media":0,"parent":44,"menu_order":8,"comment_status":"closed","ping_status":"open","template":"","meta":{"footnotes":"[{\"content\":\"\u00a0<a href=\\\"http:\/\/maquisdelorris.fr\/resistance\/?p=5952\\\" target=\\\"_blank\\\" rel=\\\"noreferrer noopener\\\">Charles L\u00e9ger est d\u00e9c\u00e9d\u00e9 le 16 novembre 2016<\/a>\",\"id\":\"83fe0e67-55be-44aa-810d-aaab70aafa17\"}]"},"class_list":["post-1557","page","type-page","status-publish","hentry","nodate","item-wrap"],"aioseo_notices":[],"_links":{"self":[{"href":"https:\/\/maquisdelorris.fr\/resistance\/index.php?rest_route=\/wp\/v2\/pages\/1557","targetHints":{"allow":["GET"]}}],"collection":[{"href":"https:\/\/maquisdelorris.fr\/resistance\/index.php?rest_route=\/wp\/v2\/pages"}],"about":[{"href":"https:\/\/maquisdelorris.fr\/resistance\/index.php?rest_route=\/wp\/v2\/types\/page"}],"author":[{"embeddable":true,"href":"https:\/\/maquisdelorris.fr\/resistance\/index.php?rest_route=\/wp\/v2\/users\/5"}],"replies":[{"embeddable":true,"href":"https:\/\/maquisdelorris.fr\/resistance\/index.php?rest_route=%2Fwp%2Fv2%2Fcomments&post=1557"}],"version-history":[{"count":0,"href":"https:\/\/maquisdelorris.fr\/resistance\/index.php?rest_route=\/wp\/v2\/pages\/1557\/revisions"}],"up":[{"embeddable":true,"href":"https:\/\/maquisdelorris.fr\/resistance\/index.php?rest_route=\/wp\/v2\/pages\/44"}],"wp:attachment":[{"href":"https:\/\/maquisdelorris.fr\/resistance\/index.php?rest_route=%2Fwp%2Fv2%2Fmedia&parent=1557"}],"curies":[{"name":"wp","href":"https:\/\/api.w.org\/{rel}","templated":true}]}}