{"id":1562,"date":"2013-04-07T14:13:45","date_gmt":"2013-04-07T14:13:45","guid":{"rendered":"http:\/\/maquisdelorris.fr\/resistance\/?page_id=1562"},"modified":"2023-08-14T15:55:21","modified_gmt":"2023-08-14T15:55:21","slug":"la-maison-forestiere-auguste-boussogne","status":"publish","type":"page","link":"https:\/\/maquisdelorris.fr\/resistance\/?page_id=1562","title":{"rendered":"La Maison foresti\u00e8re Auguste Boussogne"},"content":{"rendered":"\n<p>Le samedi 14 octobre 2000, l\u2019<a href=\"https:\/\/maquisdelorris.fr\/resistance\/?page_id=1145\">AFAAM<\/a> organise la c\u00e9r\u00e9monie d\u2019inauguration d&rsquo;un nouveau monument comm\u00e9moratif, devant la Maison foresti\u00e8re Auguste Boussogne, \u00e0 l\u2019Etang des bois, non loin de Lorris. C\u2019est une st\u00e8le en pierre qui vient ainsi remplacer l&rsquo;ancienne Croix de Lorraine en bois fragilis\u00e9e par le temps. Pr\u00e9sent ce jour-l\u00e0, Gilbert Greuin, t\u00e9moin direct des <a href=\"https:\/\/maquisdelorris.fr\/resistance\/?page_id=105\">\u00e9v\u00e9nements du 14 ao\u00fbt 1944<\/a>, revient pour l\u2019occasion sur cette tragique journ\u00e9e. Son t\u00e9moignage est recueilli par Annick Cassignol, du bureau de l\u2019AFAAM.<\/p>\n\n\n\n<p>Gilbert Greuin est originaire de Vielles Maisons, \u00e0 l&rsquo;entr\u00e9e de la for\u00eat. Son p\u00e8re, maire de la commune, est alors responsable d\u2019une scierie \u00e0 l\u2019Etang des bois. Auguste Boussogne est quant \u00e0 lui garde des Eaux et For\u00eats, en charge de la Maison foresti\u00e8re de l\u2019Etang des bois toute proche (voir plan ci-dessous).<\/p>\n\n\n<div class=\"wp-block-image\">\n<figure class=\"alignright size-full is-resized\"><a href=\"https:\/\/maquisdelorris.fr\/resistance\/wp-content\/uploads\/2023\/08\/Auguste-Boussogne.jpg\"><img loading=\"lazy\" decoding=\"async\" src=\"https:\/\/maquisdelorris.fr\/resistance\/wp-content\/uploads\/2023\/08\/Auguste-Boussogne.jpg\" alt=\"\" class=\"wp-image-8321\" style=\"width:194px;height:253px\" width=\"194\" height=\"253\" srcset=\"https:\/\/maquisdelorris.fr\/resistance\/wp-content\/uploads\/2023\/08\/Auguste-Boussogne.jpg 559w, https:\/\/maquisdelorris.fr\/resistance\/wp-content\/uploads\/2023\/08\/Auguste-Boussogne-230x300.jpg 230w\" sizes=\"auto, (max-width: 194px) 100vw, 194px\" \/><\/a><\/figure>\n<\/div>\n\n\n<p>M.Boussogne est garde forestier, mais aussi agent de renseignement. Rappelons que c\u2019est en avril 1944 que sur ordre du colonel O\u2019Neill, <a href=\"https:\/\/maquisdelorris.fr\/resistance\/?page_id=95\">Albin Chalandon<\/a> est charg\u00e9 de recruter des volontaires dans la r\u00e9gion de Lorris, sur les communes de Nogent sur Vernisson, Montereau, Noyers, Le Moulinet, Vieilles Maisons, Thimory\u2026 Auguste Boussogne participe alors au recrutement sur Lorris. Soulignons le r\u00f4le essentiel des services des Eaux et For\u00eats et de ses gardes forestiers, tels M.Arrighi et M.Charton, qui se chargeront \u00e9galement de trouver l\u2019endroit id\u00e9al pour implanter le premier camp du maquis, choix qui se portera finalement sur le lieu-dit \u00ab&nbsp;les&nbsp;Aulnottes&nbsp;\u00bb. Par la suite, M.Boussogne restera en contact permanent avec M.Charton et M.Arrighi au chantier forestier du Carrefour d\u2019Orl\u00e9ans. Tous les renseignements sur les mouvements de troupes de l\u2019occupant, les actions des collaborateurs notoires\u2026 \u00e9taient centralis\u00e9s au Carrefour.<\/p>\n\n\n\n<p>Gilbert Greuin est alors agent de liaison pour le maquis de Lorris. Il est l\u00e0 le 14 ao\u00fbt 1944, le jour o\u00f9 les soldats allemands du r\u00e9giment de s\u00e9curit\u00e9 1010 interviennent pour mettre fin aux activit\u00e9s du maquis qu\u2019ils savent se cacher en for\u00eat non loin du carrefour d\u2019Orl\u00e9ans.<\/p>\n\n\n\n\n\n\n\n<p><strong>Zoomez sur la zone que vous voulez explorer, en mode Plan ou Satellite, et&nbsp;<\/strong><strong>cliquez sur les rep\u00e8res pour afficher plus d\u2019informations, d\u2019autres photos ou documents<\/strong><\/p>\n\n\n\n<p>Vers 8 heures ce matin-l\u00e0, Gilbert Greuin arrive \u00e0 la scierie de son p\u00e8re \u00e0 Vieilles Maisons lorsqu\u2019il voit s\u2019avancer sur la route une colonne de v\u00e9hicules allemands venant d\u2019Orl\u00e9ans en direction de Lorris (ils se dirigent probablement vers le carrefour, voir carte). Il court aussit\u00f4t pr\u00e9venir M.Boussogne, lui enjoignant de quitter les lieux. M.Boussogne, qui \u00e0 ce moment attend la r\u00e9ception d\u2019un message important de Londres en compagnie d\u2019un des chefs du service de renseignement, Emile, dit \u00ab&nbsp;Castor&nbsp;\u00bb, d\u00e9cide de rester sur place. Mal lui en prend. Deux estafettes allemandes \u00e0 bicyclette viennent directement chez lui. M.Boussogne, M.Greuin et Emile sont interpell\u00e9s. Le convoi arrive devant la maison peu apr\u00e8s. Les soldats v\u00e9rifient leurs papiers en entament la fouille en r\u00e8gle de la maison. Ils ne tardent malheureusement pas \u00e0 trouver, dissimul\u00e9 sous un tas de bois, un container parachut\u00e9 depuis l\u2019Angleterre. Il avait de toute \u00e9vidence servi \u00e0 envoyer un poste \u00e9metteur. M.Boussogne tente alors de s\u2019enfuir devant les menaces des soldats qui le traitent de \u00ab\u00a0terroriste\u00a0\u00bb. Un premier coup de feu claque aussit\u00f4t, suivi d&rsquo;une courte rafale, tandis qu\u2019il parvient \u00e0 sortir de la maison.&nbsp;M.Greuin et Emile, qui l\u2019ont alors perdu de vue,&nbsp;sont tra\u00een\u00e9s vers la route, ils&nbsp;entendent quelques instants plus tard l\u2019explosion d\u2019une grenade en provenance de l\u2019\u00e9curie, et c&rsquo;est tout le b\u00e2timent qui prend feu (le garde forestier y stockait des bicyclettes qui servaient occasionnellement au maquis, mais aussi de l&rsquo;essence). Ce qu&rsquo;ils ne savent alors pas, c&rsquo;est que M.Boussogne, bless\u00e9, avait \u00e9t\u00e9 sans m\u00e9nagement relev\u00e9 et jet\u00e9 sur son lit.&nbsp;Ce n\u2019est que le lendemain que son corps sera retrouv\u00e9 carbonis\u00e9 dans les ruines de la maison par M.Greuin p\u00e8re. Son fils et Emile ont pour leur part \u00e9t\u00e9&nbsp;rapidement emmen\u00e9s et interrog\u00e9s pr\u00e8s de Lorris. mais seront finalement lib\u00e9r\u00e9s quelques heures plus tard, parvenant \u00e0 tromper l\u2019ennemi sur leurs intentions : M.Greuin pr\u00e9textera \u00eatre l\u00e0 pour acheter du bois destin\u00e9 \u00e0 la scierie familiale, Emile parvient \u00e0 se justifier par la recherche de logements pour des mariniers sans emploi.<\/p>\n\n\n\n<p>Le soir m\u00eame, c&rsquo;est donc sur les ruines encore fumantes de la maison foresti\u00e8re que tombent 5 maquisards en mission de ravitaillement, esp\u00e9rant emprunter les bicyclettes que conservait M.Boussogne. Il est 19 heures, ils comprennent aussit\u00f4t ce qui s&rsquo;est pass\u00e9 et rebroussent chemin vers Vieilles Maisons. Ils sont alors pris en chasse par une auto mitrailleuse allemande en patrouille qui ouvre le feu sans sommations, alors que les 5 hommes tentent de fuir sur un chemin de terre. Henri Balmain est tu\u00e9 sur le coup, Adolphe Berthiet se jette \u00e0 terre \u00e0 ses c\u00f4t\u00e9s et fait le mort, ce qui lui sauvera la vie. 4 soldats allemands descendus du v\u00e9hicule se lancent \u00e0 la poursuite des 3 autres, passant juste \u00e0 c\u00f4t\u00e9 de Berthiet sans lui pr\u00eater attention. Hubert Bossard, Max Desbois et Henri Raoul sont fauch\u00e9s par des rafales de mitraillettes quelques instants plus tard. Leurs noms figurent aujourd&rsquo;hui sur la nouvelle st\u00e8le en pierre de la Maison foresti\u00e8re de l&rsquo;Etang des bois, rebaptis\u00e9e Maison foresti\u00e8re Auguste Boussogne.<\/p>\n\n\n\n<p><span style=\"font-size: 12px; line-height: 18px;\">&nbsp;<\/span><\/p>\n\n\n<div class=\"wp-block-image\">\n<figure class=\"aligncenter is-resized\"><a href=\"https:\/\/maquisdelorris.fr\/resistance\/wp-content\/uploads\/2013\/04\/img039.jpg\"><img loading=\"lazy\" decoding=\"async\" src=\"https:\/\/maquisdelorris.fr\/resistance\/wp-content\/uploads\/2013\/04\/img039-689x1024.jpg\" alt=\"img039\" class=\"wp-image-1672\" style=\"width:364px;height:541px\" width=\"364\" height=\"541\" srcset=\"https:\/\/maquisdelorris.fr\/resistance\/wp-content\/uploads\/2013\/04\/img039-689x1024.jpg 689w, https:\/\/maquisdelorris.fr\/resistance\/wp-content\/uploads\/2013\/04\/img039-202x300.jpg 202w, https:\/\/maquisdelorris.fr\/resistance\/wp-content\/uploads\/2013\/04\/img039.jpg 1176w\" sizes=\"auto, (max-width: 364px) 100vw, 364px\" \/><\/a><figcaption class=\"wp-element-caption\">Le monument de la Maison foresti\u00e8re de l&rsquo;Etang des bois, jusqu&rsquo;en 2000<br>(Droits r\u00e9serv\u00e9s, AFAAM,2000)<\/figcaption><\/figure>\n<\/div>\n\n<div class=\"wp-block-image\">\n<figure class=\"aligncenter is-resized\"><a href=\"https:\/\/maquisdelorris.fr\/resistance\/wp-content\/uploads\/2013\/04\/37.Monument-Boussogne.jpg\"><img loading=\"lazy\" decoding=\"async\" src=\"https:\/\/maquisdelorris.fr\/resistance\/wp-content\/uploads\/2013\/04\/37.Monument-Boussogne-1024x768.jpg\" alt=\"37.Monument Boussogne\" class=\"wp-image-1668\" style=\"width:577px;height:433px\" width=\"577\" height=\"433\" srcset=\"https:\/\/maquisdelorris.fr\/resistance\/wp-content\/uploads\/2013\/04\/37.Monument-Boussogne-1024x768.jpg 1024w, https:\/\/maquisdelorris.fr\/resistance\/wp-content\/uploads\/2013\/04\/37.Monument-Boussogne-300x225.jpg 300w, https:\/\/maquisdelorris.fr\/resistance\/wp-content\/uploads\/2013\/04\/37.Monument-Boussogne.jpg 1600w\" sizes=\"auto, (max-width: 577px) 100vw, 577px\" \/><\/a><figcaption class=\"wp-element-caption\">La Maison foresti\u00e8re Auguste Boussogne et sa nouvelle st\u00e8le, 2000<br>(Droits r\u00e9serv\u00e9s, AFAAM,2000)<\/figcaption><\/figure>\n<\/div>\n\n<div class=\"wp-block-image\">\n<figure class=\"aligncenter is-resized\"><a href=\"https:\/\/maquisdelorris.fr\/resistance\/wp-content\/uploads\/2013\/04\/40.Rue-des-maquisards-Vieilles-Maisons.jpg\"><img loading=\"lazy\" decoding=\"async\" src=\"https:\/\/maquisdelorris.fr\/resistance\/wp-content\/uploads\/2013\/04\/40.Rue-des-maquisards-Vieilles-Maisons-1024x768.jpg\" alt=\"40.Rue des maquisards Vieilles-Maisons\" class=\"wp-image-1671\" style=\"width:276px;height:207px\" width=\"276\" height=\"207\" srcset=\"https:\/\/maquisdelorris.fr\/resistance\/wp-content\/uploads\/2013\/04\/40.Rue-des-maquisards-Vieilles-Maisons-1024x768.jpg 1024w, https:\/\/maquisdelorris.fr\/resistance\/wp-content\/uploads\/2013\/04\/40.Rue-des-maquisards-Vieilles-Maisons-300x225.jpg 300w, https:\/\/maquisdelorris.fr\/resistance\/wp-content\/uploads\/2013\/04\/40.Rue-des-maquisards-Vieilles-Maisons.jpg 1600w\" sizes=\"auto, (max-width: 276px) 100vw, 276px\" \/><\/a><\/figure>\n<\/div>\n\n<div class=\"wp-block-image\">\n<figure class=\"aligncenter is-resized\"><a href=\"https:\/\/maquisdelorris.fr\/resistance\/wp-content\/uploads\/2013\/04\/38.Monument-Boussogne.jpg\"><img loading=\"lazy\" decoding=\"async\" src=\"https:\/\/maquisdelorris.fr\/resistance\/wp-content\/uploads\/2013\/04\/38.Monument-Boussogne-768x1024.jpg\" alt=\"38.Monument Boussogne\" class=\"wp-image-1669\" style=\"width:576px;height:768px\" width=\"576\" height=\"768\" srcset=\"https:\/\/maquisdelorris.fr\/resistance\/wp-content\/uploads\/2013\/04\/38.Monument-Boussogne-768x1024.jpg 768w, https:\/\/maquisdelorris.fr\/resistance\/wp-content\/uploads\/2013\/04\/38.Monument-Boussogne-225x300.jpg 225w, https:\/\/maquisdelorris.fr\/resistance\/wp-content\/uploads\/2013\/04\/38.Monument-Boussogne.jpg 1200w\" sizes=\"auto, (max-width: 576px) 100vw, 576px\" \/><\/a><figcaption class=\"wp-element-caption\">Le monument de la Maison foresti\u00e8re Auguste Boussogne<br>(Droits r\u00e9serv\u00e9s, AFAAM,2000)<\/figcaption><\/figure>\n<\/div>\n\n<div class=\"wp-block-image\">\n<figure class=\"aligncenter is-resized\"><a href=\"https:\/\/maquisdelorris.fr\/resistance\/wp-content\/uploads\/2013\/04\/Monument-Boussogne-2000.jpg\"><img loading=\"lazy\" decoding=\"async\" src=\"https:\/\/maquisdelorris.fr\/resistance\/wp-content\/uploads\/2013\/04\/Monument-Boussogne-2000-668x1024.jpg\" alt=\"Monument Boussogne 2000\" class=\"wp-image-1696\" style=\"width:501px;height:768px\" width=\"501\" height=\"768\" srcset=\"https:\/\/maquisdelorris.fr\/resistance\/wp-content\/uploads\/2013\/04\/Monument-Boussogne-2000-668x1024.jpg 668w, https:\/\/maquisdelorris.fr\/resistance\/wp-content\/uploads\/2013\/04\/Monument-Boussogne-2000-195x300.jpg 195w, https:\/\/maquisdelorris.fr\/resistance\/wp-content\/uploads\/2013\/04\/Monument-Boussogne-2000.jpg 721w\" sizes=\"auto, (max-width: 501px) 100vw, 501px\" \/><\/a><figcaption class=\"wp-element-caption\">C\u00e9r\u00e9monie devant le monument Auguste Boussogne, 14 octobre 2000<br>(Droits r\u00e9serv\u00e9s, AFAAM,2000)<\/figcaption><\/figure>\n<\/div>\n\n<div class=\"wp-block-image\">\n<figure class=\"aligncenter is-resized\"><a href=\"https:\/\/maquisdelorris.fr\/resistance\/wp-content\/uploads\/2013\/04\/img041.jpg\"><img loading=\"lazy\" decoding=\"async\" src=\"https:\/\/maquisdelorris.fr\/resistance\/wp-content\/uploads\/2013\/04\/img041-300x252.jpg\" alt=\"img041\" class=\"wp-image-1673\" style=\"width:300px;height:252px\" width=\"300\" height=\"252\" srcset=\"https:\/\/maquisdelorris.fr\/resistance\/wp-content\/uploads\/2013\/04\/img041-300x252.jpg 300w, https:\/\/maquisdelorris.fr\/resistance\/wp-content\/uploads\/2013\/04\/img041-1024x862.jpg 1024w\" sizes=\"auto, (max-width: 300px) 100vw, 300px\" \/><\/a><figcaption class=\"wp-element-caption\">En reconnaissance des services rendus par Auguste Boussogne, le \u00ab\u00a0Certificate of Service\u00a0\u00bb sign\u00e9 du Mar\u00e9chal Montgomery en personne en 1945<br>(Droits r\u00e9serv\u00e9s, AFAAM, 2000)<\/figcaption><\/figure>\n<\/div>","protected":false},"excerpt":{"rendered":"<p>Le samedi 14 octobre 2000, l\u2019AFAAM organise la c\u00e9r\u00e9monie d\u2019inauguration d&rsquo;un nouveau monument comm\u00e9moratif, devant la Maison foresti\u00e8re Auguste Boussogne, \u00e0 l\u2019Etang des bois, non loin de Lorris. C\u2019est une st\u00e8le en pierre qui vient ainsi remplacer l&rsquo;ancienne Croix de Lorraine en bois fragilis\u00e9e par le temps. Pr\u00e9sent ce jour-l\u00e0, Gilbert Greuin, t\u00e9moin direct des &hellip; <\/p>\n<p><a class=\"more-link btn\" href=\"https:\/\/maquisdelorris.fr\/resistance\/?page_id=1562\">Lire la suite<\/a><\/p>\n","protected":false},"author":5,"featured_media":0,"parent":44,"menu_order":6,"comment_status":"closed","ping_status":"open","template":"","meta":{"footnotes":""},"class_list":["post-1562","page","type-page","status-publish","hentry","nodate","item-wrap"],"aioseo_notices":[],"_links":{"self":[{"href":"https:\/\/maquisdelorris.fr\/resistance\/index.php?rest_route=\/wp\/v2\/pages\/1562","targetHints":{"allow":["GET"]}}],"collection":[{"href":"https:\/\/maquisdelorris.fr\/resistance\/index.php?rest_route=\/wp\/v2\/pages"}],"about":[{"href":"https:\/\/maquisdelorris.fr\/resistance\/index.php?rest_route=\/wp\/v2\/types\/page"}],"author":[{"embeddable":true,"href":"https:\/\/maquisdelorris.fr\/resistance\/index.php?rest_route=\/wp\/v2\/users\/5"}],"replies":[{"embeddable":true,"href":"https:\/\/maquisdelorris.fr\/resistance\/index.php?rest_route=%2Fwp%2Fv2%2Fcomments&post=1562"}],"version-history":[{"count":0,"href":"https:\/\/maquisdelorris.fr\/resistance\/index.php?rest_route=\/wp\/v2\/pages\/1562\/revisions"}],"up":[{"embeddable":true,"href":"https:\/\/maquisdelorris.fr\/resistance\/index.php?rest_route=\/wp\/v2\/pages\/44"}],"wp:attachment":[{"href":"https:\/\/maquisdelorris.fr\/resistance\/index.php?rest_route=%2Fwp%2Fv2%2Fmedia&parent=1562"}],"curies":[{"name":"wp","href":"https:\/\/api.w.org\/{rel}","templated":true}]}}