{"id":1563,"date":"2015-03-06T15:18:19","date_gmt":"2015-03-06T15:18:19","guid":{"rendered":"http:\/\/maquisdelorris.fr\/resistance\/?page_id=1563"},"modified":"2019-08-12T13:16:29","modified_gmt":"2019-08-12T13:16:29","slug":"la-stele-de-chicamour","status":"publish","type":"page","link":"https:\/\/maquisdelorris.fr\/resistance\/?page_id=1563","title":{"rendered":"La st\u00e8le de Chicamour"},"content":{"rendered":"\n<p>Le 24 juillet 1999, l\u2019<a href=\"https:\/\/maquisdelorris.fr\/resistance\/?page_id=1145\">AFAAM<\/a> participe \u00e0 l\u2019inauguration d\u2019une st\u00e8le \u00e0 Chicamour, en souvenir des <a href=\"https:\/\/maquisdelorris.fr\/resistance\/?page_id=3116%20\">combats du 12 ao\u00fbt 1944<\/a> au cours desquels neuf maquisards de Lorris et deux civils perdirent la vie.<\/p>\n\n\n\n<p>C\u2019est sur la N60, aujourd\u2019hui la D2060, \u00e0 l\u2019intersection de la route de Sury-aux-Bois et Ch\u00e2tenoy, qu\u2019a lieu cette c\u00e9r\u00e9monie en pr\u00e9sence des anciens du maquis. La st\u00e8le remplace une ancienne plaque de fonte d\u00e9t\u00e9rior\u00e9e suite \u00e0 l\u2019incendie de la maison sur laquelle elle \u00e9t\u00e9 appos\u00e9e.<\/p>\n\n\n\n<div class=\"wp-block-image\"><figure class=\"aligncenter is-resized\"><a href=\"https:\/\/maquisdelorris.fr\/resistance\/wp-content\/uploads\/2015\/03\/chicamour-1999.jpg\"><img loading=\"lazy\" decoding=\"async\" src=\"https:\/\/maquisdelorris.fr\/resistance\/wp-content\/uploads\/2015\/03\/chicamour-1999-1024x697.jpg\" alt=\"Inauguration de la st\u00e8le en m\u00e9moire des tu\u00e9s du 12 ao\u00fbt 1944 \u00e0 Chicamour, en pr\u00e9sence de Bernard Chalopin (\u00e0 gauche), le 24 juillet 1999\" class=\"wp-image-3128\" width=\"628\" height=\"428\" srcset=\"https:\/\/maquisdelorris.fr\/resistance\/wp-content\/uploads\/2015\/03\/chicamour-1999-1024x697.jpg 1024w, https:\/\/maquisdelorris.fr\/resistance\/wp-content\/uploads\/2015\/03\/chicamour-1999-300x204.jpg 300w, https:\/\/maquisdelorris.fr\/resistance\/wp-content\/uploads\/2015\/03\/chicamour-1999.jpg 1172w\" sizes=\"auto, (max-width: 628px) 100vw, 628px\" \/><\/a><figcaption>Inauguration de la st\u00e8le en m\u00e9moire des tu\u00e9s du 12 ao\u00fbt 1944 \u00e0 Chicamour, en pr\u00e9sence de Bernard Chalopin (\u00e0 gauche), le 24 juillet 1999 (Droits r\u00e9serv\u00e9s, AFAAM, 1999)<\/figcaption><\/figure><\/div>\n\n\n\n<div class=\"wp-block-image\"><figure class=\"aligncenter is-resized\"><a href=\"https:\/\/maquisdelorris.fr\/resistance\/wp-content\/uploads\/2015\/03\/Chicamour24-07-1999.jpg\"><img loading=\"lazy\" decoding=\"async\" src=\"https:\/\/maquisdelorris.fr\/resistance\/wp-content\/uploads\/2015\/03\/Chicamour24-07-1999.jpg\" alt=\"St\u00e8le de Chicamour\" class=\"wp-image-3129\" width=\"380\" height=\"515\" srcset=\"https:\/\/maquisdelorris.fr\/resistance\/wp-content\/uploads\/2015\/03\/Chicamour24-07-1999.jpg 507w, https:\/\/maquisdelorris.fr\/resistance\/wp-content\/uploads\/2015\/03\/Chicamour24-07-1999-222x300.jpg 222w, https:\/\/maquisdelorris.fr\/resistance\/wp-content\/uploads\/2015\/03\/Chicamour24-07-1999-300x406.jpg 300w\" sizes=\"auto, (max-width: 380px) 100vw, 380px\" \/><\/a><figcaption>St\u00e8le de Chicamour (Y.Penet avait 7 ans et non 3 comme indiqu\u00e9 sur la plaque)<\/figcaption><\/figure><\/div>\n\n\n\n<div class=\"wp-block-image\"><figure class=\"aligncenter is-resized\"><a href=\"https:\/\/maquisdelorris.fr\/resistance\/wp-content\/uploads\/2015\/03\/Pascal-Portal\u00e8s.jpg\"><img loading=\"lazy\" decoding=\"async\" src=\"https:\/\/maquisdelorris.fr\/resistance\/wp-content\/uploads\/2015\/03\/Pascal-Portal\u00e8s-747x1024.jpg\" alt=\"Pascal Portal\u00e8s\" class=\"wp-image-3132\" width=\"350\" height=\"481\" srcset=\"https:\/\/maquisdelorris.fr\/resistance\/wp-content\/uploads\/2015\/03\/Pascal-Portal\u00e8s-747x1024.jpg 747w, https:\/\/maquisdelorris.fr\/resistance\/wp-content\/uploads\/2015\/03\/Pascal-Portal\u00e8s-219x300.jpg 219w, https:\/\/maquisdelorris.fr\/resistance\/wp-content\/uploads\/2015\/03\/Pascal-Portal\u00e8s-300x411.jpg 300w, https:\/\/maquisdelorris.fr\/resistance\/wp-content\/uploads\/2015\/03\/Pascal-Portal\u00e8s.jpg 1880w\" sizes=\"auto, (max-width: 350px) 100vw, 350px\" \/><\/a><figcaption>Pascal Portal\u00e8s (Droits r\u00e9serv\u00e9s, Mus\u00e9e d\u00e9partemental de la R\u00e9sistance et de la D\u00e9portation de Lorris)<\/figcaption><\/figure><\/div>\n\n\n\n<div class=\"wp-block-image\"><figure class=\"aligncenter is-resized\"><a href=\"https:\/\/maquisdelorris.fr\/resistance\/wp-content\/uploads\/2015\/03\/Albert-Marcherat.jpg\"><img loading=\"lazy\" decoding=\"async\" src=\"https:\/\/maquisdelorris.fr\/resistance\/wp-content\/uploads\/2015\/03\/Albert-Marcherat.jpg\" alt=\"Albert Marcherat\" class=\"wp-image-3131\" width=\"350\" height=\"328\"\/><\/a><figcaption>Albert Marcherat (Droits r\u00e9serv\u00e9s, Mus\u00e9e d\u00e9partemental de la R\u00e9sistance et de la D\u00e9portation de Lorris)<\/figcaption><\/figure><\/div>\n\n\n\n<div class=\"wp-block-image\"><figure class=\"aligncenter is-resized\"><a href=\"https:\/\/maquisdelorris.fr\/resistance\/wp-content\/uploads\/2015\/03\/Penet-Yves-tu\u00e9-\u00e0-Chicamour.jpg\"><img loading=\"lazy\" decoding=\"async\" src=\"https:\/\/maquisdelorris.fr\/resistance\/wp-content\/uploads\/2015\/03\/Penet-Yves-tu\u00e9-\u00e0-Chicamour-150x150.jpg\" alt=\"Penet Yves tu\u00e9 \u00e0 Chicamour\" class=\"wp-image-3133\" width=\"230\" height=\"230\"\/><\/a><figcaption>Yves Penet, 7 ans (Droits r\u00e9serv\u00e9s, Mus\u00e9e d\u00e9partemental de la R\u00e9sistance et de la D\u00e9portation de Lorris)<\/figcaption><\/figure><\/div>\n\n\n\n<div class=\"wp-block-image\"><figure class=\"aligncenter is-resized\"><a href=\"https:\/\/maquisdelorris.fr\/resistance\/wp-content\/uploads\/2015\/03\/Pierre-Puget.jpg\"><img decoding=\"async\" src=\"https:\/\/maquisdelorris.fr\/resistance\/wp-content\/uploads\/2015\/03\/Pierre-Puget.jpg\" alt=\"Pierre Puget\" class=\"wp-image-3134\" width=\"350\" srcset=\"https:\/\/maquisdelorris.fr\/resistance\/wp-content\/uploads\/2015\/03\/Pierre-Puget.jpg 330w, https:\/\/maquisdelorris.fr\/resistance\/wp-content\/uploads\/2015\/03\/Pierre-Puget-208x300.jpg 208w, https:\/\/maquisdelorris.fr\/resistance\/wp-content\/uploads\/2015\/03\/Pierre-Puget-300x434.jpg 300w\" sizes=\"(max-width: 330px) 100vw, 330px\" \/><\/a><figcaption>Pierre Puget (Droits r\u00e9serv\u00e9s, Mus\u00e9e d\u00e9partemental de la R\u00e9sistance et de la D\u00e9portation de Lorris)<\/figcaption><\/figure><\/div>\n","protected":false},"excerpt":{"rendered":"<p>Le 24 juillet 1999, l\u2019AFAAM participe \u00e0 l\u2019inauguration d\u2019une st\u00e8le \u00e0 Chicamour, en souvenir des combats du 12 ao\u00fbt 1944 au cours desquels neuf maquisards de Lorris et deux civils perdirent la vie. C\u2019est sur la N60, aujourd\u2019hui la D2060, \u00e0 l\u2019intersection de la route de Sury-aux-Bois et Ch\u00e2tenoy, qu\u2019a lieu cette c\u00e9r\u00e9monie en pr\u00e9sence &hellip; <\/p>\n<p><a class=\"more-link btn\" href=\"https:\/\/maquisdelorris.fr\/resistance\/?page_id=1563\">Lire la suite<\/a><\/p>\n","protected":false},"author":5,"featured_media":0,"parent":44,"menu_order":5,"comment_status":"closed","ping_status":"open","template":"","meta":{"footnotes":""},"class_list":["post-1563","page","type-page","status-publish","hentry","nodate","item-wrap"],"aioseo_notices":[],"_links":{"self":[{"href":"https:\/\/maquisdelorris.fr\/resistance\/index.php?rest_route=\/wp\/v2\/pages\/1563","targetHints":{"allow":["GET"]}}],"collection":[{"href":"https:\/\/maquisdelorris.fr\/resistance\/index.php?rest_route=\/wp\/v2\/pages"}],"about":[{"href":"https:\/\/maquisdelorris.fr\/resistance\/index.php?rest_route=\/wp\/v2\/types\/page"}],"author":[{"embeddable":true,"href":"https:\/\/maquisdelorris.fr\/resistance\/index.php?rest_route=\/wp\/v2\/users\/5"}],"replies":[{"embeddable":true,"href":"https:\/\/maquisdelorris.fr\/resistance\/index.php?rest_route=%2Fwp%2Fv2%2Fcomments&post=1563"}],"version-history":[{"count":0,"href":"https:\/\/maquisdelorris.fr\/resistance\/index.php?rest_route=\/wp\/v2\/pages\/1563\/revisions"}],"up":[{"embeddable":true,"href":"https:\/\/maquisdelorris.fr\/resistance\/index.php?rest_route=\/wp\/v2\/pages\/44"}],"wp:attachment":[{"href":"https:\/\/maquisdelorris.fr\/resistance\/index.php?rest_route=%2Fwp%2Fv2%2Fmedia&parent=1563"}],"curies":[{"name":"wp","href":"https:\/\/api.w.org\/{rel}","templated":true}]}}