{"id":1843,"date":"2013-05-09T08:09:13","date_gmt":"2013-05-09T08:09:13","guid":{"rendered":"http:\/\/maquisdelorris.fr\/resistance\/?page_id=1843"},"modified":"2023-08-14T15:31:54","modified_gmt":"2023-08-14T15:31:54","slug":"henri-ledroit","status":"publish","type":"page","link":"https:\/\/maquisdelorris.fr\/resistance\/?page_id=1843","title":{"rendered":"Henri Ledroit"},"content":{"rendered":"<div class=\"wp-block-image\">\n<figure class=\"alignright is-resized\"><a href=\"https:\/\/maquisdelorris.fr\/resistance\/wp-content\/uploads\/2013\/03\/P1050074-e1363337278286.jpg\"><img loading=\"lazy\" decoding=\"async\" src=\"https:\/\/maquisdelorris.fr\/resistance\/wp-content\/uploads\/2013\/03\/P1050074-e1363337278286-768x1024.jpg\" alt=\"P1050074\" class=\"wp-image-1098\" style=\"width:275px;height:367px\" width=\"275\" height=\"367\" srcset=\"https:\/\/maquisdelorris.fr\/resistance\/wp-content\/uploads\/2013\/03\/P1050074-e1363337278286-768x1024.jpg 768w, https:\/\/maquisdelorris.fr\/resistance\/wp-content\/uploads\/2013\/03\/P1050074-e1363337278286-225x300.jpg 225w, https:\/\/maquisdelorris.fr\/resistance\/wp-content\/uploads\/2013\/03\/P1050074-e1363337278286.jpg 1536w\" sizes=\"auto, (max-width: 275px) 100vw, 275px\" \/><\/a><\/figure>\n<\/div>\n\n\n<p>Parmi les anciens r\u00e9sistants, et r\u00e9sistantes, venus \u00e0 la rencontre de nos \u00e9l\u00e8ves aux Bordes, il en est un qui tient une place toute particuli\u00e8re au coll\u00e8ge Genevi\u00e8ve de Gaulle-Anthonioz. Henri Ledroit<sup data-fn=\"8d2a5f71-1d62-48f5-be7c-c82988eec94c\" class=\"fn\"><a href=\"#8d2a5f71-1d62-48f5-be7c-c82988eec94c\" id=\"8d2a5f71-1d62-48f5-be7c-c82988eec94c-link\">1<\/a><\/sup> a toujours \u00e9t\u00e9 un interlocuteur d\u2019autant plus privil\u00e9gi\u00e9 au coll\u00e8ge qu\u2019il r\u00e9side pour ainsi dire en face de l\u2019\u00e9tablissement, au sein duquel il est toujours accueilli avec beaucoup de plaisir. Les \u00e9l\u00e8ves le connaissent et le respectent \u00e9norm\u00e9ment. M.Ledroit intervient ainsi depuis plusieurs ann\u00e9es dans nos murs pour t\u00e9moigner de son exp\u00e9rience de r\u00e9sistant d\u00e9port\u00e9, le plus souvent en compagnie de son camarade <a href=\"https:\/\/maquisdelorris.fr\/resistance\/?page_id=4135\" target=\"_blank\" rel=\"noopener noreferrer\">Georges S\u00e9guy<\/a>.<\/p>\n\n\n\n<p>Henri Ledroit est n\u00e9 \u00e0 Paris le 17 f\u00e9vrier 1922. Issu d\u2019une famille modeste, il grandit avec son fr\u00e8re rue M\u00e9nilmontant \u00e0 Belleville, sous la garde de leur m\u00e8re. Certificat d\u2019\u00e9tude en poche, Henri Ledroit apprend le m\u00e9tier d\u2019imprimeur. Il travaille \u00e0 l\u2019imprimerie Desfoss\u00e9s \u00e0 Issy les Moulineaux lorsque la guerre \u00e9clate. Influenc\u00e9 tr\u00e8s t\u00f4t par les id\u00e9es \u00ab&nbsp;tr\u00e8s \u00e0 gauche&nbsp;\u00bb de son p\u00e8re selon ses propres termes, lecteur assidu de l\u2019Humanit\u00e9, entr\u00e9 aux Jeunesses communistes, il adh\u00e8re au Parti, comme sa m\u00e8re et son fr\u00e8re avec lui, d\u00e8s le d\u00e9but de la guerre. Ec\u0153ur\u00e9 par la politique de Daladier et de la France en g\u00e9n\u00e9ral (le fiasco de Munich), r\u00e9volt\u00e9 par la signature du pacte germano-sovi\u00e9tique, indign\u00e9 par l\u2019arrestation de dirigeants du Comit\u00e9 central du PC et de syndicalistes communistes, c\u2019est dans la r\u00e9sistance qu\u2019entre alors tr\u00e8s vite Henri Ledroit.<\/p>\n\n\n\n<p>Son premier geste, d\u00e9tourner de l\u2019atelier d\u2019imprimerie dans lequel il travaille des cartes d\u2019alimentation qu\u2019il est charg\u00e9 de fabriquer, pour aider ses camarades entr\u00e9s dans la clandestinit\u00e9 \u00e0 se procurer le minimum gr\u00e2ce \u00e0 ces bons de ravitaillement. Seconde mission, la distribution de tracts appelant \u00e0 r\u00e9sister \u00e0 l\u2019occupant. Jusqu\u2019\u00e0 l\u2019arrestation, et la d\u00e9portation, \u00e0 Mauthausen et ses camps annexes. M.Ledroit raconte aux \u00e9l\u00e8ves ce qu\u2019il appelle toujours sa \u00ab&nbsp;premi\u00e8re vie&nbsp;\u00bb, celle qui le verra revenir des camps, fier d\u2019avoir remport\u00e9 la promesse qu\u2019il s\u2019\u00e9tait faite&nbsp;: <em><strong><a href=\"https:\/\/maquisdelorris.fr\/resistance\/?p=2484\">\u00ab Ils auront la graisse, mais pas les os&nbsp;\u00bb<\/a><\/strong><\/em>. C&rsquo;est d&rsquo;ailleurs sous ce titre que ses m\u00e9moires ont \u00e9t\u00e9 \u00e9dit\u00e9es aux <a href=\"http:\/\/www.editions-de-lecluse.com\/\">Editions de l&rsquo;Ecluse<\/a>, vous y retrouverez son t\u00e9moignage accompagn\u00e9 de nombreux documents patiemment archiv\u00e9s.<\/p>\n\n\n<div class=\"wp-block-image\">\n<figure class=\"aligncenter is-resized\"><a href=\"https:\/\/maquisdelorris.fr\/resistance\/?attachment_id=4118\" rel=\"attachment wp-att-4118\"><img loading=\"lazy\" decoding=\"async\" src=\"https:\/\/maquisdelorris.fr\/resistance\/wp-content\/uploads\/2016\/05\/Plaque-mus\u00e9e-Henri-Ledroit.jpg\" alt=\"La plaque hommage en bonne place dans le carr\u00e9 m\u00e9morial du mus\u00e9e de Lorris\" class=\"wp-image-4118\" style=\"width:441px;height:360px\" width=\"441\" height=\"360\" srcset=\"https:\/\/maquisdelorris.fr\/resistance\/wp-content\/uploads\/2016\/05\/Plaque-mus\u00e9e-Henri-Ledroit.jpg 2214w, https:\/\/maquisdelorris.fr\/resistance\/wp-content\/uploads\/2016\/05\/Plaque-mus\u00e9e-Henri-Ledroit-300x245.jpg 300w, https:\/\/maquisdelorris.fr\/resistance\/wp-content\/uploads\/2016\/05\/Plaque-mus\u00e9e-Henri-Ledroit-768x628.jpg 768w, https:\/\/maquisdelorris.fr\/resistance\/wp-content\/uploads\/2016\/05\/Plaque-mus\u00e9e-Henri-Ledroit-1024x838.jpg 1024w\" sizes=\"auto, (max-width: 441px) 100vw, 441px\" \/><\/a><figcaption class=\"wp-element-caption\">La plaque hommage en bonne place dans le carr\u00e9 m\u00e9morial du mus\u00e9e de Lorris<\/figcaption><\/figure>\n<\/div>\n\n<div class=\"wp-block-image\">\n<figure class=\"aligncenter is-resized\"><a href=\"https:\/\/maquisdelorris.fr\/resistance\/wp-content\/uploads\/2013\/05\/Image-saisie-2.bmp\"><img loading=\"lazy\" decoding=\"async\" src=\"https:\/\/maquisdelorris.fr\/resistance\/wp-content\/uploads\/2013\/05\/Image-saisie-2.bmp\" alt=\"Image saisie 2\" class=\"wp-image-1850\" style=\"width:709px;height:399px\" width=\"709\" height=\"399\"\/><\/a><figcaption class=\"wp-element-caption\"> <em>Henri Ledroit et Georges S\u00e9guy, le 14 f\u00e9vrier 2012 au coll\u00e8ge<\/em><\/figcaption><\/figure>\n<\/div>\n\n\n<p class=\"has-text-align-center\"><em><strong>Travail r\u00e9alis\u00e9&nbsp;par les \u00e9l\u00e8ves du Club R\u00e9sistance 2011\/2012 du coll\u00e8ge Genevi\u00e8ve de Gaulle Anthonioz des Bordes&nbsp;autour du th\u00e8me 2011\/2012 du Concours National de la R\u00e9sistance et de la D\u00e9portation&nbsp;:&nbsp;\u00ab&nbsp;R\u00e9sister dans les camps nazis \u00bb<\/strong><\/em><\/p>\n\n\n\n<h4 class=\"wp-block-heading\"><strong>La r\u00e9sistance<\/strong><\/h4>\n\n\n\n<figure class=\"wp-block-video aligncenter\"><video height=\"180\" style=\"aspect-ratio: 320 \/ 180;\" width=\"320\" controls src=\"https:\/\/maquisdelorris.fr\/resistance\/wp-content\/uploads\/videos\/H.Ledroit-part.1.mp4\"><\/video><figcaption class=\"wp-element-caption\"> <em>T\u00e9moignage recueilli et enregistr\u00e9 par les \u00e9l\u00e8ves du Club R\u00e9sistance 2011\/2012 du coll\u00e8ge Genevi\u00e8ve de Gaulle Anthonioz des Bordes<\/em><br><em>Henri Ledroit et Georges S\u00e9guy, le 14 f\u00e9vrier 2012, au coll\u00e8ge<\/em> <\/figcaption><\/figure>\n\n\n\n<h4 class=\"wp-block-heading\"><strong>L&rsquo;arrestation, la d\u00e9portation<\/strong><\/h4>\n\n\n\n<figure class=\"wp-block-video\"><video height=\"180\" style=\"aspect-ratio: 320 \/ 180;\" width=\"320\" controls src=\"https:\/\/maquisdelorris.fr\/resistance\/wp-content\/uploads\/videos\/H.Ledroit-part.2.1.mp4\"><\/video><\/figure>\n\n\n\n<h4 class=\"wp-block-heading\"><strong>L&rsquo;arriv\u00e9e \u00e0 Mauthausen<\/strong><\/h4>\n\n\n\n<figure class=\"wp-block-video\"><video height=\"180\" style=\"aspect-ratio: 320 \/ 180;\" width=\"320\" controls src=\"https:\/\/maquisdelorris.fr\/resistance\/wp-content\/uploads\/videos\/H.Ledroit-part.2.2.mp4\"><\/video><\/figure>\n\n\n\n<h4 class=\"wp-block-heading\"><strong>Les conditions de vie dans les camps<\/strong><\/h4>\n\n\n\n<figure class=\"wp-block-video\"><video height=\"180\" style=\"aspect-ratio: 320 \/ 180;\" width=\"320\" controls src=\"https:\/\/maquisdelorris.fr\/resistance\/wp-content\/uploads\/videos\/H.Ledroit-part.3.1.mp4\"><\/video><\/figure>\n\n\n\n<h4 class=\"wp-block-heading\"><strong>Les kommandos<\/strong><\/h4>\n\n\n\n<figure class=\"wp-block-video\"><video height=\"180\" style=\"aspect-ratio: 320 \/ 180;\" width=\"320\" controls src=\"https:\/\/maquisdelorris.fr\/resistance\/wp-content\/uploads\/videos\/H.Ledroit-part.3.2.mp4\"><\/video><\/figure>\n\n\n\n<h4 class=\"wp-block-heading\"><strong>La lib\u00e9ration<\/strong><\/h4>\n\n\n\n<figure class=\"wp-block-video\"><video height=\"180\" style=\"aspect-ratio: 320 \/ 180;\" width=\"320\" controls src=\"https:\/\/maquisdelorris.fr\/resistance\/wp-content\/uploads\/videos\/H.Ledroit-part.4.mp4\"><\/video><\/figure>\n\n\n\n<h4 class=\"wp-block-heading\"><strong>\u00ab\u00a0Vous \u00eates notre m\u00e9moire \u00e0 venir\u00a0\u00bb<\/strong><\/h4>\n\n\n\n<figure class=\"wp-block-video\"><video height=\"180\" style=\"aspect-ratio: 320 \/ 180;\" width=\"320\" controls src=\"https:\/\/maquisdelorris.fr\/resistance\/wp-content\/uploads\/videos\/H.Ledroit-part.5.mp4\"><\/video><\/figure>\n\n\n\n<p>Ce t\u00e9moignage a permis la r\u00e9alisation d&rsquo;un DVD (voir jaquette ci-dessous) destin\u00e9 \u00e0 \u00eatre utilis\u00e9 ult\u00e9rieurement&nbsp;par d&rsquo;autres groupes d&rsquo;\u00e9l\u00e8ves, et pr\u00e9sent\u00e9 au&nbsp;Concours National de la R\u00e9sistance et de la D\u00e9portation 2011\/2012 : ce&nbsp;travail r\u00e9alis\u00e9&nbsp;avec les \u00e9l\u00e8ves du Club R\u00e9sistance du coll\u00e8ge Genevi\u00e8ve de Gaulle Anthonioz des Bordes&nbsp;a remport\u00e9 le Premier Prix de la cat\u00e9gorie M\u00e9moire audiovisuel collectif du concours dont le th\u00e8me \u00e9tait :&nbsp;\u00ab&nbsp;R\u00e9sister dans les camps nazis \u00bb.<\/p>\n\n\n<div class=\"wp-block-image\">\n<figure class=\"aligncenter is-resized\"><a href=\"https:\/\/maquisdelorris.fr\/resistance\/wp-content\/uploads\/2013\/05\/psd-jacquette-dvd-2012.jpg\"><img loading=\"lazy\" decoding=\"async\" src=\"https:\/\/maquisdelorris.fr\/resistance\/wp-content\/uploads\/2013\/05\/psd-jacquette-dvd-2012-1024x690.jpg\" alt=\"psd jacquette dvd 2012\" class=\"wp-image-1865\" style=\"width:941px;height:633px\" width=\"941\" height=\"633\" srcset=\"https:\/\/maquisdelorris.fr\/resistance\/wp-content\/uploads\/2013\/05\/psd-jacquette-dvd-2012-1024x690.jpg 1024w, https:\/\/maquisdelorris.fr\/resistance\/wp-content\/uploads\/2013\/05\/psd-jacquette-dvd-2012-300x202.jpg 300w\" sizes=\"auto, (max-width: 941px) 100vw, 941px\" \/><\/a><\/figure>\n<\/div>\n\n<ol class=\"wp-block-footnotes\"><li id=\"8d2a5f71-1d62-48f5-be7c-c82988eec94c\">Henri nous a quitt\u00e9 le 21 mai 2013, voir l\u2019<a href=\"https:\/\/maquisdelorris.fr\/resistance\/?p=2190\" target=\"_blank\" rel=\"noreferrer noopener\">article<\/a>\u00a0que nous lui avons consacr\u00e9 en novembre 2013 <a href=\"#8d2a5f71-1d62-48f5-be7c-c82988eec94c-link\" aria-label=\"Aller \u00e0 la note de bas de page 1\">\u21a9\ufe0e<\/a><\/li><\/ol>","protected":false},"excerpt":{"rendered":"<p>Parmi les anciens r\u00e9sistants, et r\u00e9sistantes, venus \u00e0 la rencontre de nos \u00e9l\u00e8ves aux Bordes, il en est un qui tient une place toute particuli\u00e8re au coll\u00e8ge Genevi\u00e8ve de Gaulle-Anthonioz. Henri Ledroit a toujours \u00e9t\u00e9 un interlocuteur d\u2019autant plus privil\u00e9gi\u00e9 au coll\u00e8ge qu\u2019il r\u00e9side pour ainsi dire en face de l\u2019\u00e9tablissement, au sein duquel il &hellip; <\/p>\n<p><a class=\"more-link btn\" href=\"https:\/\/maquisdelorris.fr\/resistance\/?page_id=1843\">Lire la suite<\/a><\/p>\n","protected":false},"author":5,"featured_media":3876,"parent":570,"menu_order":3,"comment_status":"closed","ping_status":"open","template":"","meta":{"footnotes":"[{\"content\":\"Henri nous a quitt\u00e9 le 21 mai 2013, voir l\u2019<a href=\\\"http:\/\/maquisdelorris.fr\/resistance\/?p=2190\\\" target=\\\"_blank\\\" rel=\\\"noreferrer noopener\\\">article<\/a>\u00a0que nous lui avons consacr\u00e9 en novembre 2013\",\"id\":\"8d2a5f71-1d62-48f5-be7c-c82988eec94c\"}]"},"class_list":["post-1843","page","type-page","status-publish","has-post-thumbnail","hentry","nodate","item-wrap"],"aioseo_notices":[],"_links":{"self":[{"href":"https:\/\/maquisdelorris.fr\/resistance\/index.php?rest_route=\/wp\/v2\/pages\/1843","targetHints":{"allow":["GET"]}}],"collection":[{"href":"https:\/\/maquisdelorris.fr\/resistance\/index.php?rest_route=\/wp\/v2\/pages"}],"about":[{"href":"https:\/\/maquisdelorris.fr\/resistance\/index.php?rest_route=\/wp\/v2\/types\/page"}],"author":[{"embeddable":true,"href":"https:\/\/maquisdelorris.fr\/resistance\/index.php?rest_route=\/wp\/v2\/users\/5"}],"replies":[{"embeddable":true,"href":"https:\/\/maquisdelorris.fr\/resistance\/index.php?rest_route=%2Fwp%2Fv2%2Fcomments&post=1843"}],"version-history":[{"count":0,"href":"https:\/\/maquisdelorris.fr\/resistance\/index.php?rest_route=\/wp\/v2\/pages\/1843\/revisions"}],"up":[{"embeddable":true,"href":"https:\/\/maquisdelorris.fr\/resistance\/index.php?rest_route=\/wp\/v2\/pages\/570"}],"wp:featuredmedia":[{"embeddable":true,"href":"https:\/\/maquisdelorris.fr\/resistance\/index.php?rest_route=\/wp\/v2\/media\/3876"}],"wp:attachment":[{"href":"https:\/\/maquisdelorris.fr\/resistance\/index.php?rest_route=%2Fwp%2Fv2%2Fmedia&parent=1843"}],"curies":[{"name":"wp","href":"https:\/\/api.w.org\/{rel}","templated":true}]}}