{"id":299,"date":"2011-06-11T17:06:16","date_gmt":"2011-06-11T17:06:16","guid":{"rendered":"http:\/\/maquisdelorris.fr\/resistance\/?page_id=299"},"modified":"2023-08-14T15:29:01","modified_gmt":"2023-08-14T15:29:01","slug":"biographies","status":"publish","type":"page","link":"https:\/\/maquisdelorris.fr\/resistance\/?page_id=299","title":{"rendered":"Marc O&rsquo;Neill"},"content":{"rendered":"\n<h3 class=\"wp-block-heading\">Alias&nbsp;: Formule&nbsp;et Marc<\/h3>\n\n\n<div class=\"wp-block-image\">\n<figure class=\"alignright is-resized\"><a href=\"https:\/\/maquisdelorris.fr\/resistance\/wp-content\/uploads\/2011\/06\/Photo-ONeil2.jpg\"><img loading=\"lazy\" decoding=\"async\" src=\"https:\/\/maquisdelorris.fr\/resistance\/wp-content\/uploads\/2011\/06\/Photo-ONeil2-465x1024.jpg\" alt=\"Marc o'Neill\" class=\"wp-image-365\" style=\"width:252px;height:555px\" width=\"252\" height=\"555\" srcset=\"https:\/\/maquisdelorris.fr\/resistance\/wp-content\/uploads\/2011\/06\/Photo-ONeil2-465x1024.jpg 465w, https:\/\/maquisdelorris.fr\/resistance\/wp-content\/uploads\/2011\/06\/Photo-ONeil2-136x300.jpg 136w, https:\/\/maquisdelorris.fr\/resistance\/wp-content\/uploads\/2011\/06\/Photo-ONeil2.jpg 774w\" sizes=\"auto, (max-width: 252px) 100vw, 252px\" \/><\/a><figcaption class=\"wp-element-caption\">Le colonel Marc O&rsquo;Neill (Droits r\u00e9serv\u00e9s, Mus\u00e9e D\u00e9partemental de la R\u00e9sistance et de la d\u00e9portation de Lorris)<\/figcaption><\/figure>\n<\/div>\n\n\n<p>Marc O\u2019Neill est n\u00e9 le 29 octobre 1909 au Mans dans la Sarthe&nbsp;; son p\u00e8re, le g\u00e9n\u00e9ral O\u2019Neill, est mort des suites de ses blessures re\u00e7ues pendant la Grande Guerre.<\/p>\n\n\n\n<p>Apr\u00e8s des \u00e9tudes au coll\u00e8ge Stanislas de Nantes puis au lyc\u00e9e Louis-le-Grand \u00e0 Paris, il entre \u00e0 l&rsquo;Ecole sp\u00e9ciale militaire de Saint-Cyr en 1930 et en sort dans la promotion \u00ab\u00a0Joffre\u00a0\u00bb.<\/p>\n\n\n\n<p>Il est d&rsquo;abord affect\u00e9 au 3e R\u00e9giment d&rsquo;automitrailleuses puis passe \u00e0 l&rsquo;\u00e9cole sup\u00e9rieure de fabrication d&rsquo;armement \u00e0 Puteaux.<\/p>\n\n\n\n<p>Marc O\u2019Neill participe brillamment aux combats de 1940 comme officier de la 4e&nbsp;Division cuirass\u00e9e et est bless\u00e9 sur la Somme. Il refuse d&rsquo;\u00eatre \u00e9vacu\u00e9 et se trouve \u00e0 Chasseneuil dans la Vienne au moment de l&rsquo;armistice.<\/p>\n\n\n\n<p>Tr\u00e8s vite, il est mut\u00e9 au 1er R\u00e9giment de chasseurs \u00e0 Vienne et, refusant de pr\u00eater serment au Mar\u00e9chal P\u00e9tain, il se voit refuser l&rsquo;octroi de la L\u00e9gion d&rsquo;Honneur pour laquelle il avait \u00e9t\u00e9 propos\u00e9 \u00e0 titre militaire pour sa participation \u00e0 la campagne de France.<\/p>\n\n\n\n<p>Il est ensuite envoy\u00e9 au Maroc en avril 1941 o\u00f9 il est charg\u00e9 de l&rsquo;\u00e9tablissement du mat\u00e9riel \u00e0 l&rsquo;Ecole de Cavalerie \u00e0 Mekn\u00e8s puis du camouflage du mat\u00e9riel. En avril 1942, il est nomm\u00e9 \u00e0 la Direction du Mat\u00e9riel \u00e0 Clermont-Ferrand puis \u00e0 Paris. Il profite de cet emploi pour faire passer clandestinement plusieurs tonnnes de mat\u00e9riel en zone libre.<\/p>\n\n\n\n<p>En novembre 1942, il quitte la Direction du Mat\u00e9riel et entre \u00e0 l&rsquo;Organisation civile et militaire (OCM) par l&rsquo;interm\u00e9diaire d&rsquo;un camarade, afin d&rsquo;aider \u00e0 la mise en place de la r\u00e9sistance en r\u00e9gion parisienne.<\/p>\n\n\n\n<p>Le capitaine Marc O\u2019Neill, en mai 1943, re\u00e7oit la responsabilit\u00e9 du commandement des formations militaires de l&rsquo;OCM en r\u00e9gion parisienne ; en juillet 1943, il quitte l&rsquo;OCM car il est nomm\u00e9 responsable des maquis de la zone Nord ; aid\u00e9 notamment de sa femme Marie-Th\u00e9r\u00e8se, il r\u00e9ussit ses deux premiers parachutages dans le Loiret et dans l&rsquo;Oise gr\u00e2ce \u00e0 des contacts avec le&nbsp;<em>Special Operations Executive <\/em>(SOE) britannique. Bient\u00f4t, il r\u00e9unit sous son autorit\u00e9 directe les organisations mises en place dans les quatre d\u00e9partements de l&rsquo;Eure-et-Loir, du Loir-et-Cher, du Cher et du Loiret qui forment avec la Ni\u00e8vre la R\u00e9gion P2. Il regroupe l&rsquo;ensemble de ces forces sous le nom de Volontaires paysans et ouvriers (VPO).<\/p>\n\n\n\n<p>Fin mars 1944, le lieutenant-colonel FFI O\u2019Neill est nomm\u00e9 D\u00e9l\u00e9gu\u00e9 militaire r\u00e9gional pour la R\u00e9gion P2 et quitte Paris&nbsp;afin de rester au contact de la r\u00e9gion qu&rsquo;il dirige militairement et s&rsquo;installe \u00e0 Vitry-aux-Loges. Jusqu&rsquo;au d\u00e9barquement, il s&rsquo;occupe de la mise en place des diff\u00e9rents plans (parachutages, liaisons) et prend part avec ses maquis (maquis de Lorris) \u00e0 la lib\u00e9ration de la r\u00e9gion par des raids de harc\u00e8lement des forces allemandes par des unit\u00e9s motoris\u00e9es. Les maquis d\u2019Eure-et-Loir grossissent en m\u00eame temps que les moyens de communication allemands diminuent.<\/p>\n\n\n\n<p>Le 17 ao\u00fbt il lib\u00e8re avec ses hommes la ville de Ch\u00e2teauneuf-sur-Loire et entre le m\u00eame jour \u00e0 dans Orl\u00e9ans, installant son PC \u00e0 la Pr\u00e9fecture.<\/p>\n\n\n\n<p>Le lieutenant-colonel O\u2019Neill parvient \u00e0 amener jusqu&rsquo;\u00e0 Paris deux maquis motoris\u00e9s venant de Chartres et d&rsquo;Orl\u00e9ans qui \u00e9tablissent le contact avec les unit\u00e9s de la 2e DB \u00e0 Morangis. Il dirige personnellement, le 25 ao\u00fbt, la prise de l&rsquo;Ecole Militaire avec deux sections pendant que les autres sections de ses maquis prennent le Minist\u00e8re des Affaires \u00e9trang\u00e8res et la Chambre des D\u00e9put\u00e9s. Ces op\u00e9rations permettent de faire plusieurs centaines de prisonniers.<\/p>\n\n\n\n<p>Le 27 ao\u00fbt il retourne \u00e0 Orl\u00e9ans avant d&rsquo;\u00eatre nomm\u00e9 sur sa demande, en septembre 1944, \u00e0 la D\u00e9l\u00e9gation militaire nationale sous les ordres du g\u00e9n\u00e9ral&nbsp;Chaban-Delmas&nbsp;qui lui confie l&rsquo;inspection mobile de l&rsquo;arm\u00e9e.<\/p>\n\n\n\n<p>La capitulation allemande le trouve, en mai 1945, \u00e0 la t\u00eate du 2e&nbsp;R\u00e9giment de hussards qu&rsquo;il quitte pour le Bureau scientifique de l&rsquo;Arm\u00e9e.<\/p>\n\n\n\n<p>Entre 1946 et 1952, il travaille dans l&rsquo;industrie du p\u00e9trole et ses d\u00e9riv\u00e9s ; il est notamment g\u00e9rant de deux soci\u00e9t\u00e9s de mati\u00e8res plastiques de 1948 \u00e0 1952. Fin 1954, il occupe le poste de Secr\u00e9taire adjoint de l&rsquo;Ordre de la Lib\u00e9ration jusqu&rsquo;\u00e0 son d\u00e9part pour l&rsquo;Alg\u00e9rie.<\/p>\n\n\n\n<p>En 1956, le lieutenant-colonel O\u2019Neill re\u00e7oit le commandement en second de la 532e&nbsp;Demi-brigade d&rsquo;infanterie de l&rsquo;Air en Alg\u00e9rie. Embarqu\u00e9 le 16 juillet \u00e0 Marseille, il arrive \u00e0 Oran le 17 et, tout de suite, il veut prendre part \u00e0 une action men\u00e9e par une unit\u00e9 voisine afin d&rsquo;initier imm\u00e9diatement les officiers de la Demi-Brigade \u00e0 ce type d&rsquo;op\u00e9rations nouveau pour eux.<\/p>\n\n\n\n<p>A 40 kilom\u00e8tres au Sud d&rsquo;Oran, \u00e0 Sidi Ralhem pr\u00e8s de Safaroui, le 18 juillet 1956, il tombe avec ses hommes dans une embuscade tendue par un ennemi sup\u00e9rieur en nombre. Avec 23 de ses hommes, le lieutenant-colonel O\u2019Neill est tu\u00e9 au cours de l&rsquo;affrontement.<\/p>\n\n\n\n<p>Temporairement inhum\u00e9 au cimeti\u00e8re du petit Lac \u00e0 Oran, la d\u00e9pouille du lieutenant-colonel O&rsquo;Neill est rapatri\u00e9e en France et de nouveau inhum\u00e9e le 7 juin 1957 en for\u00eat d&rsquo;Orl\u00e9ans, devant le monument aux morts du maquis de Lorris qu&rsquo;il avait dirig\u00e9 pendant la guerre.<\/p>\n\n\n\n<div class=\"wp-block-media-text is-stacked-on-mobile\" style=\"grid-template-columns:43% auto\"><figure class=\"wp-block-media-text__media\"><img loading=\"lazy\" decoding=\"async\" width=\"575\" height=\"1024\" src=\"https:\/\/maquisdelorris.fr\/resistance\/wp-content\/uploads\/2018\/08\/20180812_145211-575x1024.jpg\" alt=\"\" class=\"wp-image-5644 size-full\" srcset=\"https:\/\/maquisdelorris.fr\/resistance\/wp-content\/uploads\/2018\/08\/20180812_145211-575x1024.jpg 575w, https:\/\/maquisdelorris.fr\/resistance\/wp-content\/uploads\/2018\/08\/20180812_145211-168x300.jpg 168w, https:\/\/maquisdelorris.fr\/resistance\/wp-content\/uploads\/2018\/08\/20180812_145211-768x1368.jpg 768w, https:\/\/maquisdelorris.fr\/resistance\/wp-content\/uploads\/2018\/08\/20180812_145211-640x1140.jpg 640w\" sizes=\"auto, (max-width: 575px) 100vw, 575px\" \/><\/figure><div class=\"wp-block-media-text__content\">\n<h4 class=\"wp-block-heading\" id=\"block-b530c589-8193-401d-b9bf-eb82d5e301d4\"><strong>\u2022 Officier de la L\u00e9gion d&rsquo;Honneur<br>\u2022 <a href=\"https:\/\/maquisdelorris.fr\/resistance\/?page_id=1258\">Compagnon de la Lib\u00e9ration<\/a> &#8211; d\u00e9cret du 26 septembre 1945<br>\u2022 Croix de Guerre 39\/45<br>\u2022 Croix de la Valeur Militaire avec palme (titre posthume)<br>\u2022 M\u00e9daille de l&rsquo;A\u00e9ronautique<br>\u2022 Officier de l&rsquo;Ordre de l&rsquo;Empire Britannique<\/strong><\/h4>\n<\/div><\/div>\n\n\n\n<blockquote class=\"wp-block-quote is-style-large is-layout-flow wp-block-quote-is-layout-flow\">\n<h2 class=\"wp-block-heading\"><\/h2>\n<cite> <a href=\"http:\/\/www.ordredelaliberation.fr\/\">http:\/\/www.ordredelaliberation.fr<\/a><em> <\/em> <\/cite><\/blockquote>\n","protected":false},"excerpt":{"rendered":"<p>Alias&nbsp;: Formule&nbsp;et Marc Marc O\u2019Neill est n\u00e9 le 29 octobre 1909 au Mans dans la Sarthe&nbsp;; son p\u00e8re, le g\u00e9n\u00e9ral O\u2019Neill, est mort des suites de ses blessures re\u00e7ues pendant la Grande Guerre. Apr\u00e8s des \u00e9tudes au coll\u00e8ge Stanislas de Nantes puis au lyc\u00e9e Louis-le-Grand \u00e0 Paris, il entre \u00e0 l&rsquo;Ecole sp\u00e9ciale militaire de Saint-Cyr &hellip; <\/p>\n<p><a class=\"more-link btn\" href=\"https:\/\/maquisdelorris.fr\/resistance\/?page_id=299\">Lire la suite<\/a><\/p>\n","protected":false},"author":5,"featured_media":5890,"parent":570,"menu_order":20,"comment_status":"open","ping_status":"closed","template":"","meta":{"footnotes":""},"class_list":["post-299","page","type-page","status-publish","has-post-thumbnail","hentry","nodate","item-wrap"],"aioseo_notices":[],"_links":{"self":[{"href":"https:\/\/maquisdelorris.fr\/resistance\/index.php?rest_route=\/wp\/v2\/pages\/299","targetHints":{"allow":["GET"]}}],"collection":[{"href":"https:\/\/maquisdelorris.fr\/resistance\/index.php?rest_route=\/wp\/v2\/pages"}],"about":[{"href":"https:\/\/maquisdelorris.fr\/resistance\/index.php?rest_route=\/wp\/v2\/types\/page"}],"author":[{"embeddable":true,"href":"https:\/\/maquisdelorris.fr\/resistance\/index.php?rest_route=\/wp\/v2\/users\/5"}],"replies":[{"embeddable":true,"href":"https:\/\/maquisdelorris.fr\/resistance\/index.php?rest_route=%2Fwp%2Fv2%2Fcomments&post=299"}],"version-history":[{"count":0,"href":"https:\/\/maquisdelorris.fr\/resistance\/index.php?rest_route=\/wp\/v2\/pages\/299\/revisions"}],"up":[{"embeddable":true,"href":"https:\/\/maquisdelorris.fr\/resistance\/index.php?rest_route=\/wp\/v2\/pages\/570"}],"wp:featuredmedia":[{"embeddable":true,"href":"https:\/\/maquisdelorris.fr\/resistance\/index.php?rest_route=\/wp\/v2\/media\/5890"}],"wp:attachment":[{"href":"https:\/\/maquisdelorris.fr\/resistance\/index.php?rest_route=%2Fwp%2Fv2%2Fmedia&parent=299"}],"curies":[{"name":"wp","href":"https:\/\/api.w.org\/{rel}","templated":true}]}}