{"id":3116,"date":"2015-03-06T15:21:39","date_gmt":"2015-03-06T15:21:39","guid":{"rendered":"http:\/\/maquisdelorris.fr\/resistance\/?page_id=3116"},"modified":"2023-08-14T13:39:29","modified_gmt":"2023-08-14T13:39:29","slug":"lembuscade-de-chicamour","status":"publish","type":"page","link":"https:\/\/maquisdelorris.fr\/resistance\/?page_id=3116","title":{"rendered":"L&#8217;embuscade de Chicamour"},"content":{"rendered":"\n<p>Que s\u2019est-il pass\u00e9 le 12 ao\u00fbt 1944&nbsp;\u00e0 Chicamour&nbsp;? Rappelons tout d&rsquo;abord le contexte&nbsp;:<\/p>\n\n\n\n<p>Suite \u00e0 l\u2019attaque du maquis de Vitry-aux-Loges le 17 juillet, puis celui de Chambon le 6 ao\u00fbt, ce sont 3 compagnies qui s\u2019organisent au camp du Ravoir, soit \u00e0 ce moment-l\u00e0 environ 450 hommes. Alors que les Am\u00e9ricains approchent de la r\u00e9gion, le colonel O\u2019Neill d\u00e9cide d\u2019attaquer Orl\u00e9ans. On sait que tout ne se passera pas comme pr\u00e9vu bien s\u00fbr, la violente attaque du maquis le <a href=\"https:\/\/maquisdelorris.fr\/resistance\/?page_id=105\">14 ao\u00fbt<\/a> bouleversant ces plans.<\/p>\n\n\n\n<p>Dans le cadre de la pr\u00e9paration de cette mission d\u00e9licate, il est d\u00e9cid\u00e9 d\u00e9but ao\u00fbt de r\u00e9cup\u00e9rer d\u2019une mani\u00e8re ou d\u2019une autre le plus grand nombre de v\u00e9hicules possibles. Beaucoup sont ainsi r\u00e9quisitionn\u00e9s gr\u00e2ce au travail du lieutenant Michel et du gendarme Roger Dupeu qui rejoint le maquis. Avec une liste fournie par la mairie, ils \u00ab&nbsp;empruntent \u00bb tous les v\u00e9hicules en bon \u00e9tat susceptibles de transporter sur Orl\u00e9ans les 450 hommes pr\u00eats \u00e0 en d\u00e9coudre.<\/p>\n\n\n\n<p>Cependant, ces r\u00e9quisitions ne suffisent pas, et des embuscades sont alors organis\u00e9es sur la N60 pour intercepter des v\u00e9hicules allemands. La N60 est alors le lieu de passage privil\u00e9gi\u00e9 des troupes allemandes qui se replient d\u2019Orl\u00e9ans vers Montargis (voir plan ci-dessous). Apr\u00e8s Ch\u00e2teauneuf-sur-Loire et jusqu\u2019\u00e0 Bellegarde, la route traverse en ligne droite une quinzaine de kilom\u00e8tres de for\u00eat touffue \u00e0 souhait, fournissant l\u2019abri n\u00e9cessaire aux r\u00e9sistants pour se camoufler et attendre les v\u00e9hicules allemands.<\/p>\n\n\n<div class=\"wp-block-image\">\n<figure class=\"aligncenter is-resized\"><a href=\"https:\/\/maquisdelorris.fr\/resistance\/wp-content\/uploads\/2015\/03\/Carte-secteur-Chicamour.jpg\"><img loading=\"lazy\" decoding=\"async\" src=\"https:\/\/maquisdelorris.fr\/resistance\/wp-content\/uploads\/2015\/03\/Carte-secteur-Chicamour.jpg\" alt=\"Carte secteur Chicamour\" class=\"wp-image-3141\" style=\"width:743px;height:566px\" width=\"743\" height=\"566\" srcset=\"https:\/\/maquisdelorris.fr\/resistance\/wp-content\/uploads\/2015\/03\/Carte-secteur-Chicamour.jpg 1007w, https:\/\/maquisdelorris.fr\/resistance\/wp-content\/uploads\/2015\/03\/Carte-secteur-Chicamour-300x229.jpg 300w\" sizes=\"auto, (max-width: 743px) 100vw, 743px\" \/><\/a><figcaption class=\"wp-element-caption\">Entre le carrefour des 6 routes et Chicamour, quelques kilom\u00e8tres seulement &#8211; Cliquer pour agrandir<\/figcaption><\/figure>\n<\/div>\n\n\n<p>Conform\u00e9ment aux ordres, un&nbsp;groupe de la compagnie Robert se place entre la maison foresti\u00e8re de Chicamour et le carrefour dit des 6 routes. Mais ils ignorent qu&rsquo;un second groupe de 18 hommes de la compagnie Paul est&nbsp;positionn\u00e9 \u00e0 peine 2&nbsp;kilom\u00e8tres plus loin au niveau du carrefour Ch\u00e2tenoy \/ Sury-aux-bois. Charg\u00e9s au d\u00e9part de r\u00e9quisitionner une voiture \u00e0 Nancray, ces hommes se sont retrouv\u00e9s bredouilles : le v\u00e9hicule a d\u00e9j\u00e0 \u00e9t\u00e9 r\u00e9quisitionn\u00e9 par un groupe de parachutistes anglais&nbsp;! Leur d\u00e9cision unilat\u00e9rale de venir se placer en embuscade sur la N60 sera lourde de cons\u00e9quences.<\/p>\n\n\n\n<p>Michel Deprecq fait partie du groupe de la compagnie Robert, il raconte :<\/p>\n\n\n\n<div class=\"wp-block-columns is-layout-flex wp-container-core-columns-is-layout-9d6595d7 wp-block-columns-is-layout-flex\">\n<div class=\"wp-block-column is-layout-flow wp-block-column-is-layout-flow\" style=\"flex-basis:33.33%\"><div class=\"wp-block-image\">\n<figure class=\"alignleft size-full is-resized\"><a href=\"https:\/\/maquisdelorris.fr\/resistance\/wp-content\/uploads\/2023\/08\/Michel-Deprecq.jpg\"><img loading=\"lazy\" decoding=\"async\" src=\"https:\/\/maquisdelorris.fr\/resistance\/wp-content\/uploads\/2023\/08\/Michel-Deprecq.jpg\" alt=\"\" class=\"wp-image-8354\" style=\"width:207px;height:285px\" width=\"207\" height=\"285\" srcset=\"https:\/\/maquisdelorris.fr\/resistance\/wp-content\/uploads\/2023\/08\/Michel-Deprecq.jpg 482w, https:\/\/maquisdelorris.fr\/resistance\/wp-content\/uploads\/2023\/08\/Michel-Deprecq-218x300.jpg 218w\" sizes=\"auto, (max-width: 207px) 100vw, 207px\" \/><\/a><figcaption class=\"wp-element-caption\">Michel Deprecq<\/figcaption><\/figure>\n<\/div><\/div>\n\n\n\n<div class=\"wp-block-column is-layout-flow wp-block-column-is-layout-flow\" style=\"flex-basis:66.66%\"><div class=\"wp-block-image\">\n<figure class=\"alignleft size-large is-resized\"><a href=\"https:\/\/maquisdelorris.fr\/resistance\/wp-content\/uploads\/2015\/03\/T\u00e9moignage-Chicamour-M.Deprecq.jpg\"><img loading=\"lazy\" decoding=\"async\" src=\"https:\/\/maquisdelorris.fr\/resistance\/wp-content\/uploads\/2015\/03\/T\u00e9moignage-Chicamour-M.Deprecq-724x1024.jpg\" alt=\"\" class=\"wp-image-3143\" style=\"width:681px;height:963px\" width=\"681\" height=\"963\" srcset=\"https:\/\/maquisdelorris.fr\/resistance\/wp-content\/uploads\/2015\/03\/T\u00e9moignage-Chicamour-M.Deprecq-724x1024.jpg 724w, https:\/\/maquisdelorris.fr\/resistance\/wp-content\/uploads\/2015\/03\/T\u00e9moignage-Chicamour-M.Deprecq-212x300.jpg 212w, https:\/\/maquisdelorris.fr\/resistance\/wp-content\/uploads\/2015\/03\/T\u00e9moignage-Chicamour-M.Deprecq-300x424.jpg 300w\" sizes=\"auto, (max-width: 681px) 100vw, 681px\" \/><\/a><\/figure>\n<\/div><\/div>\n<\/div>\n\n\n\n<p>Michel Deprecq porte toujours sur lui, aujourd&rsquo;hui encore<sup data-fn=\"f59c67d1-19b2-41cd-bb49-bc58bab9c0c0\" class=\"fn\"><a href=\"#f59c67d1-19b2-41cd-bb49-bc58bab9c0c0\" id=\"f59c67d1-19b2-41cd-bb49-bc58bab9c0c0-link\">1<\/a><\/sup>, la balle qui a failli lui co\u00fbter la vie ce jour-l\u00e0.&nbsp;<\/p>\n\n\n\n<p>Les hommes de la compagnie Paul, d\u00e9tachement command\u00e9 par le sergent-chef Remont, se sont donc mis donc en embuscade sur la N60 \u00e0 hauteur du lieu-dit de Chicamour en fin de matin\u00e9e. Un premier camion allemand est stopp\u00e9. Ce premier accrochage se solde par la mort de trois Allemands, deux autres s&rsquo;enfuient dans les bois. Le camion captur\u00e9, une ambulance Opel Blitz, est aussit\u00f4t conduit au maquis. Un second camion se pr\u00e9sente, est stopp\u00e9. Mais l&rsquo;op\u00e9ration d\u00e9rape : ce camion n&rsquo;est que le premier&nbsp;d\u2019une colonne motoris\u00e9e de huit v\u00e9hicules qui transporte plusieurs dizaines de soldats allemands. Les combats sont extr\u00eamement violents. Huit&nbsp;hommes sont rapidement&nbsp;mis hors de combat&nbsp;dans les rangs du maquis.<\/p>\n\n\n\n<p>Deux autres&nbsp;s&#8217;empressent de d\u00e9crocher pour donner l&rsquo;alarme au camp du Ravoir. Le lieutenant Albin Chalandon, \u00e0 la t\u00eate&nbsp;de 150 hommes lourdement arm\u00e9s de la compagnie Albin, arrive en renfort vers 15h30 \u00e0 Chicamour&nbsp;pour tenter de d\u00e9gager l&rsquo;unit\u00e9 encercl\u00e9e.&nbsp;Les Allemands occupent maintenant trois b\u00e2timents. De plus, ils ont allum\u00e9 un incendie qui forme un voile infranchissable entre les combattants. Pourtant les&nbsp;maquisards&nbsp;parviennent \u00e0 d\u00e9loger l&rsquo;ennemi de la premi\u00e8re ferme, en en tuant une douzaine, au prix de deux longues heures d&rsquo;un combat harassant. Le chef de groupe Pierre Puget, de la compagnie Albin, est alors tu\u00e9 lors des combats contre les Allemands organis\u00e9s autour des deux autres b\u00e2timents. Les combats se poursuivent ainsi jusqu&rsquo;\u00e0 la nuit tomb\u00e9e faisant encore de nombreux morts&nbsp;c\u00f4t\u00e9 allemand (le lieutenant Albin&nbsp;les \u00e9valuera \u00e0 plus de 60). Alors que la compagnie Albin organise le repli, les hommes de la compagnie Robert lancent une diversion sur les arri\u00e8res de l&rsquo;ennemi, s&#8217;emparant au passage du contenu de 4 nouveaux v\u00e9hicules intercept\u00e9s alors qu&rsquo;ils se dirigeaient sur les lieux du drame. Tous les maquisards r\u00e9ussirent \u00e0 se regrouper sans plus de pertes au camp du Ravoir.<\/p>\n\n\n<div class=\"wp-block-image\">\n<figure class=\"aligncenter\"><a href=\"https:\/\/maquisdelorris.fr\/resistance\/wp-content\/uploads\/2015\/03\/Plan-combats-Chicamour.jpg\"><img loading=\"lazy\" decoding=\"async\" width=\"1024\" height=\"400\" src=\"https:\/\/maquisdelorris.fr\/resistance\/wp-content\/uploads\/2015\/03\/Plan-combats-Chicamour-1024x400.jpg\" alt=\"Plan des combats de Chicamour du 12 ao\u00fbt 1944\" class=\"wp-image-3152\" srcset=\"https:\/\/maquisdelorris.fr\/resistance\/wp-content\/uploads\/2015\/03\/Plan-combats-Chicamour-1024x400.jpg 1024w, https:\/\/maquisdelorris.fr\/resistance\/wp-content\/uploads\/2015\/03\/Plan-combats-Chicamour-300x117.jpg 300w\" sizes=\"auto, (max-width: 1024px) 100vw, 1024px\" \/><\/a><figcaption class=\"wp-element-caption\">Plan des combats de Chicamour du 12 ao\u00fbt 1944 &#8211; Cliquer pour agrandir<\/figcaption><\/figure>\n<\/div>\n\n\n<p>L&rsquo;\u00e9motion est grande ce soir-l\u00e0.&nbsp;Le maquis d\u00e9plore 9 tu\u00e9s et 7 bless\u00e9s (certains seront \u00e9vacu\u00e9s, d&rsquo;autres froidement abattus le 14 ao\u00fbt lorsque les Allemands investissent les baraquements du chantier forestier au carrefour d&rsquo;Orl\u00e9ans).<\/p>\n\n\n\n<p>Le capitaine Albert raconte ces heures sombres :<\/p>\n\n\n\n<div class=\"wp-block-media-text is-stacked-on-mobile\" style=\"grid-template-columns:21% auto\"><figure class=\"wp-block-media-text__media\"><img loading=\"lazy\" decoding=\"async\" width=\"516\" height=\"572\" src=\"https:\/\/maquisdelorris.fr\/resistance\/wp-content\/uploads\/2015\/04\/Benjamin-Passet.jpg\" alt=\"\" class=\"wp-image-3453 size-full\" srcset=\"https:\/\/maquisdelorris.fr\/resistance\/wp-content\/uploads\/2015\/04\/Benjamin-Passet.jpg 516w, https:\/\/maquisdelorris.fr\/resistance\/wp-content\/uploads\/2015\/04\/Benjamin-Passet-271x300.jpg 271w, https:\/\/maquisdelorris.fr\/resistance\/wp-content\/uploads\/2015\/04\/Benjamin-Passet-300x333.jpg 300w\" sizes=\"auto, (max-width: 516px) 100vw, 516px\" \/><\/figure><div class=\"wp-block-media-text__content\">\n<h4 class=\"wp-block-heading\"><em><strong>Au maquis, la veill\u00e9e du corps de Pierre Puget s&rsquo;organise et les dispositions sont prises pour l&rsquo;enterrer le lendemain.<\/strong><\/em><\/h4>\n\n\n\n<h4 class=\"wp-block-heading\"><em><strong>Le 13 ao\u00fbt, le maquis re\u00e7oit la visite du Commandant d&rsquo;Aboville, adjoint du colonel O&rsquo;Neill, qui vient s&rsquo;incliner devant notre premier mort, et apporter les ordres concernant la marche sur Orl\u00e9ans. Le commandant d&rsquo;Aboville inspecte le camp, puis les deux compagnies Albin et Robert lui sont pr\u00e9sent\u00e9es.<\/strong><\/em><\/h4>\n\n\n\n<h4 class=\"wp-block-heading\"><em><strong>Ce m\u00eame jour, Pierre Puget est inhum\u00e9 dans la clairi\u00e8re nous servant de lieu de rapport. Tout le maquis est l\u00e0, en chemise blanche et brassard tricolore. Monsieur l&rsquo;Abb\u00e9 de Lorris donne l&rsquo;absoute. Une section pr\u00e9sente les armes. Il n&rsquo;y aura pas de discours pompeux et inutile. Je dirai au moment o\u00f9 le cercueil est lentement descendu dans la fosse : \u00ab\u00a0Nous jurons de tous le venger\u00a0\u00bb.<\/strong><\/em><\/h4>\n\n\n\n<h4 class=\"wp-block-heading\"><em><strong>Cette \u00e9mouvante c\u00e9r\u00e9monie est termin\u00e9e, quand arrive le groupe envoy\u00e9 \u00e0 Chicamour, sur l&#8217;emplacement du combat de la veille. Roger et ses hommes rapportent les corps des huit autres camarades. Ils sont presque tous d\u00e9figur\u00e9s et \u00e0 demi calcin\u00e9s, quelques uns durent \u00eatre bless\u00e9s, puis achev\u00e9s, quatre ou cinq cadavres ont une balle dans la nuque. L&rsquo;ennemi leur a enlev\u00e9 leurs papiers. Les corps sont froids et commencent \u00e0 se d\u00e9composer. Nous les enveloppons dans des parachutes blancs, et un groupe travaillera toute la nuit pour creuser leurs tombes.<\/strong><\/em><\/h4>\n\n\n\n<h4 class=\"wp-block-heading\"><em><strong>Nos malheureux camarades furent enterr\u00e9s le lendemain 14 ao\u00fbt, alors que toutes les sections se trouvaient sur leur emplacement de combat. Seule une section de r\u00e9serve et deux officiers assist\u00e8rent \u00e0 cette inhumation. Sit\u00f4t apr\u00e8s, cette section \u00e9tait dirig\u00e9e sur un point menac\u00e9.<\/strong><\/em><\/h4>\n<\/div><\/div>\n\n\n\n<p>Ce que le capitaine Albert ne sait pas encore, c&rsquo;est qu&rsquo;aux maquisards tu\u00e9s doivent s&rsquo;ajouter deux civils&nbsp;habitant les fermes voisines, ex\u00e9cut\u00e9s en repr\u00e9sailles par les Allemands : une m\u00e8re de sept enfants, Marguerite Baudemont, et un enfant de 7&nbsp;ans, Yves Penet, dont les noms figurent aujourd&rsquo;hui sur la <a href=\"https:\/\/maquisdelorris.fr\/resistance\/?page_id=1563\">st\u00e8le inaugur\u00e9e en 1999<\/a> sur les lieux des combats aux c\u00f4t\u00e9s de ceux des neuf r\u00e9sistants tomb\u00e9s en ce tragique 12 ao\u00fbt.<\/p>\n\n\n<div class=\"wp-block-image\">\n<figure class=\"aligncenter is-resized\"><a href=\"https:\/\/maquisdelorris.fr\/resistance\/wp-content\/uploads\/2015\/03\/DSCN0689.jpg\"><img loading=\"lazy\" decoding=\"async\" src=\"https:\/\/maquisdelorris.fr\/resistance\/wp-content\/uploads\/2015\/03\/DSCN0689-1024x768.jpg\" alt=\"Les c\u00e9notaphes\" class=\"wp-image-3130\" style=\"width:713px;height:534px\" width=\"713\" height=\"534\" srcset=\"https:\/\/maquisdelorris.fr\/resistance\/wp-content\/uploads\/2015\/03\/DSCN0689-1024x768.jpg 1024w, https:\/\/maquisdelorris.fr\/resistance\/wp-content\/uploads\/2015\/03\/DSCN0689-300x225.jpg 300w\" sizes=\"auto, (max-width: 713px) 100vw, 713px\" \/><\/a><figcaption class=\"wp-element-caption\">En pleine for\u00eat aujourd&rsquo;hui, les c\u00e9notaphes en hommage aux 9 tu\u00e9s de Chicamour, camp du Ravoir (Droits r\u00e9serv\u00e9s, Beno\u00eet Momboisse)<\/figcaption><\/figure>\n<\/div>\n\n<ol class=\"wp-block-footnotes\"><li id=\"f59c67d1-19b2-41cd-bb49-bc58bab9c0c0\"><a href=\"https:\/\/maquisdelorris.fr\/resistance\/?page_id=5952\" target=\"_blank\" rel=\"noopener\" title=\"\">Michel Deprecq est d\u00e9c\u00e9d\u00e9 le 5 f\u00e9vrier 2017<\/a> <a href=\"#f59c67d1-19b2-41cd-bb49-bc58bab9c0c0-link\" aria-label=\"Aller \u00e0 la note de bas de page 1\">\u21a9\ufe0e<\/a><\/li><\/ol>","protected":false},"excerpt":{"rendered":"<p>Que s\u2019est-il pass\u00e9 le 12 ao\u00fbt 1944&nbsp;\u00e0 Chicamour&nbsp;? Rappelons tout d&rsquo;abord le contexte&nbsp;: Suite \u00e0 l\u2019attaque du maquis de Vitry-aux-Loges le 17 juillet, puis celui de Chambon le 6 ao\u00fbt, ce sont 3 compagnies qui s\u2019organisent au camp du Ravoir, soit \u00e0 ce moment-l\u00e0 environ 450 hommes. Alors que les Am\u00e9ricains approchent de la r\u00e9gion, &hellip; <\/p>\n<p><a class=\"more-link btn\" href=\"https:\/\/maquisdelorris.fr\/resistance\/?page_id=3116\">Lire la suite<\/a><\/p>\n","protected":false},"author":5,"featured_media":0,"parent":49,"menu_order":7,"comment_status":"closed","ping_status":"open","template":"","meta":{"footnotes":"[{\"content\":\"<a href=\\\"http:\/\/maquisdelorris.fr\/resistance\/?page_id=5952\\\" target=\\\"_blank\\\" rel=\\\"noopener\\\" title=\\\"\\\">Michel Deprecq est d\u00e9c\u00e9d\u00e9 le 5 f\u00e9vrier 2017<\/a>\",\"id\":\"f59c67d1-19b2-41cd-bb49-bc58bab9c0c0\"}]"},"class_list":["post-3116","page","type-page","status-publish","hentry","nodate","item-wrap"],"aioseo_notices":[],"_links":{"self":[{"href":"https:\/\/maquisdelorris.fr\/resistance\/index.php?rest_route=\/wp\/v2\/pages\/3116","targetHints":{"allow":["GET"]}}],"collection":[{"href":"https:\/\/maquisdelorris.fr\/resistance\/index.php?rest_route=\/wp\/v2\/pages"}],"about":[{"href":"https:\/\/maquisdelorris.fr\/resistance\/index.php?rest_route=\/wp\/v2\/types\/page"}],"author":[{"embeddable":true,"href":"https:\/\/maquisdelorris.fr\/resistance\/index.php?rest_route=\/wp\/v2\/users\/5"}],"replies":[{"embeddable":true,"href":"https:\/\/maquisdelorris.fr\/resistance\/index.php?rest_route=%2Fwp%2Fv2%2Fcomments&post=3116"}],"version-history":[{"count":0,"href":"https:\/\/maquisdelorris.fr\/resistance\/index.php?rest_route=\/wp\/v2\/pages\/3116\/revisions"}],"up":[{"embeddable":true,"href":"https:\/\/maquisdelorris.fr\/resistance\/index.php?rest_route=\/wp\/v2\/pages\/49"}],"wp:attachment":[{"href":"https:\/\/maquisdelorris.fr\/resistance\/index.php?rest_route=%2Fwp%2Fv2%2Fmedia&parent=3116"}],"curies":[{"name":"wp","href":"https:\/\/api.w.org\/{rel}","templated":true}]}}