{"id":313,"date":"2011-06-12T10:28:58","date_gmt":"2011-06-12T10:28:58","guid":{"rendered":"http:\/\/maquisdelorris.fr\/resistance\/?page_id=313"},"modified":"2020-08-08T15:05:38","modified_gmt":"2020-08-08T15:05:38","slug":"une-evolution-imprevue","status":"publish","type":"page","link":"https:\/\/maquisdelorris.fr\/resistance\/?page_id=313","title":{"rendered":"Une \u00e9volution impr\u00e9vue"},"content":{"rendered":"\n<h4 class=\"wp-block-heading\"><strong>Des \u00ab&nbsp;Aulnottes&nbsp;\u00bb au \u00ab&nbsp;Ravoir&nbsp;\u00bb, une \u00e9volution dict\u00e9e par les circonstances<\/strong><\/h4>\n\n\n\n<p>C\u2019est donc Albin Chalandon qui est \u00e0 l\u2019origine de ce premier camp, pr\u00e8s du carrefour d\u2019Orl\u00e9ans. Ce camp, au confort tout relatif, est une base d\u2019entra\u00eenement militaire de FFI, en attente d\u2019accomplir des actions contre les troupes ennemies venant du sud de la Loire. Serge Degrigny, adjoint de Ren\u00e9 Charton, responsable du chantier forestier au carrefour d\u2019Orl\u00e9ans, \u00e9tait charg\u00e9 de conduire les jeunes au maquis. Ils \u00e9taient alors encadr\u00e9s par les cyrards recrut\u00e9s par Chalandon.<\/p>\n\n\n\n<figure class=\"wp-block-video aligncenter\"><video height=\"576\" style=\"aspect-ratio: 720 \/ 576;\" width=\"720\" controls src=\"https:\/\/maquisdelorris.fr\/resistance\/wp-content\/uploads\/videos\/Formation du maquis.mp4\"><\/video><figcaption> <em>T\u00e9moignage recueilli et enregistr\u00e9 par les \u00e9l\u00e8ves du Club R\u00e9sistance 2010\/2011 du coll\u00e8ge Genevi\u00e8ve de Gaulle Anthonioz des Bordes<\/em><br> <em>Bernard Chalopin et Jean H\u00e9au, le 11 mai 2011, au coll\u00e8ge<\/em> <\/figcaption><\/figure>\n\n\n\n<p>Mais alors que les plans d\u2019Etat-major pr\u00e9voyaient la cr\u00e9ation de petits groupes arm\u00e9s et entrain\u00e9s d\u2019une trentaine d\u2019hommes sur la Loire, des \u00e9v\u00e9nements totalement impr\u00e9vus allaient bouleverser la donne. Les trois groupes terr\u00e9s en for\u00eat d\u2019Orl\u00e9ans devaient par la force des circonstances se regrouper en juillet 1944 pour ne former qu\u2019un maquis, le plus important du Loiret par ses effectifs, le Maquis de Lorris, fort de pr\u00e8s de 600 hommes mi-ao\u00fbt 1944.<\/p>\n\n\n\n<figure class=\"wp-block-video aligncenter\"><video height=\"576\" style=\"aspect-ratio: 720 \/ 576;\" width=\"720\" controls src=\"https:\/\/maquisdelorris.fr\/resistance\/wp-content\/uploads\/videos\/Organisation du camp.mp4\"><\/video><\/figure>\n\n\n\n<h4 class=\"wp-block-heading\"><strong>1ere &nbsp;\u00e9tape&nbsp;: l\u2019attaque du Maquis de Vitry<\/strong><\/h4>\n\n\n\n<p>Le 17 Juillet 1944, le maquis de Vitry&nbsp;&nbsp;command\u00e9 par Benjamin Passet, le capitaine Albert, est attaqu\u00e9 par les Allemands. Selon la proc\u00e9dure pr\u00e9vue avec le colonel O\u2019Neill, les maquisards tiennent le premier choc de l\u2019assaut puis se replient vers le groupe de Lorris d\u2019Albin Chalandon pr\u00e8s du carrefour d\u2019Orl\u00e9ans. Les hommes de Vitry forment alors une&nbsp;seconde&nbsp;compagnie, la premi\u00e8re \u00e9tant form\u00e9e des hommes de Chalandon.<\/p>\n\n\n\n<p>Le camp des&nbsp;Aulnottes&nbsp;s\u2019av\u00e8re alors trop petit pour accueillir tant d\u2019hommes. De plus le manque de densit\u00e9 de la for\u00eat et le survol quasi quotidien de la for\u00eat par l\u2019aviation ennemie oblige finalement le maquis \u00e0 d\u00e9m\u00e9nager vers un autre lieu.&nbsp;Un&nbsp;nouvel emplacement est reconnu d\u00e8s le 21 juillet, valid\u00e9 par la pr\u00e9sence de deux sources d\u2019eau potable. C&rsquo;est le 27 juillet, apr\u00e8s le survol par un avion de reconnaissance allemand du lieu de rassemblement du maquis, pile au moment de la lev\u00e9e des couleurs \u00e0 8 heures, que l&rsquo;ensemble des hommes d\u00e9m\u00e9nage au camp d\u00e9sormais dit du \u00ab\u00a0Ravoir\u00a0\u00bb.<\/p>\n\n\n\n<p><strong>Voir plan ci-dessous, zoomez sur la zone que vous voulez explorer, en mode Plan ou Satellite, et&nbsp;<\/strong><strong>cliquez sur les rep\u00e8res pour afficher plus d&rsquo;informations, d&rsquo;autres photos ou documents<\/strong><\/p>\n\n\n\n<p><span style=\"text-decoration: underline;\">Remarque<\/span><span style=\"text-align: justify;\"> : notez que l&rsquo;\u00e9tang du Ravoir n&rsquo;existe pas encore en 1944 !<\/span><\/p>\n\n\n\n\n\n\n\n<p><span style=\"color: #ffffff;\">a<\/span><\/p>\n\n\n\n<h4 class=\"wp-block-heading\"><strong>2<sup>e<\/sup> \u00e9tape&nbsp;: l\u2019attaque du Maquis de Chambon<\/strong><\/h4>\n\n\n\n<p>Le 6 ao\u00fbt 1944 survient l\u2019attaque du maquis de Chambon,&nbsp;&nbsp;command\u00e9 par le capitaine Pierre Gramond qui avait \u00e9t\u00e9 nomm\u00e9 par Pierre Chari\u00e9. Les hommes se r\u00e9fugient \u00e0 leur tour au Maquis de Lorris et forment alors ainsi une&nbsp;3\u00e8me&nbsp;compagnie&nbsp;: la Compagnie Paul, toujours sous les ordres du capitaine Gramond.<\/p>\n\n\n\n<h4 class=\"wp-block-heading\"><strong>3<sup>e<\/sup> \u00e9tape&nbsp;: une mobilisation g\u00e9n\u00e9rale \u00e0 Lorris<\/strong><\/h4>\n\n\n\n<p>Vers mi ao\u00fbt 1944, une mobilisation g\u00e9n\u00e9rale, \u00e0 l\u2019origine encore contest\u00e9e, est d\u00e9cr\u00e9t\u00e9e sur Lorris et arrivent plus ou moins contraints et forc\u00e9s, sans ordres particuliers des responsables du Maquis de Lorris, environ 50 \u00e0 60 hommes&nbsp;&nbsp;qui sont cantonn\u00e9s \u00e0 l\u2019ancien camp des&nbsp;Aulnottes&nbsp;et qui vont constituer&nbsp;la 4\u00e8me&nbsp;compagnie, la compagnie de r\u00e9serve du capitaine Gaudet, engag\u00e9e dans les combats du 14 ao\u00fbt.<\/p>\n\n\n\n<div class=\"wp-block-image\"><figure class=\"aligncenter is-resized\"><a href=\"https:\/\/maquisdelorris.fr\/resistance\/wp-content\/uploads\/2011\/06\/Sch\u00e9ma-la-formation-du-maquis.jpg\"><img decoding=\"async\" src=\"https:\/\/maquisdelorris.fr\/resistance\/wp-content\/uploads\/2011\/06\/Sch\u00e9ma-la-formation-du-maquis-1024x640.jpg\" alt=\"\" class=\"wp-image-3138\" width=\"920\" srcset=\"https:\/\/maquisdelorris.fr\/resistance\/wp-content\/uploads\/2011\/06\/Sch\u00e9ma-la-formation-du-maquis-1024x640.jpg 1024w, https:\/\/maquisdelorris.fr\/resistance\/wp-content\/uploads\/2011\/06\/Sch\u00e9ma-la-formation-du-maquis-300x187.jpg 300w, https:\/\/maquisdelorris.fr\/resistance\/wp-content\/uploads\/2011\/06\/Sch\u00e9ma-la-formation-du-maquis.jpg 1314w\" sizes=\"(max-width: 1024px) 100vw, 1024px\" \/><\/a><figcaption>La complexe formation du maquis (Beno\u00eet Momboisse) &#8211; Cliquer pour agrandir<\/figcaption><\/figure><\/div>\n\n\n\n<h4 class=\"wp-block-heading\"><strong>La r\u00e9organisation du camp<\/strong><\/h4>\n\n\n\n<p>Parall\u00e8lement, en cet \u00e9t\u00e9 1944, les volontaires se bousculent dans la r\u00e9gion, et chaque jour, on assiste \u00e0 l\u2019arriv\u00e9e de volontaires&nbsp;&nbsp;qui sont ensuite r\u00e9partis dans les trois compagnies. On atteint donc un peu moins de&nbsp;600 hommes au coeur de l\u2019\u00e9t\u00e9, r\u00e9partis comme tels&nbsp;:<\/p>\n\n\n\n<p>&#8211; Les 3 compagnies install\u00e9es au camp du Ravoir, la compagnie ALBIN, la compagnie ROBERT et la compagnie PAUL, soit environ 450 hommes.<\/p>\n\n\n\n<p>&#8211; La compagnie&nbsp;de r\u00e9serve, la compagnie MAX, est install\u00e9e aux&nbsp;Aulnottes et&nbsp;comptait environ 120 hommes.<\/p>\n\n\n\n<p>&#8211; Le garage, l\u00e0 o\u00f9 tous les v\u00e9hicules \u00e9taient camoufl\u00e9s, est situ\u00e9 \u00e0 environ 1 kilom\u00e8tre du camp, et&nbsp;&nbsp;compos\u00e9 d\u2019environ 60 hommes, chauffeurs et m\u00e9caniciens, plac\u00e9s sous les ordres du&nbsp;Lieutenant&nbsp;Maurice Ganivet. Le parc automobile comptait une cinquantaine de v\u00e9hicules de tout type en bon \u00e9tat, v\u00e9hicules l\u00e9gers et motos.<\/p>\n","protected":false},"excerpt":{"rendered":"<p>Des \u00ab&nbsp;Aulnottes&nbsp;\u00bb au \u00ab&nbsp;Ravoir&nbsp;\u00bb, une \u00e9volution dict\u00e9e par les circonstances C\u2019est donc Albin Chalandon qui est \u00e0 l\u2019origine de ce premier camp, pr\u00e8s du carrefour d\u2019Orl\u00e9ans. Ce camp, au confort tout relatif, est une base d\u2019entra\u00eenement militaire de FFI, en attente d\u2019accomplir des actions contre les troupes ennemies venant du sud de la Loire. Serge &hellip; <\/p>\n<p><a class=\"more-link btn\" href=\"https:\/\/maquisdelorris.fr\/resistance\/?page_id=313\">Lire la suite<\/a><\/p>\n","protected":false},"author":5,"featured_media":0,"parent":49,"menu_order":3,"comment_status":"open","ping_status":"open","template":"","meta":{"footnotes":""},"class_list":["post-313","page","type-page","status-publish","hentry","nodate","item-wrap"],"aioseo_notices":[],"_links":{"self":[{"href":"https:\/\/maquisdelorris.fr\/resistance\/index.php?rest_route=\/wp\/v2\/pages\/313","targetHints":{"allow":["GET"]}}],"collection":[{"href":"https:\/\/maquisdelorris.fr\/resistance\/index.php?rest_route=\/wp\/v2\/pages"}],"about":[{"href":"https:\/\/maquisdelorris.fr\/resistance\/index.php?rest_route=\/wp\/v2\/types\/page"}],"author":[{"embeddable":true,"href":"https:\/\/maquisdelorris.fr\/resistance\/index.php?rest_route=\/wp\/v2\/users\/5"}],"replies":[{"embeddable":true,"href":"https:\/\/maquisdelorris.fr\/resistance\/index.php?rest_route=%2Fwp%2Fv2%2Fcomments&post=313"}],"version-history":[{"count":0,"href":"https:\/\/maquisdelorris.fr\/resistance\/index.php?rest_route=\/wp\/v2\/pages\/313\/revisions"}],"up":[{"embeddable":true,"href":"https:\/\/maquisdelorris.fr\/resistance\/index.php?rest_route=\/wp\/v2\/pages\/49"}],"wp:attachment":[{"href":"https:\/\/maquisdelorris.fr\/resistance\/index.php?rest_route=%2Fwp%2Fv2%2Fmedia&parent=313"}],"curies":[{"name":"wp","href":"https:\/\/api.w.org\/{rel}","templated":true}]}}