{"id":3187,"date":"2015-03-06T16:46:10","date_gmt":"2015-03-06T16:46:10","guid":{"rendered":"http:\/\/maquisdelorris.fr\/resistance\/?page_id=3187"},"modified":"2023-08-30T12:40:20","modified_gmt":"2023-08-30T12:40:20","slug":"3-plaques-commemoratives-a-paris","status":"publish","type":"page","link":"https:\/\/maquisdelorris.fr\/resistance\/?page_id=3187","title":{"rendered":"Trois plaques comm\u00e9moratives \u00e0 Paris"},"content":{"rendered":"\n<p>Au cours des durs combats de la&nbsp;journ\u00e9e du <a href=\"https:\/\/maquisdelorris.fr\/resistance\/?page_id=1550%20\">25 ao\u00fbt 1944<\/a>, 8 \u00e9l\u00e9ments du maquis perdent la vie \u00e0 Paris. Trois lieux comm\u00e9morent aujourd&rsquo;hui leur sacrifice dans la capitale.<\/p>\n\n\n\n<h4 class=\"wp-block-heading\"> <strong>L&rsquo;\u00c9cole militaire<\/strong> <\/h4>\n\n\n\n<p>L&rsquo;assaut de l&rsquo;Ecole militaire est men\u00e9 par trois sections de la Compagnie Robert, soit environ 60 maquisards, appuy\u00e9s par 6 chars Sherman du 12\u00e8me Cuirassiers de la 2\u00e8me DB. &nbsp;Lors de l&rsquo;attaque, tr\u00e8s violente, 4 r\u00e9sistants du maquis de Lorris sont tu\u00e9s. 3 inconnus<sup data-fn=\"a6aa790b-9fb4-4bd4-b093-8ec37376a747\" class=\"fn\"><a href=\"#a6aa790b-9fb4-4bd4-b093-8ec37376a747\" id=\"a6aa790b-9fb4-4bd4-b093-8ec37376a747-link\">1<\/a><\/sup>, et Robert Coudon. Une premi\u00e8re plaque plac\u00e9e devant l&rsquo;Ecole militaire rend hommage \u00e0 ces 4 combattants.<\/p>\n\n\n\n<div class=\"wp-block-columns is-layout-flex wp-container-core-columns-is-layout-9d6595d7 wp-block-columns-is-layout-flex\">\n<div class=\"wp-block-column is-layout-flow wp-block-column-is-layout-flow\" style=\"flex-basis:33.33%\">\n<figure class=\"wp-block-image size-full\"><a href=\"https:\/\/maquisdelorris.fr\/resistance\/wp-content\/uploads\/2013\/04\/P3150004.jpg\"><img loading=\"lazy\" decoding=\"async\" width=\"640\" height=\"480\" src=\"https:\/\/maquisdelorris.fr\/resistance\/wp-content\/uploads\/2013\/04\/P3150004.jpg\" alt=\"\" class=\"wp-image-1603\" srcset=\"https:\/\/maquisdelorris.fr\/resistance\/wp-content\/uploads\/2013\/04\/P3150004.jpg 640w, https:\/\/maquisdelorris.fr\/resistance\/wp-content\/uploads\/2013\/04\/P3150004-300x225.jpg 300w\" sizes=\"auto, (max-width: 640px) 100vw, 640px\" \/><\/a><figcaption class=\"wp-element-caption\">Plaque comm\u00e9morative, Ecole militaire, Paris<br>(Droits r\u00e9serv\u00e9s, AFAAM, 2013)<\/figcaption><\/figure>\n<\/div>\n\n\n\n<div class=\"wp-block-column is-layout-flow wp-block-column-is-layout-flow\" style=\"flex-basis:66.66%\">\n<figure class=\"wp-block-image size-full\"><a href=\"https:\/\/maquisdelorris.fr\/resistance\/wp-content\/uploads\/2013\/04\/P3150006.jpg\"><img loading=\"lazy\" decoding=\"async\" width=\"640\" height=\"480\" src=\"https:\/\/maquisdelorris.fr\/resistance\/wp-content\/uploads\/2013\/04\/P3150006.jpg\" alt=\"\" class=\"wp-image-1604\" srcset=\"https:\/\/maquisdelorris.fr\/resistance\/wp-content\/uploads\/2013\/04\/P3150006.jpg 640w, https:\/\/maquisdelorris.fr\/resistance\/wp-content\/uploads\/2013\/04\/P3150006-300x225.jpg 300w\" sizes=\"auto, (max-width: 640px) 100vw, 640px\" \/><\/a><\/figure>\n<\/div>\n<\/div>\n\n\n\n<h4 class=\"wp-block-heading\"> <strong>Les combats sur le Pont de la Concorde<\/strong> <\/h4>\n\n\n\n<p> En d\u00e9but d&rsquo;apr\u00e8s-midi, pendant que les hommes de la Compagnie Robert se battent autour de l&rsquo;Ecole Militaire, la Compagnie Albin progresse le long de la Seine vers le Pont de la Concorde et le Pont Alexandre III, sous un feu nourri. Claude Billand est tu\u00e9 par une grenade allemande sur le Pont de la Concorde sous les yeux de son fr\u00e8re, le Sous-lieutenant Georges Billand. Claude Billand aurait eu 21 ans le 29 septembre 1944,&nbsp;il \u00e9tait&nbsp;\u00e9tudiant en physique-chimie. <a aria-label=\"Claude Billand a re\u00e7u l'hommage de sa ville de Bois-Colombes le 31 octobre 2013, en rejoignant le carr\u00e9 militaire du cimeti\u00e8re (s\u2019ouvre dans un nouvel onglet)\" href=\"https:\/\/maquisdelorris.fr\/resistance\/?p=2195\" target=\"_blank\" rel=\"noreferrer noopener\">Claude Billand a re\u00e7u l&rsquo;hommage de sa ville de Bois-Colombes le 31 octobre 2013, en rejoignant le carr\u00e9 militaire du cimeti\u00e8re<\/a>. <\/p>\n\n\n\n<div class=\"wp-block-columns is-layout-flex wp-container-core-columns-is-layout-9d6595d7 wp-block-columns-is-layout-flex\">\n<div class=\"wp-block-column is-layout-flow wp-block-column-is-layout-flow\" style=\"flex-basis:33.33%\"><div class=\"wp-block-image\">\n<figure class=\"aligncenter size-full is-resized\"><a href=\"https:\/\/maquisdelorris.fr\/resistance\/wp-content\/uploads\/2013\/04\/plaque_photo_plaque-1.jpe\"><img loading=\"lazy\" decoding=\"async\" src=\"https:\/\/maquisdelorris.fr\/resistance\/wp-content\/uploads\/2013\/04\/plaque_photo_plaque-1.jpe\" alt=\"\" class=\"wp-image-1610\" style=\"width:329px;height:257px\" width=\"329\" height=\"257\" srcset=\"https:\/\/maquisdelorris.fr\/resistance\/wp-content\/uploads\/2013\/04\/plaque_photo_plaque-1.jpe 301w, https:\/\/maquisdelorris.fr\/resistance\/wp-content\/uploads\/2013\/04\/plaque_photo_plaque-1-300x234.jpe 300w\" sizes=\"auto, (max-width: 329px) 100vw, 329px\" \/><\/a><figcaption class=\"wp-element-caption\">Plaque comm\u00e9morative, Quai d&rsquo;Orsay (face \u00e0 l&rsquo;Assembl\u00e9e Nationale), Paris<br>(Droits r\u00e9serv\u00e9s, Vincent Rogard, source : http:\/\/www.plaques-commemoratives.org)<\/figcaption><\/figure>\n<\/div><\/div>\n\n\n\n<div class=\"wp-block-column is-layout-flow wp-block-column-is-layout-flow\" style=\"flex-basis:66.66%\"><div class=\"wp-block-image\">\n<figure class=\"aligncenter size-full\"><a href=\"https:\/\/maquisdelorris.fr\/resistance\/wp-content\/uploads\/2013\/04\/Claude-Billand.jpg\"><img loading=\"lazy\" decoding=\"async\" width=\"301\" height=\"400\" src=\"https:\/\/maquisdelorris.fr\/resistance\/wp-content\/uploads\/2013\/04\/Claude-Billand.jpg\" alt=\"\" class=\"wp-image-1600\" srcset=\"https:\/\/maquisdelorris.fr\/resistance\/wp-content\/uploads\/2013\/04\/Claude-Billand.jpg 301w, https:\/\/maquisdelorris.fr\/resistance\/wp-content\/uploads\/2013\/04\/Claude-Billand-225x300.jpg 225w\" sizes=\"auto, (max-width: 301px) 100vw, 301px\" \/><\/a><figcaption class=\"wp-element-caption\">Claude Billand<br>(Droits r\u00e9serv\u00e9s, Mus\u00e9e D\u00e9partemental de la R\u00e9sistance et de la D\u00e9portation, Lorris)<\/figcaption><\/figure>\n<\/div><\/div>\n<\/div>\n\n\n\n<h4 class=\"wp-block-heading\"> <strong>Sur le pont Alexandre III<\/strong> <\/h4>\n\n\n\n<p>Sur le Pont Alexandre III quelques centaines de m\u00e8tres plus loin, Bernard Chalopin et sa section de la Compagnie Albin tentent de gagner l&rsquo;autre rive. Trois maquisards perdent la vie dans cette entreprise, une plaque leur rend aujourd&rsquo;hui hommage sur le pont.<\/p>\n\n\n\n<div class=\"wp-block-columns is-layout-flex wp-container-core-columns-is-layout-9d6595d7 wp-block-columns-is-layout-flex\">\n<div class=\"wp-block-column is-layout-flow wp-block-column-is-layout-flow\">\n<figure class=\"wp-block-image size-full\"><a href=\"https:\/\/maquisdelorris.fr\/resistance\/wp-content\/uploads\/2013\/04\/P3150011.jpg\"><img loading=\"lazy\" decoding=\"async\" width=\"360\" height=\"480\" src=\"https:\/\/maquisdelorris.fr\/resistance\/wp-content\/uploads\/2013\/04\/P3150011.jpg\" alt=\"\" class=\"wp-image-1607\" srcset=\"https:\/\/maquisdelorris.fr\/resistance\/wp-content\/uploads\/2013\/04\/P3150011.jpg 360w, https:\/\/maquisdelorris.fr\/resistance\/wp-content\/uploads\/2013\/04\/P3150011-225x300.jpg 225w\" sizes=\"auto, (max-width: 360px) 100vw, 360px\" \/><\/a><figcaption class=\"wp-element-caption\">Pont Alexandre III, Paris<br>(Droits r\u00e9serv\u00e9s, AFAAM, 2013)<\/figcaption><\/figure>\n<\/div>\n\n\n\n<div class=\"wp-block-column is-layout-flow wp-block-column-is-layout-flow\">\n<figure class=\"wp-block-image size-large is-resized\"><a href=\"https:\/\/maquisdelorris.fr\/resistance\/wp-content\/uploads\/2013\/04\/Maurice-Pelloie.jpg\"><img loading=\"lazy\" decoding=\"async\" src=\"https:\/\/maquisdelorris.fr\/resistance\/wp-content\/uploads\/2013\/04\/Maurice-Pelloie-733x1024.jpg\" alt=\"\" class=\"wp-image-1602\" style=\"width:252px;height:352px\" width=\"252\" height=\"352\" srcset=\"https:\/\/maquisdelorris.fr\/resistance\/wp-content\/uploads\/2013\/04\/Maurice-Pelloie-733x1024.jpg 733w, https:\/\/maquisdelorris.fr\/resistance\/wp-content\/uploads\/2013\/04\/Maurice-Pelloie-214x300.jpg 214w, https:\/\/maquisdelorris.fr\/resistance\/wp-content\/uploads\/2013\/04\/Maurice-Pelloie.jpg 1470w\" sizes=\"auto, (max-width: 252px) 100vw, 252px\" \/><\/a><figcaption class=\"wp-element-caption\">Maurice Pelloie<br>(Droits r\u00e9serv\u00e9s, Mus\u00e9e D\u00e9partemental de la R\u00e9sistance et de la D\u00e9portation, Lorris)<\/figcaption><\/figure>\n<\/div>\n\n\n\n<div class=\"wp-block-column is-layout-flow wp-block-column-is-layout-flow\">\n<figure class=\"wp-block-image size-full\"><a href=\"https:\/\/maquisdelorris.fr\/resistance\/wp-content\/uploads\/2023\/08\/Jean-Laferriere-2.jpg\"><img loading=\"lazy\" decoding=\"async\" width=\"508\" height=\"631\" src=\"https:\/\/maquisdelorris.fr\/resistance\/wp-content\/uploads\/2023\/08\/Jean-Laferriere-2.jpg\" alt=\"\" class=\"wp-image-8426\" srcset=\"https:\/\/maquisdelorris.fr\/resistance\/wp-content\/uploads\/2023\/08\/Jean-Laferriere-2.jpg 508w, https:\/\/maquisdelorris.fr\/resistance\/wp-content\/uploads\/2023\/08\/Jean-Laferriere-2-242x300.jpg 242w\" sizes=\"auto, (max-width: 508px) 100vw, 508px\" \/><\/a><figcaption class=\"wp-element-caption\">Jean Laferri\u00e8re<br>(Droits r\u00e9serv\u00e9s, Mus\u00e9e D\u00e9partemental de la R\u00e9sistance et de la D\u00e9portation, Lorris)<\/figcaption><\/figure>\n<\/div>\n<\/div>\n\n\n<div class=\"wp-block-image\">\n<figure class=\"aligncenter is-resized\"><a href=\"https:\/\/maquisdelorris.fr\/resistance\/wp-content\/uploads\/2013\/04\/P3150008.jpg\"><img loading=\"lazy\" decoding=\"async\" src=\"https:\/\/maquisdelorris.fr\/resistance\/wp-content\/uploads\/2013\/04\/P3150008.jpg\" alt=\"OLYMPUS DIGITAL CAMERA\" class=\"wp-image-1606\" style=\"width:539px;height:403px\" width=\"539\" height=\"403\"\/><\/a><figcaption class=\"wp-element-caption\">Plaque comm\u00e9morative, Pont Alexandre III, Paris<br>(Droits r\u00e9serv\u00e9s, AFAAM, 2013)<\/figcaption><\/figure>\n<\/div>\n\n\n<p>Le 23 mai 2006, deux ans apr\u00e8s avoir \u00e9t\u00e9 invit\u00e9s \u00e0 participer aux <a href=\"https:\/\/maquisdelorris.fr\/resistance\/?page_id=1503\"><strong>c\u00e9r\u00e9monies de comm\u00e9moration de la Lib\u00e9ration de Paris<\/strong><\/a>, les plaques comm\u00e9moratives de l&rsquo;Ecole militaire et du Pont Alexandre III sont officiellement inaugur\u00e9es en pr\u00e9sence des membres de l&rsquo;AFAAM et des anciens du maquis de Lorris, auxquels les autorit\u00e9s rendent ce jour-l\u00e0&nbsp;un vibrant hommage.<\/p>\n\n\n<div class=\"wp-block-image\">\n<figure class=\"aligncenter is-resized\"><a href=\"https:\/\/maquisdelorris.fr\/resistance\/wp-content\/uploads\/2013\/04\/Pont-Alexandre-3-23-05-2006-2.jpg\"><img loading=\"lazy\" decoding=\"async\" src=\"https:\/\/maquisdelorris.fr\/resistance\/wp-content\/uploads\/2013\/04\/Pont-Alexandre-3-23-05-2006-2-1024x675.jpg\" alt=\"Pont Alexandre 3, 23-05-2006 2\" class=\"wp-image-1700\" style=\"width:734px;height:483px\" width=\"734\" height=\"483\" srcset=\"https:\/\/maquisdelorris.fr\/resistance\/wp-content\/uploads\/2013\/04\/Pont-Alexandre-3-23-05-2006-2-1024x675.jpg 1024w, https:\/\/maquisdelorris.fr\/resistance\/wp-content\/uploads\/2013\/04\/Pont-Alexandre-3-23-05-2006-2-300x198.jpg 300w, https:\/\/maquisdelorris.fr\/resistance\/wp-content\/uploads\/2013\/04\/Pont-Alexandre-3-23-05-2006-2.jpg 1206w\" sizes=\"auto, (max-width: 734px) 100vw, 734px\" \/><\/a><figcaption class=\"wp-element-caption\">M.Chalopin s&rsquo;appr\u00eate \u00e0 d\u00e9voiler la plaque en hommage aux r\u00e9sistants du maquis de Lorris tomb\u00e9s pour la Lib\u00e9ration de Paris le 25 ao\u00fbt 1944, en compagnie du maire du 7\u00e8me arrondissement de Paris Michel Dumont, sur le Pont Alexandre III<br>(Droits r\u00e9serv\u00e9s, AFAAM, 23 mai 2006)<\/figcaption><\/figure>\n<\/div>\n\n<div class=\"wp-block-image\">\n<figure class=\"aligncenter is-resized\"><a href=\"https:\/\/maquisdelorris.fr\/resistance\/wp-content\/uploads\/2013\/04\/Pont-Alexandre-3-23-05-2006-4.jpg\"><img loading=\"lazy\" decoding=\"async\" src=\"https:\/\/maquisdelorris.fr\/resistance\/wp-content\/uploads\/2013\/04\/Pont-Alexandre-3-23-05-2006-4-1024x684.jpg\" alt=\"Pont Alexandre 3, 23-05-2006 4\" class=\"wp-image-1702\" style=\"width:746px;height:509px\" width=\"746\" height=\"509\"\/><\/a><figcaption class=\"wp-element-caption\">Discours de M.Chalopin en hommage aux r\u00e9sistants du maquis de Lorris tomb\u00e9s pour la Lib\u00e9ration de Paris le 25 ao\u00fbt 1944, Pont Alexandre III<br>(Droits r\u00e9serv\u00e9s, AFAAM, 23 mai 2006)<\/figcaption><\/figure>\n<\/div>\n\n<div class=\"wp-block-image\">\n<figure class=\"aligncenter is-resized\"><a href=\"https:\/\/maquisdelorris.fr\/resistance\/wp-content\/uploads\/2013\/04\/Pont-Alexandre-3-23-05-2006.jpg\"><img loading=\"lazy\" decoding=\"async\" src=\"https:\/\/maquisdelorris.fr\/resistance\/wp-content\/uploads\/2013\/04\/Pont-Alexandre-3-23-05-2006-1024x678.jpg\" alt=\"Pont Alexandre 3, 23-05-2006\" class=\"wp-image-1703\" style=\"width:872px;height:578px\" width=\"872\" height=\"578\" srcset=\"https:\/\/maquisdelorris.fr\/resistance\/wp-content\/uploads\/2013\/04\/Pont-Alexandre-3-23-05-2006-1024x678.jpg 1024w, https:\/\/maquisdelorris.fr\/resistance\/wp-content\/uploads\/2013\/04\/Pont-Alexandre-3-23-05-2006-300x198.jpg 300w, https:\/\/maquisdelorris.fr\/resistance\/wp-content\/uploads\/2013\/04\/Pont-Alexandre-3-23-05-2006.jpg 1501w\" sizes=\"auto, (max-width: 872px) 100vw, 872px\" \/><\/a><figcaption class=\"wp-element-caption\">Les anciens du maquis de Lorris r\u00e9unis pour la photo sur le Pont Alexandre III le 23 mai 2006<br>(Droits r\u00e9serv\u00e9s, AFAAM, 23 mai 2006)<\/figcaption><\/figure>\n<\/div>\n\n<div class=\"wp-block-image\">\n<figure class=\"aligncenter is-resized\"><a href=\"https:\/\/maquisdelorris.fr\/resistance\/wp-content\/uploads\/2013\/04\/Pont-Alexandre-3-23-05-2006-3.jpg\"><img loading=\"lazy\" decoding=\"async\" src=\"https:\/\/maquisdelorris.fr\/resistance\/wp-content\/uploads\/2013\/04\/Pont-Alexandre-3-23-05-2006-3-1024x673.jpg\" alt=\"Pont Alexandre 3, 23-05-2006 3\" class=\"wp-image-1701\" style=\"width:770px;height:505px\" width=\"770\" height=\"505\" srcset=\"https:\/\/maquisdelorris.fr\/resistance\/wp-content\/uploads\/2013\/04\/Pont-Alexandre-3-23-05-2006-3-1024x673.jpg 1024w, https:\/\/maquisdelorris.fr\/resistance\/wp-content\/uploads\/2013\/04\/Pont-Alexandre-3-23-05-2006-3-300x197.jpg 300w\" sizes=\"auto, (max-width: 770px) 100vw, 770px\" \/><\/a><figcaption class=\"wp-element-caption\">Discours de M.Chalopin en hommage aux r\u00e9sistants du maquis de Lorris tomb\u00e9s pour la Lib\u00e9ration de Paris le 25 ao\u00fbt 1944, Pont Alexandre III<br>(Droits r\u00e9serv\u00e9s, AFAAM, 23 mai 2006)<\/figcaption><\/figure>\n<\/div>\n\n<div class=\"wp-block-image\">\n<figure class=\"aligncenter is-resized\"><a href=\"https:\/\/maquisdelorris.fr\/resistance\/wp-content\/uploads\/2013\/04\/Ecole-militaire-23-05-2006.jpg\"><img loading=\"lazy\" decoding=\"async\" src=\"https:\/\/maquisdelorris.fr\/resistance\/wp-content\/uploads\/2013\/04\/Ecole-militaire-23-05-2006-1024x684.jpg\" alt=\"Ecole militaire, 23-05-2006\" class=\"wp-image-1699\" style=\"width:770px;height:513px\" width=\"770\" height=\"513\" srcset=\"https:\/\/maquisdelorris.fr\/resistance\/wp-content\/uploads\/2013\/04\/Ecole-militaire-23-05-2006-1024x684.jpg 1024w, https:\/\/maquisdelorris.fr\/resistance\/wp-content\/uploads\/2013\/04\/Ecole-militaire-23-05-2006-300x200.jpg 300w\" sizes=\"auto, (max-width: 770px) 100vw, 770px\" \/><\/a><figcaption class=\"wp-element-caption\">Les anciens du maquis de Lorris r\u00e9unis sous la plaque inaugur\u00e9e devant l&rsquo;Ecole militaire en hommage aux 4 maquisards de Lorris tomb\u00e9s le 25 ao\u00fbt 1944<br>(Droits r\u00e9serv\u00e9s, AFAAM, 23 mai 2006)<\/figcaption><\/figure>\n<\/div>\n\n<ol class=\"wp-block-footnotes\"><li id=\"a6aa790b-9fb4-4bd4-b093-8ec37376a747\"><em>il ne faut pas s&rsquo;\u00e9tonner que personne ne soit parvenu \u00e0 identifier ces trois hommes, rappelons que les r\u00e9sistants entraient au maquis sous des pseudonymes pour des raisons \u00e9videntes de s\u00e9curit\u00e9, un maquis qui rassemblait alors entre 500 et 600 hommes \u00e0 ce moment, nombreux \u00e9taient ceux qui \u00e9taient venus renforcer les effectifs depuis ses d\u00e9buts, et tous les maquisards ne se connaissaient donc pas. Selon le t\u00e9moignage de Charles L\u00e9ger, l&rsquo;un d&rsquo;entre eux serait cependant un des 10 soldats russes prisonniers des Allemands et lib\u00e9r\u00e9s par les maquisards lors d&rsquo;une attaque de convoi. D\u00e9racin\u00e9s, ils demand\u00e8rent \u00e0 poursuivre la lutte en rentrant au maquis, et int\u00e9gr\u00e8rent la Compagnie Robert, aux c\u00f4t\u00e9s des Arm\u00e9niens d\u00e9j\u00e0 pr\u00e9sents et susceptibles de les comprendre ! Dans le r\u00e9cit de la prise de l&rsquo;Ecole militaire par Andr\u00e9 Bonnefoy, celui-ci \u00e9voque \u00ab\u00a0la perte de 4 hommes, dont un seul, Godon, a \u00e9t\u00e9 identifi\u00e9. Les trois autres, soldats de l&rsquo;ombre, sont rest\u00e9s inconnus, faute d&rsquo;identit\u00e9 r\u00e9elle.\u00a0\u00bb : il semble bien que Godon soit en r\u00e9alit\u00e9 Robert Coudon, dont le nom figure aujourd&rsquo;hui sur la plaque devant l&rsquo;Ecole militaire, ainsi que sur une plaque comm\u00e9morative dans l&rsquo;\u00c9glise Saint-Fran\u00e7ois-Xavier du 7\u00e8me arrondissement (s&rsquo;agit-il vraiment du m\u00eame homme ?<\/em>) <a href=\"#a6aa790b-9fb4-4bd4-b093-8ec37376a747-link\" aria-label=\"Aller \u00e0 la note de bas de page 1\">\u21a9\ufe0e<\/a><\/li><\/ol>","protected":false},"excerpt":{"rendered":"<p>Au cours des durs combats de la&nbsp;journ\u00e9e du 25 ao\u00fbt 1944, 8 \u00e9l\u00e9ments du maquis perdent la vie \u00e0 Paris. Trois lieux comm\u00e9morent aujourd&rsquo;hui leur sacrifice dans la capitale. L&rsquo;\u00c9cole militaire L&rsquo;assaut de l&rsquo;Ecole militaire est men\u00e9 par trois sections de la Compagnie Robert, soit environ 60 maquisards, appuy\u00e9s par 6 chars Sherman du 12\u00e8me &hellip; <\/p>\n<p><a class=\"more-link btn\" href=\"https:\/\/maquisdelorris.fr\/resistance\/?page_id=3187\">Lire la suite<\/a><\/p>\n","protected":false},"author":5,"featured_media":0,"parent":44,"menu_order":10,"comment_status":"closed","ping_status":"open","template":"","meta":{"footnotes":"[{\"content\":\"<em>il ne faut pas s'\u00e9tonner que personne ne soit parvenu \u00e0 identifier ces trois hommes, rappelons que les r\u00e9sistants entraient au maquis sous des pseudonymes pour des raisons \u00e9videntes de s\u00e9curit\u00e9, un maquis qui rassemblait alors entre 500 et 600 hommes \u00e0 ce moment, nombreux \u00e9taient ceux qui \u00e9taient venus renforcer les effectifs depuis ses d\u00e9buts, et tous les maquisards ne se connaissaient donc pas. Selon le t\u00e9moignage de Charles L\u00e9ger, l'un d'entre eux serait cependant un des 10 soldats russes prisonniers des Allemands et lib\u00e9r\u00e9s par les maquisards lors d'une attaque de convoi. D\u00e9racin\u00e9s, ils demand\u00e8rent \u00e0 poursuivre la lutte en rentrant au maquis, et int\u00e9gr\u00e8rent la Compagnie Robert, aux c\u00f4t\u00e9s des Arm\u00e9niens d\u00e9j\u00e0 pr\u00e9sents et susceptibles de les comprendre ! Dans le r\u00e9cit de la prise de l'Ecole militaire par Andr\u00e9 Bonnefoy, celui-ci \u00e9voque \u00ab\u00a0la perte de 4 hommes, dont un seul, Godon, a \u00e9t\u00e9 identifi\u00e9. Les trois autres, soldats de l'ombre, sont rest\u00e9s inconnus, faute d'identit\u00e9 r\u00e9elle.\u00a0\u00bb : il semble bien que Godon soit en r\u00e9alit\u00e9 Robert Coudon, dont le nom figure aujourd'hui sur la plaque devant l'Ecole militaire, ainsi que sur une plaque comm\u00e9morative dans l'\u00c9glise Saint-Fran\u00e7ois-Xavier du 7\u00e8me arrondissement (s'agit-il vraiment du m\u00eame homme ?<\/em>)\",\"id\":\"a6aa790b-9fb4-4bd4-b093-8ec37376a747\"}]"},"class_list":["post-3187","page","type-page","status-publish","hentry","nodate","item-wrap"],"aioseo_notices":[],"_links":{"self":[{"href":"https:\/\/maquisdelorris.fr\/resistance\/index.php?rest_route=\/wp\/v2\/pages\/3187","targetHints":{"allow":["GET"]}}],"collection":[{"href":"https:\/\/maquisdelorris.fr\/resistance\/index.php?rest_route=\/wp\/v2\/pages"}],"about":[{"href":"https:\/\/maquisdelorris.fr\/resistance\/index.php?rest_route=\/wp\/v2\/types\/page"}],"author":[{"embeddable":true,"href":"https:\/\/maquisdelorris.fr\/resistance\/index.php?rest_route=\/wp\/v2\/users\/5"}],"replies":[{"embeddable":true,"href":"https:\/\/maquisdelorris.fr\/resistance\/index.php?rest_route=%2Fwp%2Fv2%2Fcomments&post=3187"}],"version-history":[{"count":0,"href":"https:\/\/maquisdelorris.fr\/resistance\/index.php?rest_route=\/wp\/v2\/pages\/3187\/revisions"}],"up":[{"embeddable":true,"href":"https:\/\/maquisdelorris.fr\/resistance\/index.php?rest_route=\/wp\/v2\/pages\/44"}],"wp:attachment":[{"href":"https:\/\/maquisdelorris.fr\/resistance\/index.php?rest_route=%2Fwp%2Fv2%2Fmedia&parent=3187"}],"curies":[{"name":"wp","href":"https:\/\/api.w.org\/{rel}","templated":true}]}}