{"id":3760,"date":"2015-08-17T11:06:40","date_gmt":"2015-08-17T11:06:40","guid":{"rendered":"http:\/\/maquisdelorris.fr\/resistance\/?page_id=3760"},"modified":"2026-02-19T10:20:21","modified_gmt":"2026-02-19T10:20:21","slug":"le-bulletin-afaam-info","status":"publish","type":"page","link":"https:\/\/maquisdelorris.fr\/resistance\/?page_id=3760","title":{"rendered":"Le bulletin AFAAM.info"},"content":{"rendered":"\n<p>Le premier num\u00e9ro du bulletin de l&rsquo;AFAAM est \u00e9dit\u00e9 \u00e0 l&rsquo;occasion du 71\u00e8me anniversaire des combats du maquis de Lorris et distribu\u00e9 le 16 ao\u00fbt 2015 au Carrefour de la R\u00e9sistance. L&rsquo;objectif est de rendre compte r\u00e9guli\u00e8rement des diff\u00e9rentes activit\u00e9s mises en place,&nbsp;de la vie de l&rsquo;association, et des projets \u00e0 venir.<\/p>\n\n\n\n<p>Tous les bulletins au format pdf sont t\u00e9l\u00e9chargeables ci-dessous  :<\/p>\n\n\n\n<div class=\"wp-block-buttons is-layout-flex wp-block-buttons-is-layout-flex\">\n<div class=\"wp-block-button has-custom-width wp-block-button__width-50 is-style-fill\"><a class=\"wp-block-button__link wp-element-button\" href=\"https:\/\/maquisdelorris.fr\/resistance\/wp-content\/uploads\/2026\/02\/Bulletin-2026.4.pdf\" style=\"border-top-left-radius:100px;border-top-right-radius:100px;border-bottom-left-radius:100px;border-bottom-right-radius:100px\">T\u00e9l\u00e9charger le bulletin AFAAM.INFO n\u00b012 &#8211; 2026<\/a><\/div>\n<\/div>\n\n\n\n<div class=\"wp-block-buttons is-content-justification-space-between is-layout-flex wp-container-core-buttons-is-layout-3d213aab wp-block-buttons-is-layout-flex\">\n<div class=\"wp-block-button has-custom-width wp-block-button__width-50 is-style-fill\"><a class=\"wp-block-button__link has-small-font-size has-custom-font-size wp-element-button\" href=\"https:\/\/maquisdelorris.fr\/resistance\/wp-content\/uploads\/2025\/02\/bulletin-afaam-2024.1.a-2-pdf.pdf\" style=\"border-radius:100px\" target=\"_blank\" rel=\"noreferrer noopener\">T\u00e9l\u00e9charger le bulletin AFAAM.INFO n\u00b011 &#8211; 2025<\/a><\/div>\n<\/div>\n\n\n\n<div class=\"wp-block-buttons is-content-justification-center is-layout-flex wp-container-core-buttons-is-layout-64b26803 wp-block-buttons-is-layout-flex\">\n<div class=\"wp-block-button has-custom-width wp-block-button__width-50\"><a class=\"wp-block-button__link has-small-font-size has-custom-font-size wp-element-button\" href=\"https:\/\/maquisdelorris.fr\/resistance\/wp-content\/uploads\/2024\/08\/AFAAM.INFO-n10-2024.pdf\" style=\"border-radius:100px\">T\u00e9l\u00e9charger le bulletin AFAAM.INFO n\u00b010 &#8211; 2024<\/a><\/div>\n\n\n\n<div class=\"wp-block-button has-custom-width wp-block-button__width-50\"><a class=\"wp-block-button__link has-small-font-size has-custom-font-size wp-element-button\" href=\"https:\/\/maquisdelorris.fr\/resistance\/wp-content\/uploads\/2023\/05\/AFAAM.INFO-n9-2023.pdf\" style=\"border-radius:100px\">T\u00e9l\u00e9charger le bulletin AFAAM.INFO n\u00b09 &#8211; 2023<\/a><\/div>\n\n\n\n<div class=\"wp-block-button has-custom-width wp-block-button__width-50\"><a class=\"wp-block-button__link has-small-font-size has-custom-font-size wp-element-button\" href=\"https:\/\/maquisdelorris.fr\/resistance\/wp-content\/uploads\/2022\/06\/AFAAM.info-n%C2%B08-janvier-2022.pdf\" style=\"border-radius:100px\">T\u00e9l\u00e9charger le bulletin AFAAM.INFO n\u00b08 &#8211; 2022<\/a><\/div>\n\n\n\n<div class=\"wp-block-button has-custom-width wp-block-button__width-50\"><a class=\"wp-block-button__link has-small-font-size has-custom-font-size wp-element-button\" href=\"https:\/\/maquisdelorris.fr\/resistance\/wp-content\/uploads\/2021\/01\/AFAAM.INFO-n%C2%B07-%E2%80%93-Janvier-2021.pdf\" style=\"border-radius:100px\">T\u00e9l\u00e9charger le bulletin AFAAM.INFO n\u00b07 &#8211; 2021<\/a><\/div>\n\n\n\n<div class=\"wp-block-button has-custom-width wp-block-button__width-50\"><a class=\"wp-block-button__link has-small-font-size has-custom-font-size wp-element-button\" href=\"https:\/\/maquisdelorris.fr\/resistance\/wp-content\/uploads\/2020\/01\/AFAAM.INFO-n%C2%B06-%E2%80%93-Janvier-2020.pdf\" style=\"border-radius:100px\">T\u00e9l\u00e9charger le bulletin AFAAM.INFO n\u00b06 &#8211; 2020<\/a><\/div>\n\n\n\n<div class=\"wp-block-button has-custom-width wp-block-button__width-50\"><a class=\"wp-block-button__link has-small-font-size has-custom-font-size wp-element-button\" href=\"https:\/\/maquisdelorris.fr\/resistance\/wp-content\/uploads\/2018\/12\/Bulletin-AFAAM.info-n%C2%B05.pdf\" style=\"border-radius:100px\">T\u00e9l\u00e9charger le bulletin AFAAM.INFO n\u00b05 &#8211; 2019<\/a><\/div>\n\n\n\n<div class=\"wp-block-button has-custom-width wp-block-button__width-50\"><a class=\"wp-block-button__link has-small-font-size has-custom-font-size wp-element-button\" href=\"https:\/\/maquisdelorris.fr\/resistance\/wp-content\/uploads\/2018\/02\/Bulletin-AFAAM.info-n%C2%B04.pdf\" style=\"border-radius:100px\">T\u00e9l\u00e9charger le bulletin AFAAM.INFO n\u00b04 &#8211; 2018<\/a><\/div>\n\n\n\n<div class=\"wp-block-button has-custom-width wp-block-button__width-50\"><a class=\"wp-block-button__link has-small-font-size has-custom-font-size wp-element-button\" href=\"https:\/\/maquisdelorris.fr\/resistance\/wp-content\/uploads\/2017\/02\/BULLETIN-AFAAM-n%C2%B03-janvier-2017.pdf\" style=\"border-radius:100px\">T\u00e9l\u00e9charger le bulletin AFAAM.INFO n\u00b03 &#8211; 2017<\/a><\/div>\n\n\n\n<div class=\"wp-block-button has-custom-width wp-block-button__width-50\"><a class=\"wp-block-button__link has-small-font-size has-custom-font-size wp-element-button\" href=\"https:\/\/maquisdelorris.fr\/resistance\/wp-content\/uploads\/2015\/12\/bulletin-AFAAM-n%C2%B02-janv-2016.pdf\" style=\"border-radius:100px\">T\u00e9l\u00e9charger le bulletin AFAAM.INFO n\u00b02 &#8211; 2016<\/a><\/div>\n\n\n\n<div class=\"wp-block-button has-custom-width wp-block-button__width-50\"><a class=\"wp-block-button__link has-small-font-size has-custom-font-size wp-element-button\" href=\"https:\/\/maquisdelorris.fr\/resistance\/wp-content\/uploads\/2015\/08\/BULLETIN-AFAAM-n%C2%B01-ao%C3%BBt-2015.pdf\" style=\"border-radius:100px\">T\u00e9l\u00e9charger le bulletin AFAAM.INFO n\u00b01 &#8211; 2015<\/a><\/div>\n<\/div>\n\n\n\n<p><\/p>\n","protected":false},"excerpt":{"rendered":"<p>Le premier num\u00e9ro du bulletin de l&rsquo;AFAAM est \u00e9dit\u00e9 \u00e0 l&rsquo;occasion du 71\u00e8me anniversaire des combats du maquis de Lorris et distribu\u00e9 le 16 ao\u00fbt 2015 au Carrefour de la R\u00e9sistance. L&rsquo;objectif est de rendre compte r\u00e9guli\u00e8rement des diff\u00e9rentes activit\u00e9s mises en place,&nbsp;de la vie de l&rsquo;association, et des projets \u00e0 venir. Tous les bulletins &hellip; <\/p>\n<p><a class=\"more-link btn\" href=\"https:\/\/maquisdelorris.fr\/resistance\/?page_id=3760\">Lire la suite<\/a><\/p>\n","protected":false},"author":5,"featured_media":5890,"parent":8887,"menu_order":3,"comment_status":"closed","ping_status":"closed","template":"","meta":{"footnotes":""},"class_list":["post-3760","page","type-page","status-publish","has-post-thumbnail","hentry","nodate","item-wrap"],"aioseo_notices":[],"_links":{"self":[{"href":"https:\/\/maquisdelorris.fr\/resistance\/index.php?rest_route=\/wp\/v2\/pages\/3760","targetHints":{"allow":["GET"]}}],"collection":[{"href":"https:\/\/maquisdelorris.fr\/resistance\/index.php?rest_route=\/wp\/v2\/pages"}],"about":[{"href":"https:\/\/maquisdelorris.fr\/resistance\/index.php?rest_route=\/wp\/v2\/types\/page"}],"author":[{"embeddable":true,"href":"https:\/\/maquisdelorris.fr\/resistance\/index.php?rest_route=\/wp\/v2\/users\/5"}],"replies":[{"embeddable":true,"href":"https:\/\/maquisdelorris.fr\/resistance\/index.php?rest_route=%2Fwp%2Fv2%2Fcomments&post=3760"}],"version-history":[{"count":0,"href":"https:\/\/maquisdelorris.fr\/resistance\/index.php?rest_route=\/wp\/v2\/pages\/3760\/revisions"}],"up":[{"embeddable":true,"href":"https:\/\/maquisdelorris.fr\/resistance\/index.php?rest_route=\/wp\/v2\/pages\/8887"}],"wp:featuredmedia":[{"embeddable":true,"href":"https:\/\/maquisdelorris.fr\/resistance\/index.php?rest_route=\/wp\/v2\/media\/5890"}],"wp:attachment":[{"href":"https:\/\/maquisdelorris.fr\/resistance\/index.php?rest_route=%2Fwp%2Fv2%2Fmedia&parent=3760"}],"curies":[{"name":"wp","href":"https:\/\/api.w.org\/{rel}","templated":true}]}}