{"id":4135,"date":"2016-08-17T10:40:14","date_gmt":"2016-08-17T10:40:14","guid":{"rendered":"http:\/\/maquisdelorris.fr\/resistance\/?page_id=4135"},"modified":"2023-08-14T15:33:46","modified_gmt":"2023-08-14T15:33:46","slug":"georges-seguy","status":"publish","type":"page","link":"https:\/\/maquisdelorris.fr\/resistance\/?page_id=4135","title":{"rendered":"Georges S\u00e9guy"},"content":{"rendered":"\n<p>Accueilli \u00e0 plusieurs reprises au coll\u00e8ge, toujours en compagnie de son ami <a href=\"https:\/\/maquisdelorris.fr\/resistance\/?page_id=1843\" target=\"_blank\" rel=\"noopener noreferrer\">Henri Ledroit<\/a> qui nous a quitt\u00e9s en 2013, Georges S\u00e9guy<sup data-fn=\"aa0da57d-22cc-4ff4-b7f6-166e48421cf1\" class=\"fn\"><a href=\"#aa0da57d-22cc-4ff4-b7f6-166e48421cf1\" id=\"aa0da57d-22cc-4ff4-b7f6-166e48421cf1-link\">1<\/a><\/sup> a toujours accept\u00e9 avec grand plaisir la rencontre avec les jeunes, pour un exercice difficile s\u2019il en est, raconter l\u2019indicible \u00e0 des \u00e9l\u00e8ves toujours captiv\u00e9s par son r\u00e9cit, ses bons mots et ses formules ac\u00e9r\u00e9es, vigoureusement lanc\u00e9es&nbsp;avec son accent chantant de la Garonne.<\/p>\n\n\n<div class=\"wp-block-image\">\n<figure class=\"alignright is-resized\"><a href=\"https:\/\/maquisdelorris.fr\/resistance\/?attachment_id=4141\" rel=\"attachment wp-att-4141\"><img loading=\"lazy\" decoding=\"async\" src=\"https:\/\/maquisdelorris.fr\/resistance\/wp-content\/uploads\/2016\/08\/G.S\u00e9guy.jpg\" alt=\"G.S\u00e9guy\" class=\"wp-image-4141\" style=\"width:338px;height:231px\" width=\"338\" height=\"231\" srcset=\"https:\/\/maquisdelorris.fr\/resistance\/wp-content\/uploads\/2016\/08\/G.S\u00e9guy.jpg 665w, https:\/\/maquisdelorris.fr\/resistance\/wp-content\/uploads\/2016\/08\/G.S\u00e9guy-300x205.jpg 300w\" sizes=\"auto, (max-width: 338px) 100vw, 338px\" \/><\/a><figcaption class=\"wp-element-caption\">Georges S\u00e9guy au coll\u00e8ge (Droits r\u00e9serv\u00e9s, Coll\u00e8ge Genevi\u00e8ve de Gaulle-Anthonioz, Les Bordes, 14 f\u00e9vrier 2012)<\/figcaption><\/figure>\n<\/div>\n\n\n<p>De passage au coll\u00e8ge, Georges S\u00e9guy est ainsi intervenu en 2011 puis 2012 pour d\u00e9crire l&rsquo;univers concentrationnaire aux \u00e9l\u00e8ves. Dans le cadre de la pr\u00e9paration au&nbsp;<b>Concours National de la R\u00e9sistance et la D\u00e9portation<\/b>, il est d&rsquo;abord revenu sur la r\u00e9pression men\u00e9e par les autorit\u00e9s de Vichy, r\u00e9pression dont Henri Ledroit et lui-m\u00eame&nbsp;ont \u00e9t\u00e9 les victimes, avant d&rsquo;aborder la question des diff\u00e9rentes formes de r\u00e9sistance qui ont pu exister dans les camps. La rencontre pr\u00e9vue en mars 2015 avait finalement&nbsp;d\u00fb \u00eatre annul\u00e9e en raison des soucis de sant\u00e9 de Georges S\u00e9guy, qui devait alors intervenir sur la lib\u00e9ration des camps et aborder la difficile question du retour des d\u00e9port\u00e9s. <\/p>\n\n\n\n<p>Je ne reviendrai pas ici sur sa carri\u00e8re d\u2019homme politique de cette&nbsp;figure du syndicalisme fran\u00e7ais, mes \u00e9l\u00e8ves auront l\u2019opportunit\u00e9, au lyc\u00e9e, d\u2019approfondir la question, mais bien sur ses jeunes ann\u00e9es, la r\u00e9sistance, puis la d\u00e9portation \u00e0 Mauthausen.<\/p>\n\n\n\n<p>Georges S\u00e9guy est n\u00e9 le 16&nbsp;mars 1927 \u00e0&nbsp;Toulouse. Son p\u00e8re, ouvrier agriculteur puis cheminot, syndicaliste et communiste, l\u2019emm\u00e8nera d\u00e8s ses 10&nbsp;ans aux r\u00e9unions et manifestations auxquelles il participe r\u00e9guli\u00e8rement.&nbsp;Certificat d\u2019\u00e9tudes primaires en poche en&nbsp;1939, Georges S\u00e9guy parlait souvent aux enfants de sa col\u00e8re en 1940, lorsque, \u00e9l\u00e8ve au cours compl\u00e9mentaire, il devait subir r\u00e9guli\u00e8rement la&nbsp;le\u00e7on d\u2019\u201cinstruction civique\u201d&nbsp;obligatoire \u00e0 la gloire du mar\u00e9chal P\u00e9tain&nbsp;! Col\u00e8re, indignation, rage m\u00eame, quand au printemps 1942 il apprend l\u2019ex\u00e9cution par les Allemands du dirigeant syndicaliste cheminot Pierre Semard, qu\u2019il avait si souvent vu chez lui avec son p\u00e8re. Boulevers\u00e9, sa d\u00e9cision est prise, il entrera dans la r\u00e9sistance.<\/p>\n\n\n<div class=\"wp-block-image\">\n<figure class=\"alignright is-resized\"><a href=\"https:\/\/maquisdelorris.fr\/resistance\/wp-content\/uploads\/2013\/05\/Image-saisie-2.bmp\"><img loading=\"lazy\" decoding=\"async\" src=\"https:\/\/maquisdelorris.fr\/resistance\/wp-content\/uploads\/2013\/05\/Image-saisie-2.bmp\" alt=\"Image saisie 2\" class=\"wp-image-1850\" style=\"width:468px;height:263px\" width=\"468\" height=\"263\"\/><\/a><figcaption class=\"wp-element-caption\">Henri Ledroit et Georges S\u00e9guy, t\u00e9moignage recueilli et enregistr\u00e9&nbsp;au coll\u00e8ge (Droits r\u00e9serv\u00e9s, Coll\u00e8ge Genevi\u00e8ve de Gaulle-Anthonioz, Les Bordes, 14 f\u00e9vrier 2012)<\/figcaption><\/figure>\n<\/div>\n\n\n<p>Georges S\u00e9guy apprend le m\u00e9tier de conducteur typographe dans une imprimerie. Il en profitera pour devenir un sp\u00e9cialiste des faux papiers&nbsp;: fausses cartes d\u2019identit\u00e9, faux certificats de travail, faux livrets de famille&#8230; Il participe aussi \u00e0 l\u2019impression de l\u2019Humanit\u00e9, Combat, Franc-Tireur&#8230; A l\u2019\u00e2ge de 16 ans, il adh\u00e8re, toujours clandestinement bien s\u00fbr, \u00e0 la Jeunesse communiste et il est enr\u00f4l\u00e9 dans les rangs des Francs-tireurs et partisans fran\u00e7ais (FTPF), pour lesquels il joue le r\u00f4le d\u2019agent de liaison entre 1942 et 1944.<\/p>\n\n\n\n<p>Son engagement tourne court lorsqu&rsquo;il est arr\u00eat\u00e9 par la Gestapo le 4&nbsp;f\u00e9vrier 1944, d\u00e9nonc\u00e9 par un coll\u00e8gue auquel Georges S\u00e9guy est menott\u00e9 ce jour-l\u00e0. M\u00e9dus\u00e9, il voit celui-ci s\u2019adresser en allemand \u00e0 ses ge\u00f4liers et dispara\u00eetre tranquillement. Cet agent fut retrouv\u00e9, jug\u00e9, et fusill\u00e9 \u00e0 la Lib\u00e9ration. Georges S\u00e9guy s\u2019en assurera.<\/p>\n\n\n\n<p>Emprisonn\u00e9 \u00e0 Toulouse pendant 3 semaines, interrog\u00e9 sans m\u00e9nagement, Georges S\u00e9guy est ensuite transf\u00e9r\u00e9 au&nbsp;camp de transit&nbsp;de Compi\u00e8gne, d\u2019o\u00f9 il part pour le camp de Mauthausen en Autriche, le 23&nbsp;mars 1944. Trois jours et trois nuits, sans manger, sans boire, sans voir le jour, dans un wagon&nbsp;\u00e0 bestiaux\u2026<\/p>\n\n\n\n<p>Georges S\u00e9guy, d\u00e9sormais le matricule 60581, rencontre \u00e0 Mauthausen d\u2019autres Fran\u00e7ais, dont des militants communistes, avec lesquels il parvient \u00e0 constituer une organisation clandestine. R\u00e9sister \u00e0 Mauthausen, c\u2019\u00e9tait d\u2019abord saboter le travail\u2009: il faut l\u2019entendre raconter aux \u00e9l\u00e8ves comment il met alors tout en \u0153uvre pour saboter les ailerons pour les avions de chasse Messerschmitt, sur lesquels les d\u00e9port\u00e9s travaillent&nbsp;(voir 3<sup>\u00e8me<\/sup> extrait video ci-dessous) ! Faire des trous de 10mm pour des rivets de 8, esp\u00e9rant entra\u00eener la chute des avions allemands en vol&nbsp;! R\u00e9sister, c\u2019est aussi capter les informations radiophoniques sur la d\u00e9b\u00e2cle en cours, pour les communiquer dans le camp, et garder courage.<\/p>\n\n\n\n<p>A la lib\u00e9ration du camp (28&nbsp;avril 1945), Georges S\u00e9guy peut enfin rentrer \u00e0 Toulouse. On est d\u00e9but mai 1945, il ne p\u00e8se que 38 kilos. La pleur\u00e9sie qu&rsquo;il a contract\u00e9 \u00e0 Mauthausen le forcera \u00e0&nbsp;d\u00e9laisser son travail \u00e0 l\u2019imprimerie. Il entre \u00e0 la SNCF.<\/p>\n\n\n\n<p>Devenu en 1949 secr\u00e9taire de la f\u00e9d\u00e9ration CGT des cheminots, entr\u00e9 en 1954 au comit\u00e9 central du Parti Communiste Fran\u00e7ais, puis au bureau politique en 1956, Georges S\u00e9guy gravit rapidement les \u00e9chelons de l&rsquo;appareil syndical : secr\u00e9taire g\u00e9n\u00e9ral de la f\u00e9d\u00e9ration des cheminots (1961), membre du bureau conf\u00e9d\u00e9ral de la CGT (1965), avant de succ\u00e9der en 1967 \u00e0 Beno\u00eet Frachon \u00e0 la t\u00eate de la CGT. \u00c0 ce poste de secr\u00e9taire g\u00e9n\u00e9ral, il tient un r\u00f4le de premier plan au cours des grandes gr\u00e8ves de mai-juin&nbsp;1968, un mouvement social d\u2019envergure au cours duquel il acquiert une stature d&rsquo;homme politique national. Pendant quinze ans, sa faconde et ses petites phrases vont marquer la vie sociale et politique. Il quittera la t\u00eate de la CGT le 18 juin&nbsp;1982.<\/p>\n\n\n\n<p>Retir\u00e9 de la sc\u00e8ne publique, mais toujours tr\u00e8s attentif \u00e0 la vie sociale du pays, il est rest\u00e9 un militant actif, dispensant avis et conseils, acclam\u00e9 lors du 50<sup>\u00e8me<\/sup> Congr\u00e8s de la CGT \u00e0 Toulouse, en 2013, o\u00f9 il avait rappel\u00e9&nbsp;: \u00ab&nbsp;Il ne suffit pas de s\u2019indigner\u2026 Il faut s\u2019engager&nbsp;\u00bb. C\u2019est fid\u00e8le \u00e0 cet axiome qu\u2019il portait inlassablement son t\u00e9moignage et son message dans le Loiret o\u00f9 il vivait sa retraite, dans les lyc\u00e9es et coll\u00e8ges comme le notre o\u00f9 il \u00e9tait souvent sollicit\u00e9.<\/p>\n\n\n\n<p>\u00ab&nbsp;J&rsquo;ai tout de suite pens\u00e9 que dans la mesure o\u00f9 j&rsquo;avais eu la chance inesp\u00e9r\u00e9e de figurer parmi les rescap\u00e9s, de revenir vivant de la d\u00e9portation, ma vie en quelque sorte ne m&rsquo;appartenait plus&nbsp;; elle appartenait \u00e0 la cause pour laquelle nous avions combattu et pour laquelle tant des n\u00f4tres \u00e9taient morts&nbsp;\u00bb dit-il dans ses M\u00e9moires.<\/p>\n\n\n\n<p class=\"has-text-align-center\"><em><em><strong>Travail r\u00e9alis\u00e9&nbsp;<\/strong><\/em><strong>par les \u00e9l\u00e8ves du Club R\u00e9sistance 2011\/2012 du coll\u00e8ge Genevi\u00e8ve de Gaulle Anthonioz des Bordes&nbsp;autour du th\u00e8me 2011\/2012 du Concours National de la R\u00e9sistance et de la D\u00e9portation&nbsp;:&nbsp;\u00ab&nbsp;R\u00e9sister dans les camps nazis \u00bb<\/strong><\/em><\/p>\n\n\n\n<p>Les trois courts extraits videos que je vous propose ci-dessous (avec toutes les autorisations d&rsquo;usage bien entendu) ont \u00e9t\u00e9 film\u00e9s au coll\u00e8ge des Bordes en 2012 :<\/p>\n\n\n\n<h4 class=\"wp-block-heading\"><strong>L&rsquo;entr\u00e9e dans la r\u00e9sistance<\/strong><\/h4>\n\n\n\n<figure class=\"wp-block-video aligncenter\"><video height=\"240\" style=\"aspect-ratio: 320 \/ 240;\" width=\"320\" controls src=\"https:\/\/maquisdelorris.fr\/resistance\/wp-content\/uploads\/videos\/G.Seguy part1.mp4\"><\/video><figcaption class=\"wp-element-caption\">  <em>T\u00e9moignage recueilli et enregistr\u00e9 par les \u00e9l\u00e8ves du Club R\u00e9sistance 2011\/2012 du coll\u00e8ge Genevi\u00e8ve de Gaulle Anthonioz des Bordes<\/em><br><em>Henri Ledroit et Georges S\u00e9guy, le 14 f\u00e9vrier 2012, au coll\u00e8ge<\/em><\/figcaption><\/figure>\n\n\n\n<h4 class=\"wp-block-heading\"><strong>L<\/strong><strong>a d\u00e9portation, Mauthausen<\/strong><\/h4>\n\n\n\n<figure class=\"wp-block-video\"><video height=\"240\" style=\"aspect-ratio: 320 \/ 240;\" width=\"320\" controls src=\"https:\/\/maquisdelorris.fr\/resistance\/wp-content\/uploads\/videos\/G.Seguy part2.mp4\"><\/video><\/figure>\n\n\n\n<h4 class=\"wp-block-heading\"><strong>R\u00e9sister \u00e0 Mauthausen<\/strong><\/h4>\n\n\n\n<figure class=\"wp-block-video\"><video height=\"240\" style=\"aspect-ratio: 320 \/ 240;\" width=\"320\" controls src=\"https:\/\/maquisdelorris.fr\/resistance\/wp-content\/uploads\/videos\/G.Seguy part3.mp4\"><\/video><\/figure>\n\n\n\n<p>Ce t\u00e9moignage a permis la r\u00e9alisation d&rsquo;un DVD (voir jaquette ci-dessous) destin\u00e9 \u00e0 \u00eatre utilis\u00e9 ult\u00e9rieurement&nbsp;par d&rsquo;autres groupes d&rsquo;\u00e9l\u00e8ves, et pr\u00e9sent\u00e9 au&nbsp;Concours National de la R\u00e9sistance et de la D\u00e9portation 2011\/2012 : ce&nbsp;travail r\u00e9alis\u00e9&nbsp;avec les \u00e9l\u00e8ves du Club R\u00e9sistance du coll\u00e8ge Genevi\u00e8ve de Gaulle Anthonioz des Bordes&nbsp;a remport\u00e9 le Premier Prix de la cat\u00e9gorie M\u00e9moire audiovisuel collectif du concours dont le th\u00e8me \u00e9tait :&nbsp;\u00ab&nbsp;R\u00e9sister dans les camps nazis \u00bb.<\/p>\n\n\n<div class=\"wp-block-image\">\n<figure class=\"aligncenter is-resized\"><a href=\"https:\/\/maquisdelorris.fr\/resistance\/wp-content\/uploads\/2013\/05\/psd-jacquette-dvd-2012.jpg\"><img loading=\"lazy\" decoding=\"async\" src=\"https:\/\/maquisdelorris.fr\/resistance\/wp-content\/uploads\/2013\/05\/psd-jacquette-dvd-2012-1024x690.jpg\" alt=\"psd jacquette dvd 2012\" class=\"wp-image-1865\" style=\"width:919px;height:619px\" width=\"919\" height=\"619\" srcset=\"https:\/\/maquisdelorris.fr\/resistance\/wp-content\/uploads\/2013\/05\/psd-jacquette-dvd-2012-1024x690.jpg 1024w, https:\/\/maquisdelorris.fr\/resistance\/wp-content\/uploads\/2013\/05\/psd-jacquette-dvd-2012-300x202.jpg 300w, https:\/\/maquisdelorris.fr\/resistance\/wp-content\/uploads\/2013\/05\/psd-jacquette-dvd-2012.jpg 1548w\" sizes=\"auto, (max-width: 919px) 100vw, 919px\" \/><\/a><\/figure>\n<\/div>\n\n\n<p><em id=\"__mceDel\">&nbsp;<\/em><\/p>\n\n\n<ol class=\"wp-block-footnotes\"><li id=\"aa0da57d-22cc-4ff4-b7f6-166e48421cf1\">Georges S\u00e9guy est d\u00e9c\u00e9d\u00e9 le 13 ao\u00fbt 2016 (voir\u00a0<a href=\"https:\/\/maquisdelorris.fr\/resistance\/?p=4140\" target=\"_blank\" rel=\"noreferrer noopener\">article d\u00e9di\u00e9<\/a>) <a href=\"#aa0da57d-22cc-4ff4-b7f6-166e48421cf1-link\" aria-label=\"Aller \u00e0 la note de bas de page 1\">\u21a9\ufe0e<\/a><\/li><\/ol>","protected":false},"excerpt":{"rendered":"<p>Accueilli \u00e0 plusieurs reprises au coll\u00e8ge, toujours en compagnie de son ami Henri Ledroit qui nous a quitt\u00e9s en 2013, Georges S\u00e9guy a toujours accept\u00e9 avec grand plaisir la rencontre avec les jeunes, pour un exercice difficile s\u2019il en est, raconter l\u2019indicible \u00e0 des \u00e9l\u00e8ves toujours captiv\u00e9s par son r\u00e9cit, ses bons mots et ses &hellip; <\/p>\n<p><a class=\"more-link btn\" href=\"https:\/\/maquisdelorris.fr\/resistance\/?page_id=4135\">Lire la suite<\/a><\/p>\n","protected":false},"author":5,"featured_media":4240,"parent":570,"menu_order":4,"comment_status":"closed","ping_status":"closed","template":"","meta":{"footnotes":"[{\"content\":\"Georges S\u00e9guy est d\u00e9c\u00e9d\u00e9 le 13 ao\u00fbt 2016 (voir\u00a0<a href=\\\"http:\/\/maquisdelorris.fr\/resistance\/?p=4140\\\" target=\\\"_blank\\\" rel=\\\"noreferrer noopener\\\">article d\u00e9di\u00e9<\/a>)\",\"id\":\"aa0da57d-22cc-4ff4-b7f6-166e48421cf1\"}]"},"class_list":["post-4135","page","type-page","status-publish","has-post-thumbnail","hentry","nodate","item-wrap"],"aioseo_notices":[],"_links":{"self":[{"href":"https:\/\/maquisdelorris.fr\/resistance\/index.php?rest_route=\/wp\/v2\/pages\/4135","targetHints":{"allow":["GET"]}}],"collection":[{"href":"https:\/\/maquisdelorris.fr\/resistance\/index.php?rest_route=\/wp\/v2\/pages"}],"about":[{"href":"https:\/\/maquisdelorris.fr\/resistance\/index.php?rest_route=\/wp\/v2\/types\/page"}],"author":[{"embeddable":true,"href":"https:\/\/maquisdelorris.fr\/resistance\/index.php?rest_route=\/wp\/v2\/users\/5"}],"replies":[{"embeddable":true,"href":"https:\/\/maquisdelorris.fr\/resistance\/index.php?rest_route=%2Fwp%2Fv2%2Fcomments&post=4135"}],"version-history":[{"count":0,"href":"https:\/\/maquisdelorris.fr\/resistance\/index.php?rest_route=\/wp\/v2\/pages\/4135\/revisions"}],"up":[{"embeddable":true,"href":"https:\/\/maquisdelorris.fr\/resistance\/index.php?rest_route=\/wp\/v2\/pages\/570"}],"wp:featuredmedia":[{"embeddable":true,"href":"https:\/\/maquisdelorris.fr\/resistance\/index.php?rest_route=\/wp\/v2\/media\/4240"}],"wp:attachment":[{"href":"https:\/\/maquisdelorris.fr\/resistance\/index.php?rest_route=%2Fwp%2Fv2%2Fmedia&parent=4135"}],"curies":[{"name":"wp","href":"https:\/\/api.w.org\/{rel}","templated":true}]}}