{"id":44,"date":"2011-03-27T11:57:21","date_gmt":"2011-03-27T11:57:21","guid":{"rendered":"http:\/\/maquisdelorris.fr\/resistance\/?page_id=44"},"modified":"2019-08-12T13:16:04","modified_gmt":"2019-08-12T13:16:04","slug":"histoire-et-memoire","status":"publish","type":"page","link":"https:\/\/maquisdelorris.fr\/resistance\/?page_id=44","title":{"rendered":"Lieux de M\u00e9moire"},"content":{"rendered":"\n<p>Cette section recense&nbsp;un certain nombre de&nbsp;lieux de m\u00e9moire (mus\u00e9es, m\u00e9moriaux, n\u00e9cropoles&#8230;), et rapporte de nombreux \u00e9v\u00e9nements, c\u00e9r\u00e9monies de comm\u00e9moration et d&rsquo;hommages notamment, consacr\u00e9s aux r\u00e9sistants et aux victimes de la seconde guerre mondiale. Toujours en lien avec le travail effectu\u00e9 par les \u00e9l\u00e8ves du coll\u00e8ge des Bordes chaque ann\u00e9e, le maquis de Lorris est ici principalement mis \u00e0 l&rsquo;honneur, mais vous d\u00e9couvrirez&nbsp;aussi ult\u00e9rieurement d&rsquo;autres lieux visit\u00e9s par les \u00e9l\u00e8ves lors des voyages scolaires organis\u00e9s r\u00e9guli\u00e8rement depuis 2003, en France et \u00e0 l&rsquo;\u00e9tranger (plages de Normandie, Oradour-sur-Glane, Ravensbr\u00fcck, le Panth\u00e9on&#8230;., voir <a href=\"https:\/\/maquisdelorris.fr\/resistance\/?page_id=757\">bilans des projets<\/a>).<\/p>\n\n\n\n<p><strong>Vous avez acc\u00e8s via les bandeaux ci-dessous \u00e0 l&rsquo;ensemble des pages concern\u00e9es<\/strong><\/p>\n","protected":false},"excerpt":{"rendered":"<p>Cette section recense&nbsp;un certain nombre de&nbsp;lieux de m\u00e9moire (mus\u00e9es, m\u00e9moriaux, n\u00e9cropoles&#8230;), et rapporte de nombreux \u00e9v\u00e9nements, c\u00e9r\u00e9monies de comm\u00e9moration et d&rsquo;hommages notamment, consacr\u00e9s aux r\u00e9sistants et aux victimes de la seconde guerre mondiale. Toujours en lien avec le travail effectu\u00e9 par les \u00e9l\u00e8ves du coll\u00e8ge des Bordes chaque ann\u00e9e, le maquis de Lorris est ici &hellip; <\/p>\n<p><a class=\"more-link btn\" href=\"https:\/\/maquisdelorris.fr\/resistance\/?page_id=44\">Lire la suite<\/a><\/p>\n","protected":false},"author":5,"featured_media":2103,"parent":0,"menu_order":6,"comment_status":"open","ping_status":"closed","template":"","meta":{"footnotes":""},"class_list":["post-44","page","type-page","status-publish","has-post-thumbnail","hentry","nodate","item-wrap"],"aioseo_notices":[],"_links":{"self":[{"href":"https:\/\/maquisdelorris.fr\/resistance\/index.php?rest_route=\/wp\/v2\/pages\/44","targetHints":{"allow":["GET"]}}],"collection":[{"href":"https:\/\/maquisdelorris.fr\/resistance\/index.php?rest_route=\/wp\/v2\/pages"}],"about":[{"href":"https:\/\/maquisdelorris.fr\/resistance\/index.php?rest_route=\/wp\/v2\/types\/page"}],"author":[{"embeddable":true,"href":"https:\/\/maquisdelorris.fr\/resistance\/index.php?rest_route=\/wp\/v2\/users\/5"}],"replies":[{"embeddable":true,"href":"https:\/\/maquisdelorris.fr\/resistance\/index.php?rest_route=%2Fwp%2Fv2%2Fcomments&post=44"}],"version-history":[{"count":0,"href":"https:\/\/maquisdelorris.fr\/resistance\/index.php?rest_route=\/wp\/v2\/pages\/44\/revisions"}],"wp:featuredmedia":[{"embeddable":true,"href":"https:\/\/maquisdelorris.fr\/resistance\/index.php?rest_route=\/wp\/v2\/media\/2103"}],"wp:attachment":[{"href":"https:\/\/maquisdelorris.fr\/resistance\/index.php?rest_route=%2Fwp%2Fv2%2Fmedia&parent=44"}],"curies":[{"name":"wp","href":"https:\/\/api.w.org\/{rel}","templated":true}]}}