{"id":490,"date":"2012-01-25T16:10:29","date_gmt":"2012-01-25T16:10:29","guid":{"rendered":"http:\/\/maquisdelorris.fr\/resistance\/?page_id=490"},"modified":"2023-07-12T15:56:36","modified_gmt":"2023-07-12T15:56:36","slug":"en-direct-du-musee-de-la-resistance-de-lorris","status":"publish","type":"page","link":"https:\/\/maquisdelorris.fr\/resistance\/?page_id=490","title":{"rendered":"Le Mus\u00e9e de la R\u00e9sistance de Lorris"},"content":{"rendered":"\n<p>Lors de la Seconde Guerre mondiale, le d\u00e9partement du Loiret fut l\u2019un des hauts lieux de la R\u00e9sistance et paya un lourd tribut \u00e0 la D\u00e9portation. Lorris \u00e9tait bien s\u00fbr le si\u00e8ge d&rsquo;un important maquis, dont les actions sont d\u00e9taill\u00e9es dans ce blog. Ainsi, gr\u00e2ce \u00e0 la volont\u00e9 des anciens r\u00e9sistants et des d\u00e9port\u00e9s du Loiret, soutenus par le Conseil G\u00e9n\u00e9ral et la population du d\u00e9partement, un mus\u00e9e d\u2019Histoire et de M\u00e9moire sur cette p\u00e9riode a ouvert ses portes en 1988.<\/p>\n\n\n<div class=\"wp-block-image\">\n<figure class=\"alignleft\"><a href=\"https:\/\/maquisdelorris.fr\/resistance\/wp-content\/uploads\/2012\/01\/musee-lorris.jpg\"><img loading=\"lazy\" decoding=\"async\" width=\"300\" height=\"150\" src=\"https:\/\/maquisdelorris.fr\/resistance\/wp-content\/uploads\/2012\/01\/musee-lorris-300x150.jpg\" alt=\"\" class=\"wp-image-506\" srcset=\"https:\/\/maquisdelorris.fr\/resistance\/wp-content\/uploads\/2012\/01\/musee-lorris-300x150.jpg 300w, https:\/\/maquisdelorris.fr\/resistance\/wp-content\/uploads\/2012\/01\/musee-lorris.jpg 460w\" sizes=\"auto, (max-width: 300px) 100vw, 300px\" \/><\/a><\/figure>\n<\/div>\n\n\n<p>Situ\u00e9 \u00e0 25 km de Montargis et \u00e0 50 km d&rsquo;Orl\u00e9ans, install\u00e9 dans l&rsquo;ancienne gare, le <strong>Mus\u00e9e d\u00e9partemental de la R\u00e9sistance et de la D\u00e9portation de Lorris<\/strong> permet de d\u00e9couvrir les diff\u00e9rentes facettes du conflit d\u2019un point de vue mondial, national, mais aussi et surtout local. Enti\u00e8rement r\u00e9nov\u00e9 en 2009, le mus\u00e9e propose en effet un parcours de visite abordant les grands th\u00e8mes li\u00e9s au dernier conflit mondial, des origines \u00e0 l\u2019apr\u00e8s-guerre, autour de nombreux objets et documents originaux d\u2019\u00e9poque (tickets de rationnement, gazog\u00e8ne, armes, affiches, journaux, t\u00e9moignages\u2026). Le \u00ab\u00a0couloir du temps\u00a0\u00bb revient sur les origines du conflit, puis viennent la vie quotidienne des Fran\u00e7ais sous l&rsquo;Occupation, avec un \u00e9clairage particulier sur les habitants du Loiret, \u00a0la R\u00e9sistance, les maquis et la Lib\u00e9ration, l&rsquo;internement et la D\u00e9portation. La visite s\u2019ach\u00e8ve par la diffusion d\u2019un film d\u2019images d\u2019archives racontant les faits marquants de la Seconde Guerre mondiale dans le Loiret.<\/p>\n\n\n\n<p>Depuis 2015, un site internet d\u00e9di\u00e9 et une page Facebook permettent \u00e0 tous de consulter programme et actualit\u00e9s du mus\u00e9e (acc\u00e8s directs via les 2 boutons ci-dessous).<\/p>\n\n\n<div class=\"wp-block-image\">\n<figure class=\"alignleft size-large is-resized\"><a href=\"http:\/\/www.museelorris.fr\/\" target=\"_blank\" rel=\"noopener noreferrer\"><img loading=\"lazy\" decoding=\"async\" src=\"https:\/\/maquisdelorris.fr\/resistance\/wp-content\/uploads\/2020\/07\/acc\u00e8s-site-mus\u00e9e.jpg\" alt=\"\" class=\"wp-image-7087\" width=\"108\" height=\"115\"\/><\/a><\/figure>\n<\/div>\n\n<div class=\"wp-block-image\">\n<figure class=\"alignleft size-large is-resized\"><a href=\"https:\/\/www.facebook.com\/museedepartementaldelorris\/?hc_ref=ARSskrX_TSM-5XvQ6TUolnVALblSxXLT68Qg1ckSA8vBC20i2AERQQnZxUqiFljThOg&amp;fref=tag\" target=\"_blank\" rel=\"noopener noreferrer\"><img loading=\"lazy\" decoding=\"async\" src=\"https:\/\/maquisdelorris.fr\/resistance\/wp-content\/uploads\/2020\/07\/acc\u00e8s-facebook-mus\u00e9e.jpg\" alt=\"\" class=\"wp-image-7088\" width=\"108\" height=\"115\"\/><\/a><\/figure>\n<\/div>\n\n<div class=\"wp-block-image\">\n<figure class=\"alignright size-large is-resized\"><a href=\"https:\/\/maquisdelorris.fr\/resistance\/wp-content\/uploads\/2015\/08\/Page-site-mus\u00e9e-lorris.jpg\"><img loading=\"lazy\" decoding=\"async\" src=\"https:\/\/maquisdelorris.fr\/resistance\/wp-content\/uploads\/2020\/06\/Site-mus\u00e9e-banni\u00e8re.jpg\" alt=\"\" class=\"wp-image-7060\" width=\"582\" height=\"566\" srcset=\"https:\/\/maquisdelorris.fr\/resistance\/wp-content\/uploads\/2020\/06\/Site-mus\u00e9e-banni\u00e8re.jpg 903w, https:\/\/maquisdelorris.fr\/resistance\/wp-content\/uploads\/2020\/06\/Site-mus\u00e9e-banni\u00e8re-300x292.jpg 300w, https:\/\/maquisdelorris.fr\/resistance\/wp-content\/uploads\/2020\/06\/Site-mus\u00e9e-banni\u00e8re-768x747.jpg 768w, https:\/\/maquisdelorris.fr\/resistance\/wp-content\/uploads\/2020\/06\/Site-mus\u00e9e-banni\u00e8re-640x622.jpg 640w\" sizes=\"auto, (max-width: 582px) 100vw, 582px\" \/><\/a><\/figure>\n<\/div>\n\n\n<hr class=\"wp-block-separator has-css-opacity\"\/>\n\n\n<div class=\"wp-block-image\">\n<figure class=\"aligncenter is-resized\"><a href=\"https:\/\/maquisdelorris.fr\/resistance\/wp-content\/uploads\/2012\/01\/\u00e9cole.jpg\"><img loading=\"lazy\" decoding=\"async\" src=\"https:\/\/maquisdelorris.fr\/resistance\/wp-content\/uploads\/2012\/01\/\u00e9cole-300x200.jpg\" alt=\"\" class=\"wp-image-508\" width=\"600\" height=\"400\" srcset=\"https:\/\/maquisdelorris.fr\/resistance\/wp-content\/uploads\/2012\/01\/\u00e9cole-300x200.jpg 300w, https:\/\/maquisdelorris.fr\/resistance\/wp-content\/uploads\/2012\/01\/\u00e9cole.jpg 1024w\" sizes=\"auto, (max-width: 600px) 100vw, 600px\" \/><\/a><\/figure>\n<\/div>\n\n<div class=\"wp-block-image\">\n<figure class=\"aligncenter is-resized\"><a href=\"https:\/\/maquisdelorris.fr\/resistance\/wp-content\/uploads\/2015\/05\/Flyer-3-mus\u00e9e-2015.jpg\"><img loading=\"lazy\" decoding=\"async\" src=\"https:\/\/maquisdelorris.fr\/resistance\/wp-content\/uploads\/2015\/05\/Flyer-3-mus\u00e9e-2015-969x1024.jpg\" alt=\"Flyer 3 mus\u00e9e 2015\" class=\"wp-image-3504\" width=\"600\" height=\"644\"\/><\/a><\/figure>\n<\/div>\n\n\n<p>Notez \u00e9galement qu&rsquo;une borne informatique en libre service dans le mus\u00e9e permet aux visiteurs de consulter un fichier num\u00e9rique r\u00e9pertoriant les maquisards de Lorris, voici l&rsquo;exemple de la fiche de Numa Four\u00e8s ci-dessous. <\/p>\n\n\n<div class=\"wp-block-image\">\n<figure class=\"aligncenter is-resized\"><img loading=\"lazy\" decoding=\"async\" src=\"https:\/\/maquisdelorris.fr\/resistance\/wp-content\/uploads\/2014\/08\/IMG_9221.jpg\" alt=\"\" class=\"wp-image-2698\" width=\"426\" height=\"568\" srcset=\"https:\/\/maquisdelorris.fr\/resistance\/wp-content\/uploads\/2014\/08\/IMG_9221.jpg 576w, https:\/\/maquisdelorris.fr\/resistance\/wp-content\/uploads\/2014\/08\/IMG_9221-225x300.jpg 225w\" sizes=\"auto, (max-width: 426px) 100vw, 426px\" \/><\/figure>\n<\/div>\n\n\n<p>Pour tous mes coll\u00e8gues enseignants, sachez que le mus\u00e9e est parfaitement bien adapt\u00e9 aux nouveaux programmes de troisi\u00e8me, il est en outre ouvert toute l\u2019ann\u00e9e du lundi au vendredi, avec \u00e0 sa direction une \u00e9quipe particuli\u00e8rement disponible qui vous permettra choisir la formule de visite la plus adapt\u00e9e (visite guid\u00e9e ou libre, questionnaires fournis&#8230;), voici le d\u00e9tail du&nbsp;programme d&rsquo;activit\u00e9s destin\u00e9 \u00e0 vos classes de&nbsp;3\u00e8me :<\/p>\n\n\n<div class=\"wp-block-image\">\n<figure class=\"aligncenter size-large is-resized\"><img loading=\"lazy\" decoding=\"async\" src=\"https:\/\/maquisdelorris.fr\/resistance\/wp-content\/uploads\/2020\/07\/programme-mus\u00e9e-2020-p3-1-1024x710.jpg\" alt=\"\" class=\"wp-image-7102\" width=\"907\" height=\"629\" srcset=\"https:\/\/maquisdelorris.fr\/resistance\/wp-content\/uploads\/2020\/07\/programme-mus\u00e9e-2020-p3-1-1024x710.jpg 1024w, https:\/\/maquisdelorris.fr\/resistance\/wp-content\/uploads\/2020\/07\/programme-mus\u00e9e-2020-p3-1-300x208.jpg 300w, https:\/\/maquisdelorris.fr\/resistance\/wp-content\/uploads\/2020\/07\/programme-mus\u00e9e-2020-p3-1-768x533.jpg 768w, https:\/\/maquisdelorris.fr\/resistance\/wp-content\/uploads\/2020\/07\/programme-mus\u00e9e-2020-p3-1-640x444.jpg 640w, https:\/\/maquisdelorris.fr\/resistance\/wp-content\/uploads\/2020\/07\/programme-mus\u00e9e-2020-p3-1.jpg 1135w\" sizes=\"auto, (max-width: 907px) 100vw, 907px\" \/><\/figure>\n<\/div>\n\n<div class=\"wp-block-image\">\n<figure class=\"aligncenter size-large is-resized\"><img loading=\"lazy\" decoding=\"async\" src=\"https:\/\/maquisdelorris.fr\/resistance\/wp-content\/uploads\/2020\/07\/programme-mus\u00e9e-2020-p2.jpg\" alt=\"\" class=\"wp-image-7095\" width=\"746\" height=\"746\" srcset=\"https:\/\/maquisdelorris.fr\/resistance\/wp-content\/uploads\/2020\/07\/programme-mus\u00e9e-2020-p2.jpg 850w, https:\/\/maquisdelorris.fr\/resistance\/wp-content\/uploads\/2020\/07\/programme-mus\u00e9e-2020-p2-300x300.jpg 300w, https:\/\/maquisdelorris.fr\/resistance\/wp-content\/uploads\/2020\/07\/programme-mus\u00e9e-2020-p2-150x150.jpg 150w, https:\/\/maquisdelorris.fr\/resistance\/wp-content\/uploads\/2020\/07\/programme-mus\u00e9e-2020-p2-768x768.jpg 768w, https:\/\/maquisdelorris.fr\/resistance\/wp-content\/uploads\/2020\/07\/programme-mus\u00e9e-2020-p2-640x640.jpg 640w\" sizes=\"auto, (max-width: 746px) 100vw, 746px\" \/><\/figure>\n<\/div>\n\n\n<p><\/p>\n","protected":false},"excerpt":{"rendered":"<p>Lors de la Seconde Guerre mondiale, le d\u00e9partement du Loiret fut l\u2019un des hauts lieux de la R\u00e9sistance et paya un lourd tribut \u00e0 la D\u00e9portation. Lorris \u00e9tait bien s\u00fbr le si\u00e8ge d&rsquo;un important maquis, dont les actions sont d\u00e9taill\u00e9es dans ce blog. Ainsi, gr\u00e2ce \u00e0 la volont\u00e9 des anciens r\u00e9sistants et des d\u00e9port\u00e9s du &hellip; <\/p>\n<p><a class=\"more-link btn\" href=\"https:\/\/maquisdelorris.fr\/resistance\/?page_id=490\">Lire la suite<\/a><\/p>\n","protected":false},"author":5,"featured_media":7084,"parent":44,"menu_order":1,"comment_status":"closed","ping_status":"open","template":"","meta":{"footnotes":""},"class_list":["post-490","page","type-page","status-publish","has-post-thumbnail","hentry","nodate","item-wrap"],"aioseo_notices":[],"_links":{"self":[{"href":"https:\/\/maquisdelorris.fr\/resistance\/index.php?rest_route=\/wp\/v2\/pages\/490","targetHints":{"allow":["GET"]}}],"collection":[{"href":"https:\/\/maquisdelorris.fr\/resistance\/index.php?rest_route=\/wp\/v2\/pages"}],"about":[{"href":"https:\/\/maquisdelorris.fr\/resistance\/index.php?rest_route=\/wp\/v2\/types\/page"}],"author":[{"embeddable":true,"href":"https:\/\/maquisdelorris.fr\/resistance\/index.php?rest_route=\/wp\/v2\/users\/5"}],"replies":[{"embeddable":true,"href":"https:\/\/maquisdelorris.fr\/resistance\/index.php?rest_route=%2Fwp%2Fv2%2Fcomments&post=490"}],"version-history":[{"count":0,"href":"https:\/\/maquisdelorris.fr\/resistance\/index.php?rest_route=\/wp\/v2\/pages\/490\/revisions"}],"up":[{"embeddable":true,"href":"https:\/\/maquisdelorris.fr\/resistance\/index.php?rest_route=\/wp\/v2\/pages\/44"}],"wp:featuredmedia":[{"embeddable":true,"href":"https:\/\/maquisdelorris.fr\/resistance\/index.php?rest_route=\/wp\/v2\/media\/7084"}],"wp:attachment":[{"href":"https:\/\/maquisdelorris.fr\/resistance\/index.php?rest_route=%2Fwp%2Fv2%2Fmedia&parent=490"}],"curies":[{"name":"wp","href":"https:\/\/api.w.org\/{rel}","templated":true}]}}