{"id":55,"date":"2011-03-27T11:58:59","date_gmt":"2011-03-27T11:58:59","guid":{"rendered":"http:\/\/maquisdelorris.fr\/resistance\/?page_id=55"},"modified":"2025-09-28T15:23:25","modified_gmt":"2025-09-28T15:23:25","slug":"le-club-resistance-du-college-des-bordes","status":"publish","type":"page","link":"https:\/\/maquisdelorris.fr\/resistance\/?page_id=55","title":{"rendered":"Le Club R\u00e9sistance"},"content":{"rendered":"\n<h4 class=\"wp-block-heading\"><strong>Un site pour mettre en valeur le travail des \u00e9l\u00e8ves<\/strong><\/h4>\n\n\n\n<p>Ce site, mis en ligne&nbsp;en 2011 au moment de la sortie du livre <a href=\"https:\/\/maquisdelorris.fr\/resistance\/?page_id=286\"><em>Les Sangliers sortent du bois<\/em><\/a>, est au d\u00e9part essentiellement consacr\u00e9 aux activit\u00e9s du <strong><a href=\"https:\/\/maquisdelorris.fr\/resistance\/?page_id=49\">Maquis de Lorris<\/a> <\/strong>(Loiret) pendant la Seconde Guerre mondiale. Il s\u2019est ensuite diversifi\u00e9, au gr\u00e9 des rencontres et des projets mis en place, mais toujours autour de la question de l&rsquo;histoire des m\u00e9moires. L\u2019objectif est de susciter une r\u00e9flexion civique chez les \u00e9l\u00e8ves qui s\u2019appuie sur l\u2019enseignement de l\u2019histoire de la&nbsp;R\u00e9sistance&nbsp;et de la&nbsp;D\u00e9portation. La plupart du temps abord\u00e9s de mani\u00e8re interdisciplinaire, les diff\u00e9rents projets doivent permettre de&nbsp;perp\u00e9tuer chez les jeunes g\u00e9n\u00e9rations&nbsp;la m\u00e9moire et l\u2019histoire de la R\u00e9sistance et de la D\u00e9portation&nbsp;afin de leur permettre de s\u2019en inspirer dans leur vie d\u2019aujourd\u2019hui, un bien vaste programme !<\/p>\n\n\n\n<p>Il s\u2019agit donc avant tout d\u2019un site p\u00e9dagogique con\u00e7u en grande partie pour des \u00e9l\u00e8ves de coll\u00e8ge, et par des \u00e9l\u00e8ves de coll\u00e8ge, fruit du travail d\u2019\u00e9l\u00e8ves volontaires des classes de troisi\u00e8me du <strong>Coll\u00e8ge Genevi\u00e8ve de Gaulle-Anthonioz des Bordes <\/strong>(Loiret),&nbsp;qui depuis 2003 travaillent par petits groupes sous forme d\u2019un<a href=\"https:\/\/maquisdelorris.fr\/resistance\/?page_id=55\">&nbsp;<\/a> \u00ab Club&nbsp;R\u00e9sistance&nbsp;\u00bb avec leur professeur d\u2019Histoire.<\/p>\n\n\n\n<p><span style=\"text-decoration: underline;\"><strong><a href=\"https:\/\/maquisdelorris.fr\/resistance\/?page_id=757\">Voir le bilan de tous les projets du Club R\u00e9sistance depuis 2003<\/a><\/strong><\/span><\/p>\n\n\n\n<h4 class=\"wp-block-heading\"><strong>Le fonctionnement du Club R\u00e9sistance<\/strong><\/h4>\n\n\n\n<p>Le Club R\u00e9sistance est n\u00e9 de la volont\u00e9 de travailler l&rsquo;histoire diff\u00e9remment, en prenant le temps, sous forme d&rsquo;un atelier hebdomadaire, pendant la pause de midi, sur le temps libre des \u00e9l\u00e8ves et de leur(s) professeur(s). Les \u00e9l\u00e8ves, tous volontaires, vont ainsi avoir l&rsquo;occasion d&rsquo;\u00eatre sensibilis\u00e9s au devoir de M\u00e9moire, avec un format qui permet de d\u00e9gager des approches nouvelles, d\u2019encourager le travail d\u2019\u00e9quipe, de construire des ressources in\u00e9dites, de diffuser des \u00e9tudes de cas en direction de l\u2019ensemble des coll\u00e8ges et des \u00e9tablissements qui souhaiteraient les utiliser. Les projets s&rsquo;organisent tous autour de 5 axes majeurs de travail :<\/p>\n\n\n\n<ul class=\"wp-block-list\">\n<li>Collecter des <span style=\"text-decoration: underline;\">t\u00e9moignages<\/span> li\u00e9s \u00e0 la Seconde guerre mondiale, une t\u00e2che bien \u00e9videmment de plus en plus difficile<\/li>\n\n\n\n<li>Garder une trace de ces rencontres par la cr\u00e9ation de supports multimedias (CD-Rom, CD-Video, DVD-Rom ou DVD-Video), cr\u00e9ant une biblioth\u00e8que enrichie chaque ann\u00e9e et accessible d\u2019une ann\u00e9e \u00e0 l\u2019autre \u00e0 tous les \u00e9l\u00e8ves<\/li>\n\n\n\n<li>Visiter des <span style=\"text-decoration: underline;\">lieux de M\u00e9moire<\/span><\/li>\n\n\n\n<li><span style=\"text-decoration: underline;\">Participer activement aux c\u00e9r\u00e9monies de comm\u00e9moration locales<\/span>, 11 novembre, 8 mai, 18 juin (lecture de textes, d\u00e9p\u00f4ts de gerbes &#8230;)<\/li>\n\n\n\n<li>Participer aux \u00e9preuves individuelles et\/ou collectives du <a href=\"http:\/\/www.reseau-canope.fr\/cnrd\/\"><span style=\"text-decoration: underline;\">Concours National de la R\u00e9sistance et la D\u00e9portation<\/span><\/a>, voici le palmar\u00e8s des \u00e9l\u00e8ves des coll\u00e8ges des Bordes et de l&rsquo;Orbelli\u00e8re :<\/li>\n<\/ul>\n\n\n\n<div data-wp-interactive=\"core\/file\" class=\"wp-block-file aligncenter\"><object data-wp-bind--hidden=\"!state.hasPdfPreview\" hidden class=\"wp-block-file__embed\" data=\"https:\/\/maquisdelorris.fr\/resistance\/wp-content\/uploads\/2025\/09\/Palmares-CNRD-College-des-Bordes.pdf\" type=\"application\/pdf\" style=\"width:100%;height:600px\" aria-label=\"Contenu embarqu\u00e9 Palmar\u00e8s CNRD Coll\u00e8ge des Bordes.\"><\/object><a id=\"wp-block-file--media-cd46bd90-5fc3-488c-a8f3-05f5079bb31c\" href=\"https:\/\/maquisdelorris.fr\/resistance\/wp-content\/uploads\/2025\/09\/Palmares-CNRD-College-des-Bordes.pdf\">Palmar\u00e8s CNRD Coll\u00e8ge des Bordes<\/a><a href=\"https:\/\/maquisdelorris.fr\/resistance\/wp-content\/uploads\/2025\/09\/Palmares-CNRD-College-des-Bordes.pdf\" class=\"wp-block-file__button wp-element-button\" download aria-describedby=\"wp-block-file--media-cd46bd90-5fc3-488c-a8f3-05f5079bb31c\">T\u00e9l\u00e9charger<\/a><\/div>\n\n\n\n<div data-wp-interactive=\"core\/file\" class=\"wp-block-file aligncenter\"><object data-wp-bind--hidden=\"!state.hasPdfPreview\" hidden class=\"wp-block-file__embed\" data=\"https:\/\/maquisdelorris.fr\/resistance\/wp-content\/uploads\/2025\/09\/Palmares-Club-Resistance-College-Orbelliere.pdf\" type=\"application\/pdf\" style=\"width:100%;height:600px\" aria-label=\"Contenu embarqu\u00e9 Palmar\u00e8s Club R\u00e9sistance Coll\u00e8ge Orbelli\u00e8re.\"><\/object><a id=\"wp-block-file--media-662addbb-4b05-4f83-b114-a3d02f6dd134\" href=\"https:\/\/maquisdelorris.fr\/resistance\/wp-content\/uploads\/2025\/09\/Palmares-Club-Resistance-College-Orbelliere.pdf\">Palmar\u00e8s Club R\u00e9sistance Coll\u00e8ge Orbelli\u00e8re<\/a><a href=\"https:\/\/maquisdelorris.fr\/resistance\/wp-content\/uploads\/2025\/09\/Palmares-Club-Resistance-College-Orbelliere.pdf\" class=\"wp-block-file__button wp-element-button\" download aria-describedby=\"wp-block-file--media-662addbb-4b05-4f83-b114-a3d02f6dd134\">T\u00e9l\u00e9charger<\/a><\/div>\n\n\n\n<h4 class=\"wp-block-heading\"><strong>Objectifs p\u00e9dagogiques<\/strong><\/h4>\n\n\n\n<ul class=\"wp-block-list\">\n<li><span style=\"color: #1f1a22; font-family: inherit; font-size: 14px; font-weight: bold; text-align: justify;\">Programmes d&rsquo;enseignement<\/span><\/li>\n<\/ul>\n\n\n\n<p>Cette action s&rsquo;appuie fortement sur les programmes d&rsquo;enseignement du&nbsp;coll\u00e8ge, particuli\u00e8rement ceux d&rsquo;histoire et d&rsquo;enseignement moral et civique mais aussi d&rsquo;autres disciplines (g\u00e9ographie, histoire des arts, lettres, langues, arts plastiques, \u00e9ducation musicale, etc.)<\/p>\n\n\n\n<ul class=\"wp-block-list\">\n<li><span style=\"color: #1f1a22; font-family: inherit; font-size: 14px; font-weight: bold;\">Socle commun de connaissance, de comp\u00e9tences et de culture<\/span><\/li>\n<\/ul>\n\n\n\n<p>Dans le cadre du club, tous les domaines du&nbsp;<a class=\"lien_externe\" href=\"http:\/\/eduscol.education.fr\/cid86943\/le-socle-commun.html\" target=\"_blank\" rel=\"noopener noreferrer\">socle commun de connaissances, de comp\u00e9tences et de culture<\/a>&nbsp;peuvent \u00eatre mobilis\u00e9s&nbsp;:<\/p>\n\n\n\n<p>&#8211; en permettant aux \u00e9l\u00e8ves d&rsquo;exprimer leurs id\u00e9es en langue fran\u00e7aise (ou \u00e9trang\u00e8re) ou de fa\u00e7on artistique (domaine 1)<\/p>\n\n\n\n<p>&#8211; en leur donnant la possibilit\u00e9 de construire un projet impliquant des recherches personnelles et une coop\u00e9ration entre eux (domaine 2)<\/p>\n\n\n\n<p>&#8211; en leur transmettant les valeurs fondamentales sur lesquelles s&rsquo;appuie notre R\u00e9publique et en leur permettant d&rsquo;acqu\u00e9rir la capacit\u00e9 \u00e0 juger par eux-m\u00eames, en m\u00eame temps que le sentiment d&rsquo;appartenance \u00e0 la soci\u00e9t\u00e9 (domaine 3)<\/p>\n\n\n\n<p>&#8211; en leur offrant la possibilit\u00e9 de concevoir des projets cr\u00e9atifs n\u00e9cessitant des savoirs et des comp\u00e9tences scientifiques, technologiques et artistiques (domaine 4)<\/p>\n\n\n\n<p>&#8211; en les conduisant \u00e0 mobiliser leurs connaissances et \u00e0 renforcer leur culture permettant la compr\u00e9hension de l&rsquo;\u00e9volution du monde contemporain (domaine 5)<\/p>\n\n\n\n<ul class=\"wp-block-list\">\n<li><span style=\"color: #1f1a22; font-family: inherit; font-size: 14px; font-weight: bold; text-align: justify;\">Parcours citoyen<\/span><\/li>\n<\/ul>\n\n\n\n<p>Le CNRD s&rsquo;inscrit pleinement dans le&nbsp;<a class=\"lien_externe\" href=\"http:\/\/eduscol.education.fr\/cid107463\/le-parcours-citoyen-eleve.html\" target=\"_blank\" rel=\"noopener noreferrer\">parcours citoyen<\/a>&nbsp;mis en place depuis la rentr\u00e9e 2015, lequel structure la continuit\u00e9 et la progressivit\u00e9 des apprentissages et des exp\u00e9riences de l&rsquo;\u00e9l\u00e8ve autour des connaissances dispens\u00e9es dans le cadre de l&rsquo;enseignement moral et civique, de rencontres avec des acteurs ou des institutions \u00e0 dimension citoyenne, d&rsquo;engagements dans la vie de l&rsquo;\u00e9tablissement comme dans des projets ou actions \u00e9ducatives.<\/p>\n\n\n\n<p>Ce concours, l&rsquo;un des plus importants de l&rsquo;\u00c9ducation nationale, incite les \u00e9l\u00e8ves \u00e0 s&#8217;emparer par des approches diff\u00e9rentes de cette p\u00e9riode de l&rsquo;histoire. Ce travail m\u00e9moriel autour de la Seconde Guerre mondiale favorise leur r\u00e9flexion sur la lutte contre les discriminations, le racisme et l&rsquo;antis\u00e9mitisme. Il permet ainsi de d\u00e9velopper la tol\u00e9rance, le respect et leur conscience citoyenne, et de r\u00e9affirmer qu&rsquo;\u00eatre citoyen, c&rsquo;est choisir.<\/p>\n\n\n\n<p>Ann\u00e9e apr\u00e8s ann\u00e9e, chaque groupe enrichit ainsi le travail effectu\u00e9&nbsp;par le groupe pr\u00e9c\u00e9dent, jusqu\u2019\u00e0 constituer une v\u00e9ritable banque de donn\u00e9es qu\u2019il \u00e9tait dommage de ne garder qu\u2019\u00e0 disposition des \u00e9l\u00e8ves des Bordes.<\/p>\n","protected":false},"excerpt":{"rendered":"<p>Un site pour mettre en valeur le travail des \u00e9l\u00e8ves Ce site, mis en ligne&nbsp;en 2011 au moment de la sortie du livre Les Sangliers sortent du bois, est au d\u00e9part essentiellement consacr\u00e9 aux activit\u00e9s du Maquis de Lorris (Loiret) pendant la Seconde Guerre mondiale. Il s\u2019est ensuite diversifi\u00e9, au gr\u00e9 des rencontres et des &hellip; <\/p>\n<p><a class=\"more-link btn\" href=\"https:\/\/maquisdelorris.fr\/resistance\/?page_id=55\">Lire la suite<\/a><\/p>\n","protected":false},"author":5,"featured_media":0,"parent":286,"menu_order":1,"comment_status":"open","ping_status":"closed","template":"","meta":{"footnotes":""},"class_list":["post-55","page","type-page","status-publish","hentry","nodate","item-wrap"],"aioseo_notices":[],"_links":{"self":[{"href":"https:\/\/maquisdelorris.fr\/resistance\/index.php?rest_route=\/wp\/v2\/pages\/55","targetHints":{"allow":["GET"]}}],"collection":[{"href":"https:\/\/maquisdelorris.fr\/resistance\/index.php?rest_route=\/wp\/v2\/pages"}],"about":[{"href":"https:\/\/maquisdelorris.fr\/resistance\/index.php?rest_route=\/wp\/v2\/types\/page"}],"author":[{"embeddable":true,"href":"https:\/\/maquisdelorris.fr\/resistance\/index.php?rest_route=\/wp\/v2\/users\/5"}],"replies":[{"embeddable":true,"href":"https:\/\/maquisdelorris.fr\/resistance\/index.php?rest_route=%2Fwp%2Fv2%2Fcomments&post=55"}],"version-history":[{"count":0,"href":"https:\/\/maquisdelorris.fr\/resistance\/index.php?rest_route=\/wp\/v2\/pages\/55\/revisions"}],"up":[{"embeddable":true,"href":"https:\/\/maquisdelorris.fr\/resistance\/index.php?rest_route=\/wp\/v2\/pages\/286"}],"wp:attachment":[{"href":"https:\/\/maquisdelorris.fr\/resistance\/index.php?rest_route=%2Fwp%2Fv2%2Fmedia&parent=55"}],"curies":[{"name":"wp","href":"https:\/\/api.w.org\/{rel}","templated":true}]}}