{"id":570,"date":"2012-07-07T18:58:27","date_gmt":"2012-07-07T18:58:27","guid":{"rendered":"http:\/\/maquisdelorris.fr\/resistance\/?page_id=570"},"modified":"2019-08-12T13:15:53","modified_gmt":"2019-08-12T13:15:53","slug":"marc-oneill","status":"publish","type":"page","link":"https:\/\/maquisdelorris.fr\/resistance\/?page_id=570","title":{"rendered":"R\u00e9sistant(e)s et D\u00e9port\u00e9(e)s"},"content":{"rendered":"\n<p>Des petites fiches biographiques viendront s&rsquo;ajouter le plus r\u00e9guli\u00e8rement possible, qu&rsquo;elles concernent des membres de maquis de Lorris, des anciens r\u00e9sistants et r\u00e9sistantes venus \u00e0 la rencontre de nos \u00e9l\u00e8ves, ou de figures embl\u00e9matiques de la r\u00e9sistance qui viendraient \u00e0 \u00eatre \u00e9tudi\u00e9es au gr\u00e9 des diff\u00e9rents sujets du Concours National de la R\u00e9sistance et de la D\u00e9portation, concours qui fait office de fil rouge au travail du <a href=\"https:\/\/maquisdelorris.fr\/resistance\/?page_id=55\">Club R\u00e9sistance du coll\u00e8ge Genevi\u00e8ve de Gaulle-Anthonioz des Bordes<\/a>.<\/p>\n","protected":false},"excerpt":{"rendered":"<p>Des petites fiches biographiques viendront s&rsquo;ajouter le plus r\u00e9guli\u00e8rement possible, qu&rsquo;elles concernent des membres de maquis de Lorris, des anciens r\u00e9sistants et r\u00e9sistantes venus \u00e0 la rencontre de nos \u00e9l\u00e8ves, ou de figures embl\u00e9matiques de la r\u00e9sistance qui viendraient \u00e0 \u00eatre \u00e9tudi\u00e9es au gr\u00e9 des diff\u00e9rents sujets du Concours National de la R\u00e9sistance et de &hellip; <\/p>\n<p><a class=\"more-link btn\" href=\"https:\/\/maquisdelorris.fr\/resistance\/?page_id=570\">Lire la suite<\/a><\/p>\n","protected":false},"author":5,"featured_media":3878,"parent":0,"menu_order":5,"comment_status":"closed","ping_status":"closed","template":"","meta":{"footnotes":""},"class_list":["post-570","page","type-page","status-publish","has-post-thumbnail","hentry","nodate","item-wrap"],"aioseo_notices":[],"_links":{"self":[{"href":"https:\/\/maquisdelorris.fr\/resistance\/index.php?rest_route=\/wp\/v2\/pages\/570","targetHints":{"allow":["GET"]}}],"collection":[{"href":"https:\/\/maquisdelorris.fr\/resistance\/index.php?rest_route=\/wp\/v2\/pages"}],"about":[{"href":"https:\/\/maquisdelorris.fr\/resistance\/index.php?rest_route=\/wp\/v2\/types\/page"}],"author":[{"embeddable":true,"href":"https:\/\/maquisdelorris.fr\/resistance\/index.php?rest_route=\/wp\/v2\/users\/5"}],"replies":[{"embeddable":true,"href":"https:\/\/maquisdelorris.fr\/resistance\/index.php?rest_route=%2Fwp%2Fv2%2Fcomments&post=570"}],"version-history":[{"count":0,"href":"https:\/\/maquisdelorris.fr\/resistance\/index.php?rest_route=\/wp\/v2\/pages\/570\/revisions"}],"wp:featuredmedia":[{"embeddable":true,"href":"https:\/\/maquisdelorris.fr\/resistance\/index.php?rest_route=\/wp\/v2\/media\/3878"}],"wp:attachment":[{"href":"https:\/\/maquisdelorris.fr\/resistance\/index.php?rest_route=%2Fwp%2Fv2%2Fmedia&parent=570"}],"curies":[{"name":"wp","href":"https:\/\/api.w.org\/{rel}","templated":true}]}}