{"id":6345,"date":"2019-06-30T14:13:58","date_gmt":"2019-06-30T14:13:58","guid":{"rendered":"http:\/\/maquisdelorris.fr\/resistance\/?page_id=6345"},"modified":"2019-07-02T17:37:17","modified_gmt":"2019-07-02T17:37:17","slug":"gien-commemore-le-70eme-anniversaire-de-la-liberation","status":"publish","type":"page","link":"https:\/\/maquisdelorris.fr\/resistance\/?page_id=6345","title":{"rendered":"Gien comm\u00e9more le 70\u00e8me anniversaire de la Lib\u00e9ration"},"content":{"rendered":"\n<p>Je voulais revenir un moment sur les c\u00e9r\u00e9monies \u00e0 Gien du\u00a0<a rel=\"noreferrer noopener\" href=\"http:\/\/www.le70e.fr\/fr\" target=\"_blank\">70\u00e8me anniversaire de la Lib\u00e9ration<\/a>\u00a0pour lesquelles de nombreuses animations avaient \u00e9t\u00e9 pr\u00e9vues les samedi 30 et dimanche 31 ao\u00fbt 2014. Emport\u00e9\u00a0dans le tourbillon de la rentr\u00e9e, je n\u2019ai pas pris le temps de vous en dresser le rapport circonstanci\u00e9 que j\u2019aurai souhait\u00e9, mais je prends un instant pour en rappeler les moments forts, agr\u00e9ment\u00e9s des quelques photos que j\u2019ai pu immortaliser de ces instants. La r\u00e9ussite de cet \u00e9v\u00e9nement doit certainement beaucoup \u00e0 la participation active du\u00a0<a href=\"http:\/\/www.ruquet-memory-club.com\/\">Ruquet Memory Club<\/a>, qui fort de la quarantaine de v\u00e9hicules d\u2019\u00e9poque achemin\u00e9s sur place s\u2019est fait un devoir d\u2019animer de fort belle mani\u00e8re les rues de la ville ! Camp militaire reconstitu\u00e9, Jeep, automitrailleuses, GMC, Harley, tractions FFI, rien ne manquait ! De nombreux habitants ont ressorti pour l\u2019occasion des tenues tr\u00e8s ann\u00e9es 40 dans une ambiance bon enfant.<\/p>\n\n\n\n<div class=\"wp-block-image\"><figure class=\"aligncenter is-resized\"><a href=\"https:\/\/maquisdelorris.fr\/resistance\/wp-content\/uploads\/2014\/09\/20140831_100626.jpg\"><img loading=\"lazy\" decoding=\"async\" src=\"https:\/\/maquisdelorris.fr\/resistance\/wp-content\/uploads\/2014\/09\/20140831_100626.jpg\" alt=\"20140831_100626\" class=\"wp-image-2855\" width=\"610\" height=\"342\" srcset=\"https:\/\/maquisdelorris.fr\/resistance\/wp-content\/uploads\/2014\/09\/20140831_100626.jpg 4160w, https:\/\/maquisdelorris.fr\/resistance\/wp-content\/uploads\/2014\/09\/20140831_100626-300x168.jpg 300w, https:\/\/maquisdelorris.fr\/resistance\/wp-content\/uploads\/2014\/09\/20140831_100626-1024x576.jpg 1024w\" sizes=\"auto, (max-width: 610px) 100vw, 610px\" \/><\/a><figcaption>Les Jeep du Ruquet Memory Club route d\u2019Autry \u00e0 Poilly-lez-Gien, 31 ao\u00fbt 2014 (Tous droits r\u00e9serv\u00e9s, Beno\u00eet Momboisse)<\/figcaption><\/figure><\/div>\n\n\n\n<p>Plus graves dimanche matin, les 3 c\u00e9r\u00e9monies d\u2019hommage qui se sont succ\u00e9d\u00e9 ont permis de mettre en lumi\u00e8re les actions des r\u00e9sistants du secteur.<\/p>\n\n\n\n<p>C\u2019est tout d\u2019abord le FTP Paul Jacquot, abattu le 18 ao\u00fbt 1944 par les Allemands, qui re\u00e7ut place du Mar\u00e9chal Foch \u00e0 Gien l\u2019hommage d\u2019une foule nombreuse et recueillie.<\/p>\n\n\n\n<div class=\"wp-block-image\"><figure class=\"aligncenter is-resized\"><a href=\"https:\/\/maquisdelorris.fr\/resistance\/wp-content\/uploads\/2014\/09\/20140831_094502.jpg\"><img loading=\"lazy\" decoding=\"async\" src=\"https:\/\/maquisdelorris.fr\/resistance\/wp-content\/uploads\/2014\/09\/20140831_094502.jpg\" alt=\"20140831_094502\" class=\"wp-image-2854\" width=\"640\" height=\"362\"\/><\/a><figcaption>Hommage \u00e0 Paul Jacquot, Gien, 31 ao\u00fbt 2014 (Tous droits r\u00e9serv\u00e9s, Beno\u00eet Momboisse)<\/figcaption><\/figure><\/div>\n\n\n\n<p>Le cort\u00e8ge, v\u00e9hicules d\u2019\u00e9poque et cars en renfort, s\u2019est ensuite dirig\u00e9 vers le monument de la route d\u2019Autry \u00e0 Poilly-lez-Gien pour saluer le sacrifice des lieutenants D.Prigniau (37 ans) et J.Bruneau (21 ans) de la Compagnie Bildstein, tomb\u00e9s l\u00e0 le 27 ao\u00fbt 1944.<\/p>\n\n\n\n<div class=\"wp-block-image\"><figure class=\"aligncenter is-resized\"><a href=\"https:\/\/maquisdelorris.fr\/resistance\/wp-content\/uploads\/2014\/09\/20140831_101742.jpg\"><img loading=\"lazy\" decoding=\"async\" src=\"https:\/\/maquisdelorris.fr\/resistance\/wp-content\/uploads\/2014\/09\/20140831_101742.jpg\" alt=\"20140831_101742\" class=\"wp-image-2856\" width=\"680\" height=\"383\" srcset=\"https:\/\/maquisdelorris.fr\/resistance\/wp-content\/uploads\/2014\/09\/20140831_101742.jpg 4160w, https:\/\/maquisdelorris.fr\/resistance\/wp-content\/uploads\/2014\/09\/20140831_101742-300x168.jpg 300w, https:\/\/maquisdelorris.fr\/resistance\/wp-content\/uploads\/2014\/09\/20140831_101742-1024x576.jpg 1024w\" sizes=\"auto, (max-width: 680px) 100vw, 680px\" \/><\/a><figcaption>Hommage \u00e0 D.Prigniau et J.Bruneau, Poilly-lez-Gien, 31 ao\u00fbt 2014 (Tous droits r\u00e9serv\u00e9s, Beno\u00eet Momboisse)<\/figcaption><\/figure><\/div>\n\n\n\n<p>C\u2019est enfin \u00e0 la Mont\u00e9e des Vignes \u00e0 Saint-Gondon qu\u2019un vibrant hommage a \u00e9t\u00e9 rendu aux quatre r\u00e9sistants de la Compagnie Bildstein tu\u00e9s au combat le 18 ao\u00fbt 1944 : le lieutenant Ernest Bildstein lui-m\u00eame (29 ans), les sergents A.Deroin (36 ans) et A.Lelievre (29 ans), ainsi que G.Severe (24 ans). Georges Bailly, rescap\u00e9 de cet accrochage sanglant et \u00e2g\u00e9 de 92 ans, a re\u00e7u \u00e0 cette occasion une d\u00e9coration amplement m\u00e9rit\u00e9e, la m\u00e9daille du Combattant volontaire de la R\u00e9sistance. Il a \u00e9galement re\u00e7u la m\u00e9daille de reconnaissance de l\u2019ARMF, Association des R\u00e9fractaires et Maquisards de France.<\/p>\n\n\n\n<div class=\"wp-block-image\"><figure class=\"aligncenter is-resized\"><a href=\"https:\/\/maquisdelorris.fr\/resistance\/wp-content\/uploads\/2014\/09\/20140831_104654.jpg\"><img loading=\"lazy\" decoding=\"async\" src=\"https:\/\/maquisdelorris.fr\/resistance\/wp-content\/uploads\/2014\/09\/20140831_104654.jpg\" alt=\"20140831_104654\" class=\"wp-image-2858\" width=\"720\" height=\"428\"\/><\/a><figcaption>Hommage aux morts de la Compagnie Bildstein \u00e0 Saint-Gondon, 31 ao\u00fbt 2014 (Tous droits r\u00e9serv\u00e9s, Beno\u00eet Momboisse)<\/figcaption><\/figure><\/div>\n\n\n\n<div class=\"wp-block-image\"><figure class=\"aligncenter is-resized\"><a href=\"https:\/\/maquisdelorris.fr\/resistance\/wp-content\/uploads\/2014\/09\/20140831_111539.jpg\"><img loading=\"lazy\" decoding=\"async\" src=\"https:\/\/maquisdelorris.fr\/resistance\/wp-content\/uploads\/2014\/09\/20140831_111539.jpg\" alt=\"20140831_111539\" class=\"wp-image-2862\" width=\"685\" height=\"387\"\/><\/a><figcaption>Hommage \u00e0 Georges Bailly, 31 ao\u00fbt 2014 (Tous droits r\u00e9serv\u00e9s, Beno\u00eet Momboisse)<\/figcaption><\/figure><\/div>\n","protected":false},"excerpt":{"rendered":"<p>Je voulais revenir un moment sur les c\u00e9r\u00e9monies \u00e0 Gien du\u00a070\u00e8me anniversaire de la Lib\u00e9ration\u00a0pour lesquelles de nombreuses animations avaient \u00e9t\u00e9 pr\u00e9vues les samedi 30 et dimanche 31 ao\u00fbt 2014. Emport\u00e9\u00a0dans le tourbillon de la rentr\u00e9e, je n\u2019ai pas pris le temps de vous en dresser le rapport circonstanci\u00e9 que j\u2019aurai souhait\u00e9, mais je prends &hellip; <\/p>\n<p><a class=\"more-link btn\" href=\"https:\/\/maquisdelorris.fr\/resistance\/?page_id=6345\">Lire la suite<\/a><\/p>\n","protected":false},"author":5,"featured_media":0,"parent":44,"menu_order":12,"comment_status":"closed","ping_status":"closed","template":"","meta":{"footnotes":""},"class_list":["post-6345","page","type-page","status-publish","hentry","nodate","item-wrap"],"aioseo_notices":[],"_links":{"self":[{"href":"https:\/\/maquisdelorris.fr\/resistance\/index.php?rest_route=\/wp\/v2\/pages\/6345","targetHints":{"allow":["GET"]}}],"collection":[{"href":"https:\/\/maquisdelorris.fr\/resistance\/index.php?rest_route=\/wp\/v2\/pages"}],"about":[{"href":"https:\/\/maquisdelorris.fr\/resistance\/index.php?rest_route=\/wp\/v2\/types\/page"}],"author":[{"embeddable":true,"href":"https:\/\/maquisdelorris.fr\/resistance\/index.php?rest_route=\/wp\/v2\/users\/5"}],"replies":[{"embeddable":true,"href":"https:\/\/maquisdelorris.fr\/resistance\/index.php?rest_route=%2Fwp%2Fv2%2Fcomments&post=6345"}],"version-history":[{"count":0,"href":"https:\/\/maquisdelorris.fr\/resistance\/index.php?rest_route=\/wp\/v2\/pages\/6345\/revisions"}],"up":[{"embeddable":true,"href":"https:\/\/maquisdelorris.fr\/resistance\/index.php?rest_route=\/wp\/v2\/pages\/44"}],"wp:attachment":[{"href":"https:\/\/maquisdelorris.fr\/resistance\/index.php?rest_route=%2Fwp%2Fv2%2Fmedia&parent=6345"}],"curies":[{"name":"wp","href":"https:\/\/api.w.org\/{rel}","templated":true}]}}