{"id":8156,"date":"2023-07-31T09:43:22","date_gmt":"2023-07-31T09:43:22","guid":{"rendered":"https:\/\/maquisdelorris.fr\/resistance\/?page_id=8156"},"modified":"2025-08-15T10:30:22","modified_gmt":"2025-08-15T10:30:22","slug":"la-fin-du-maquis","status":"publish","type":"page","link":"https:\/\/maquisdelorris.fr\/resistance\/?page_id=8156","title":{"rendered":"La fin du maquis"},"content":{"rendered":"\n<h4 class=\"wp-block-heading\"><\/h4>\n\n\n\n<p>Lorsqu&rsquo;au matin du 24 ao\u00fbt les maquisards de Lorris rejoignent la capitale, l&rsquo;occupation allemande a pris fin sur la rive droite de la Loire. Pithiviers, Gien, Montargis, ont \u00e9t\u00e9 lib\u00e9r\u00e9es. De retour sur le Loiret apr\u00e8s les combats parisiens au soir du 26, les maquisards retrouvent donc un d\u00e9partement o\u00f9 la guerre est d\u00e9j\u00e0 pratiquement termin\u00e9e ! Les derniers Allemands pr\u00e9sents en Sologne l&rsquo;\u00e9vacuent le 31 ao\u00fbt. Les hommes du maquis rejoignent alors la Ni\u00e8vre jusqu\u2019\u00e0 la reddition des Allemands, qui feront d&rsquo;ailleurs le choix de se rendre non pas aux FFI, mais aux Am\u00e9ricains, le 10 Septembre 1944. Nos maquisards b\u00e9n\u00e9ficient alors de 5 jours de permission ! <\/p>\n\n\n\n<p>Le sort du maquis se joue loin du Loiret, de m\u00eame que celui de tous les r\u00e9sistants en France. Pour bien comprendre la dissolution du maquis de Lorris quelques jours plus tard, il est n\u00e9cessaire de revenir sur la volont\u00e9 du g\u00e9n\u00e9ral de Gaulle de fusionner (le fameux \u00ab\u00a0amalgame\u00a0\u00bb) tous les \u00e9l\u00e9ments \u00e9pars d&rsquo;une arm\u00e9e de bric et de broc dans laquelle se trouvaient des militaires de carri\u00e8re rest\u00e9s aux ordres de P\u00e9tain, Giraud ou de Gaulle, mais aussi les r\u00e9sistants de toutes sensibilit\u00e9s politiques. Le 4 avril 1944, le g\u00e9n\u00e9ral Koenig est nomm\u00e9 commandant en chef des Forces fran\u00e7aises de l&rsquo;int\u00e9rieur, FFI qui font donc d\u00e9sormais partie int\u00e9grante des de l&rsquo;arm\u00e9e fran\u00e7aise (ordonnance du gouvernement provisoire du 9 juin 1944). Le 28 ao\u00fbt, de Gaulle avait officiellement que confirm\u00e9 la prise en charge des FFI par le minist\u00e8re de la guerre. L&rsquo;objectif \u00e9tait d&rsquo;abord militaire, il s&rsquo;agit de renforcer les effectifs de la premi\u00e8re arm\u00e9e et de la 2\u00e8me DB dans les rudes combats qui s&rsquo;annoncent en Allemagne. Il est aussi politique, de Gaulle se m\u00e9fie des communistes capables de mobiliser plusieurs centaines de milliers d&rsquo;hommes en cet automne 1944. Apr\u00e8s la Lib\u00e9ration du Loiret, le maquis de Lorris est donc officiellement dissous le 15 septembre 1944.<\/p>\n\n\n\n<p>La question se pose alors de l&rsquo;avenir de ses combattants. Le choix sera laiss\u00e9 \u00e0 chaque homme de s\u2019engager dans l\u2019arm\u00e9e r\u00e9guli\u00e8re ou de rendre les armes et retourner \u00e0 la vie civile. Je vous laisse \u00e9couter cet \u00e9pisode racont\u00e9 par Bernard Chalopin et Jean H\u00e9au !<\/p>\n\n\n\n<figure class=\"wp-block-video aligncenter\"><video height=\"576\" style=\"aspect-ratio: 720 \/ 576;\" width=\"720\" controls src=\"https:\/\/maquisdelorris.fr\/resistance\/wp-content\/uploads\/videos\/Fin engagement.mp4\"><\/video><figcaption class=\"wp-element-caption\"> <em>T\u00e9moignage recueilli et enregistr\u00e9 par les \u00e9l\u00e8ves du Club R\u00e9sistance 2010\/2011 du coll\u00e8ge Genevi\u00e8ve de Gaulle Anthonioz des Bordes<\/em><br> <em>Bernard Chalopin et Jean H\u00e9au, le 11 mai 2011, au coll\u00e8ge<\/em> <\/figcaption><\/figure>\n\n\n<div class=\"wp-block-image\">\n<figure class=\"alignright size-large is-resized\"><img loading=\"lazy\" decoding=\"async\" width=\"422\" height=\"626\" src=\"https:\/\/maquisdelorris.fr\/resistance\/wp-content\/uploads\/2020\/07\/Insigne-bataillon-de-marche-du-Loiret.jpg\" alt=\"\" class=\"wp-image-7170\" style=\"width:305px;height:452px\" srcset=\"https:\/\/maquisdelorris.fr\/resistance\/wp-content\/uploads\/2020\/07\/Insigne-bataillon-de-marche-du-Loiret.jpg 422w, https:\/\/maquisdelorris.fr\/resistance\/wp-content\/uploads\/2020\/07\/Insigne-bataillon-de-marche-du-Loiret-202x300.jpg 202w\" sizes=\"auto, (max-width: 422px) 100vw, 422px\" \/><\/figure>\n<\/div>\n\n\n<p>Si certains comme Bernard Chalopin, dont le p\u00e8re refuse de signer l&rsquo;engagement vous l&rsquo;avez entendu (!), rentrent chez eux le sentiment du devoir accompli, de nombreux maquisards du Loiret sont eux incorpor\u00e9s au 1er Bataillon de Marche du Loiret.<\/p>\n\n\n\n<p>Cette unit\u00e9 cr\u00e9\u00e9e en septembre 1944 apr\u00e8s donc la dissolution du maquis de Lorris est command\u00e9e par Pierre Chari\u00e9. Elle forme, \u00e0 partir du 1er d\u00e9cembre 1944, le 3\u00e8me bataillon du 95\u00e8me r\u00e9giment d\u2019infanterie.<\/p>\n\n\n\n<p>Son insigne que vous d\u00e9couvrez ci-contre a une tr\u00e8s forte valeur symbolique et reprend un certain nombre d&rsquo;\u00e9l\u00e9ments directement li\u00e9s \u00e0 l&rsquo;histoire du maquis de Lorris (merci \u00e0 Arnaud Blond du Mus\u00e9e de la R\u00e9sistance de Lorris pour l&rsquo;\u00e9clairage !) :<\/p>\n\n\n\n<p>&#8211; la for\u00eat et l\u2019alignement des s\u00e9pultures devant la maison foresti\u00e8re d\u00e9truite rappellent bien s\u00fbr les combats du 14 ao\u00fbt 1944 et ses nombreuses victimes<\/p>\n\n\n\n<p>&#8211; l\u2019ancre symbolise l\u2019esp\u00e9rance des maquisards qui se sont accroch\u00e9s malgr\u00e9 la tourmente des combats<\/p>\n\n\n\n<p>&#8211; l\u2019arc-en-ciel fait entrevoir la nouvelle France reb\u00e2tie gr\u00e2ce au sacrifice des r\u00e9sistants morts pour elle <\/p>\n\n\n\n<p>Notez que cette int\u00e9gration dans les unit\u00e9s combattantes ne se fera pas toujours sans quelques difficult\u00e9s ! De la m\u00eame mani\u00e8re que nos braves r\u00e9sistants d\u00e9penaill\u00e9s s&rsquo;\u00e9taient sentis pris de haut par les gars de la 2\u00e8me DB \u00e0 Paris, les nouveaux engag\u00e9s ont souvent \u00e9t\u00e9 d\u00e9favorablement consid\u00e9r\u00e9s par les militaires : soi-disant mal form\u00e9s, peut-\u00eatre dou\u00e9s pour les embuscades mais incapables de lutter de front face \u00e0 une une unit\u00e9 ennemie exp\u00e9riment\u00e9e, tr\u00e8s nerveux au combat, voire indisciplin\u00e9s, autant de jugements h\u00e2tifs \u00e0 l&rsquo;encontre de nos r\u00e9sistants qui ne les emp\u00eacheront pourtant pas de participer vaillamment aux combats de 1945 !<\/p>\n\n\n\n<p>D\u00e8s la fin de la guerre, les anciens du Maquis de Lorris d\u00e9cident de se regrouper dans une amicale, l\u2019<a href=\"https:\/\/maquisdelorris.fr\/resistance\/?page_id=1145\" target=\"_blank\" rel=\"noopener\" title=\"\">Amicale des Anciens du Maquis de Lorris<\/a>, et d\u2019\u00e9difier un monument \u00e0 la m\u00e9moire de leurs compagnons morts pour la France.<\/p>\n\n\n\n<p>Ce monument trouvera naturellement sa place au carrefour d\u2019Orl\u00e9ans, th\u00e9\u00e2tre des massacres du 14 ao\u00fbt 1944, rebaptis\u00e9 <a href=\"https:\/\/maquisdelorris.fr\/resistance\/?page_id=109\" target=\"_blank\" rel=\"noopener\" title=\"\">Carrefour de la R\u00e9sistance<\/a>.<\/p>\n\n\n<div class=\"wp-block-image\">\n<figure class=\"aligncenter size-full is-resized\"><a href=\"https:\/\/maquisdelorris.fr\/resistance\/wp-content\/uploads\/2011\/03\/C\u00e9r\u00e9monie-nov.44-2.bmp\"><img decoding=\"async\" src=\"https:\/\/maquisdelorris.fr\/resistance\/wp-content\/uploads\/2011\/03\/C\u00e9r\u00e9monie-nov.44-2.bmp\" alt=\"\" class=\"wp-image-242\" style=\"width:736px;height:491px\"\/><\/a><figcaption class=\"wp-element-caption\">Premi\u00e8re c\u00e9r\u00e9monie novembre 44, Carrefour de la R\u00e9sistance<\/figcaption><\/figure>\n<\/div>","protected":false},"excerpt":{"rendered":"<p>Lorsqu&rsquo;au matin du 24 ao\u00fbt les maquisards de Lorris rejoignent la capitale, l&rsquo;occupation allemande a pris fin sur la rive droite de la Loire. Pithiviers, Gien, Montargis, ont \u00e9t\u00e9 lib\u00e9r\u00e9es. De retour sur le Loiret apr\u00e8s les combats parisiens au soir du 26, les maquisards retrouvent donc un d\u00e9partement o\u00f9 la guerre est d\u00e9j\u00e0 pratiquement &hellip; <\/p>\n<p><a class=\"more-link btn\" href=\"https:\/\/maquisdelorris.fr\/resistance\/?page_id=8156\">Lire la suite<\/a><\/p>\n","protected":false},"author":5,"featured_media":0,"parent":0,"menu_order":0,"comment_status":"closed","ping_status":"closed","template":"","meta":{"footnotes":""},"class_list":["post-8156","page","type-page","status-publish","hentry","nodate","item-wrap"],"aioseo_notices":[],"_links":{"self":[{"href":"https:\/\/maquisdelorris.fr\/resistance\/index.php?rest_route=\/wp\/v2\/pages\/8156","targetHints":{"allow":["GET"]}}],"collection":[{"href":"https:\/\/maquisdelorris.fr\/resistance\/index.php?rest_route=\/wp\/v2\/pages"}],"about":[{"href":"https:\/\/maquisdelorris.fr\/resistance\/index.php?rest_route=\/wp\/v2\/types\/page"}],"author":[{"embeddable":true,"href":"https:\/\/maquisdelorris.fr\/resistance\/index.php?rest_route=\/wp\/v2\/users\/5"}],"replies":[{"embeddable":true,"href":"https:\/\/maquisdelorris.fr\/resistance\/index.php?rest_route=%2Fwp%2Fv2%2Fcomments&post=8156"}],"version-history":[{"count":0,"href":"https:\/\/maquisdelorris.fr\/resistance\/index.php?rest_route=\/wp\/v2\/pages\/8156\/revisions"}],"wp:attachment":[{"href":"https:\/\/maquisdelorris.fr\/resistance\/index.php?rest_route=%2Fwp%2Fv2%2Fmedia&parent=8156"}],"curies":[{"name":"wp","href":"https:\/\/api.w.org\/{rel}","templated":true}]}}