{"id":8900,"date":"2025-03-05T16:18:38","date_gmt":"2025-03-05T16:18:38","guid":{"rendered":"https:\/\/maquisdelorris.fr\/resistance\/?page_id=8900"},"modified":"2025-03-05T16:21:20","modified_gmt":"2025-03-05T16:21:20","slug":"le-maquis-de-lorris-a-travers-un-roman-illustre","status":"publish","type":"page","link":"https:\/\/maquisdelorris.fr\/resistance\/?page_id=8900","title":{"rendered":"Le maquis de Lorris \u00e0 travers un roman illustr\u00e9"},"content":{"rendered":"<div class=\"wp-block-image\">\n<figure class=\"alignleft is-resized\"><img loading=\"lazy\" decoding=\"async\" width=\"556\" height=\"708\" src=\"https:\/\/maquisdelorris.fr\/resistance\/wp-content\/uploads\/2011\/03\/Couv.jpg\" alt=\"\" class=\"wp-image-198\" style=\"width:239px;height:auto\" srcset=\"https:\/\/maquisdelorris.fr\/resistance\/wp-content\/uploads\/2011\/03\/Couv.jpg 556w, https:\/\/maquisdelorris.fr\/resistance\/wp-content\/uploads\/2011\/03\/Couv-235x300.jpg 235w\" sizes=\"auto, (max-width: 556px) 100vw, 556px\" \/><\/figure>\n<\/div>\n\n\n<h4 class=\"wp-block-heading\"><strong>Le projet&nbsp;<em>Les Sangliers sortent du bois<\/em>, ou comment \u00e9crire un roman illustr\u00e9&nbsp;avec des \u00e9l\u00e8ves de 3\u00e8me sur la r\u00e9sistance<\/strong><\/h4>\n\n\n\n<p>Le projet des&nbsp;<em>Sangliers<\/em>&nbsp;est n\u00e9 au coll\u00e8ge&nbsp;<a href=\"https:\/\/maquisdelorris.fr\/resistance\/?page_id=2261\" target=\"_blank\" rel=\"noreferrer noopener\">Genevi\u00e8ve de Gaulle-Anthonioz<\/a>&nbsp;des Bordes, dans le cadre du&nbsp;<strong>Club R\u00e9sistance<\/strong>,&nbsp;sous la direction de&nbsp;<a href=\"http:\/\/www.editions-de-lecluse.com\/_Momboisse-Benoit_.html\" target=\"_blank\" rel=\"noreferrer noopener\">Beno\u00eet Momboisse<\/a>, professeur d\u2019Histoire&nbsp;<em>(pour d\u00e9couvrir&nbsp;le fonctionnement du club, voir&nbsp;<a href=\"https:\/\/maquisdelorris.fr\/resistance\/?page_id=55\">ici<\/a>)<\/em>.<\/p>\n\n\n\n<p>Pendant cinq ans, les \u00e9l\u00e8ves de la promotion 206\/2007 ont entrepris un projet d\u2019envergure&nbsp;: \u00e9crire un roman illustr\u00e9 avec le concours de leur professeur sur les activit\u00e9s du Maquis de Lorris. Leur t\u00e2che consistait \u00e0 travailler avec les t\u00e9moins, \u00e9tudier les documents d\u2019archives, cr\u00e9er un sc\u00e9nario plausible, r\u00e9aliste, en respectant le plus possible le contexte historique local. Ce travail vise la plus grande v\u00e9racit\u00e9 mais ne constitue pas une recherche historique \u00e0 proprement parler, le r\u00e9cit reste une fiction collant au plus pr\u00e8s des faits r\u00e9els.<\/p>\n\n\n\n<p>Les \u00e9l\u00e8ves ont ainsi travaill\u00e9 longuement, bien apr\u00e8s avoir quitt\u00e9 le coll\u00e8ge, gr\u00e2ce \u00e0 la magie d\u2019internet. Ils ont pu concourir grandement \u00e0 l\u2019\u00e9criture de ce texte, participant r\u00e9guli\u00e8rement \u00e0 des comit\u00e9s de (re) lecture avec leur professeur, sous le contr\u00f4le bienveillant des anciens du Maquis, toujours disponibles et particuli\u00e8rement&nbsp;sensibles \u00e0 l\u2019int\u00e9r\u00eat port\u00e9 par les enfants \u00e0 leur parole, et \u00e0 ce souci de v\u00e9racit\u00e9 historique ; tous les \u00e9crits sont ainsi pass\u00e9s au fur et \u00e0 mesure sous leur contr\u00f4le, et ont obtenu leur approbation.<\/p>\n\n\n<div class=\"wp-block-image\">\n<figure class=\"aligncenter is-resized\"><a href=\"https:\/\/maquisdelorris.fr\/resistance\/wp-content\/uploads\/2011\/06\/P1060245.jpg\"><img loading=\"lazy\" decoding=\"async\" width=\"1024\" height=\"768\" src=\"https:\/\/maquisdelorris.fr\/resistance\/wp-content\/uploads\/2011\/06\/P1060245-1024x768.jpg\" alt=\"M.chalopin, blain, l\u00e9ger\" class=\"wp-image-3275\" style=\"width:541px;height:auto\" srcset=\"https:\/\/maquisdelorris.fr\/resistance\/wp-content\/uploads\/2011\/06\/P1060245-1024x768.jpg 1024w, https:\/\/maquisdelorris.fr\/resistance\/wp-content\/uploads\/2011\/06\/P1060245-300x225.jpg 300w\" sizes=\"auto, (max-width: 1024px) 100vw, 1024px\" \/><\/a><figcaption class=\"wp-element-caption\">Charles L\u00e9ger, Jacques Blain et Bernard Chalopin sont les premiers \u00ab&nbsp;anciens&nbsp;\u00bb du maquis \u00e0 rencontrer les \u00e9l\u00e8ves pour lancer le projet des Sangliers, Carrefour de la R\u00e9sistance, oct.2006 (Droits r\u00e9serv\u00e9s, Beno\u00eet Momboisse)<\/figcaption><\/figure>\n<\/div>\n\n<div class=\"wp-block-image\">\n<figure class=\"alignleft is-resized\"><a href=\"https:\/\/maquisdelorris.fr\/resistance\/wp-content\/uploads\/2024\/09\/sangliers-2-scaled.jpg\"><img loading=\"lazy\" decoding=\"async\" width=\"573\" height=\"1024\" src=\"https:\/\/maquisdelorris.fr\/resistance\/wp-content\/uploads\/2024\/09\/sangliers-2-573x1024.jpg\" alt=\"\" class=\"wp-image-8804\" style=\"width:176px;height:auto\" srcset=\"https:\/\/maquisdelorris.fr\/resistance\/wp-content\/uploads\/2024\/09\/sangliers-2-573x1024.jpg 573w, https:\/\/maquisdelorris.fr\/resistance\/wp-content\/uploads\/2024\/09\/sangliers-2-168x300.jpg 168w, https:\/\/maquisdelorris.fr\/resistance\/wp-content\/uploads\/2024\/09\/sangliers-2-768x1371.jpg 768w, https:\/\/maquisdelorris.fr\/resistance\/wp-content\/uploads\/2024\/09\/sangliers-2-860x1536.jpg 860w, https:\/\/maquisdelorris.fr\/resistance\/wp-content\/uploads\/2024\/09\/sangliers-2-1147x2048.jpg 1147w, https:\/\/maquisdelorris.fr\/resistance\/wp-content\/uploads\/2024\/09\/sangliers-2-640x1143.jpg 640w, https:\/\/maquisdelorris.fr\/resistance\/wp-content\/uploads\/2024\/09\/sangliers-2-969x1730.jpg 969w, https:\/\/maquisdelorris.fr\/resistance\/wp-content\/uploads\/2024\/09\/sangliers-2-scaled.jpg 1434w\" sizes=\"auto, (max-width: 573px) 100vw, 573px\" \/><\/a><\/figure>\n<\/div>\n\n\n<h4 class=\"wp-block-heading\"><strong>Un ouvrage dont la premi\u00e8re \u00e9dition de 2000 exemplaires rapidement \u00e9puis\u00e9e b\u00e9n\u00e9ficie depuis ao\u00fbt 2024 d\u2019une r\u00e9\u00e9dition revue et corrig\u00e9e \u00e0 couverture souple (500 exemplaires suppl\u00e9mentaires) aux<a href=\"http:\/\/www.editions-de-lecluse.com\/Les-sangliers-sortent-du-bois\" target=\"_blank\" rel=\"noreferrer noopener\">&nbsp;<\/a><a href=\"http:\/\/www.editions-de-lecluse.com\/\">\u00c9ditions de l\u2019\u00c9cluse<\/a><\/strong>, gr\u00e2ce au Conseil d\u00e9partemental du Loiret, en vente uniquement d\u00e9sormais au Mus\u00e9e D\u00e9partemental de la R\u00e9sistance et de la D\u00e9portation de Lorris<\/h4>\n\n\n\n<p><strong><em>Remarque&nbsp;: je ne per\u00e7ois aucun droit d\u2019auteur sur le livre, ceux-ci&nbsp;sont int\u00e9gralement et directement revers\u00e9s par l\u2019\u00e9diteur au&nbsp;CIDFF \u2013 Centre d\u2019Information sur les Droits des Femmes du Loiret-Montargis (45), mon projet \u00e9tant \u00e0 but p\u00e9dagogique et donc non-lucratif<\/em><\/strong>.<\/p>\n","protected":false},"excerpt":{"rendered":"<p>Le projet&nbsp;Les Sangliers sortent du bois, ou comment \u00e9crire un roman illustr\u00e9&nbsp;avec des \u00e9l\u00e8ves de 3\u00e8me sur la r\u00e9sistance Le projet des&nbsp;Sangliers&nbsp;est n\u00e9 au coll\u00e8ge&nbsp;Genevi\u00e8ve de Gaulle-Anthonioz&nbsp;des Bordes, dans le cadre du&nbsp;Club R\u00e9sistance,&nbsp;sous la direction de&nbsp;Beno\u00eet Momboisse, professeur d\u2019Histoire&nbsp;(pour d\u00e9couvrir&nbsp;le fonctionnement du club, voir&nbsp;ici). Pendant cinq ans, les \u00e9l\u00e8ves de la promotion 206\/2007 ont entrepris &hellip; <\/p>\n<p><a class=\"more-link btn\" href=\"https:\/\/maquisdelorris.fr\/resistance\/?page_id=8900\">Lire la suite<\/a><\/p>\n","protected":false},"author":5,"featured_media":0,"parent":286,"menu_order":0,"comment_status":"closed","ping_status":"closed","template":"","meta":{"footnotes":""},"class_list":["post-8900","page","type-page","status-publish","hentry","nodate","item-wrap"],"aioseo_notices":[],"_links":{"self":[{"href":"https:\/\/maquisdelorris.fr\/resistance\/index.php?rest_route=\/wp\/v2\/pages\/8900","targetHints":{"allow":["GET"]}}],"collection":[{"href":"https:\/\/maquisdelorris.fr\/resistance\/index.php?rest_route=\/wp\/v2\/pages"}],"about":[{"href":"https:\/\/maquisdelorris.fr\/resistance\/index.php?rest_route=\/wp\/v2\/types\/page"}],"author":[{"embeddable":true,"href":"https:\/\/maquisdelorris.fr\/resistance\/index.php?rest_route=\/wp\/v2\/users\/5"}],"replies":[{"embeddable":true,"href":"https:\/\/maquisdelorris.fr\/resistance\/index.php?rest_route=%2Fwp%2Fv2%2Fcomments&post=8900"}],"version-history":[{"count":0,"href":"https:\/\/maquisdelorris.fr\/resistance\/index.php?rest_route=\/wp\/v2\/pages\/8900\/revisions"}],"up":[{"embeddable":true,"href":"https:\/\/maquisdelorris.fr\/resistance\/index.php?rest_route=\/wp\/v2\/pages\/286"}],"wp:attachment":[{"href":"https:\/\/maquisdelorris.fr\/resistance\/index.php?rest_route=%2Fwp%2Fv2%2Fmedia&parent=8900"}],"curies":[{"name":"wp","href":"https:\/\/api.w.org\/{rel}","templated":true}]}}