{"id":9100,"date":"2025-09-28T14:25:37","date_gmt":"2025-09-28T14:25:37","guid":{"rendered":"https:\/\/maquisdelorris.fr\/resistance\/?page_id=9100"},"modified":"2025-10-01T08:54:54","modified_gmt":"2025-10-01T08:54:54","slug":"une-allee-bernard-chalopin","status":"publish","type":"page","link":"https:\/\/maquisdelorris.fr\/resistance\/?page_id=9100","title":{"rendered":"Une all\u00e9e Bernard Chalopin \u00e0 Amilly"},"content":{"rendered":"\n<p><\/p>\n\n\n<div class=\"wp-block-image\">\n<figure class=\"alignright size-large is-resized\"><a href=\"https:\/\/maquisdelorris.fr\/resistance\/wp-content\/uploads\/2025\/09\/Memorial-de-la-Nivelle.jpg\"><img loading=\"lazy\" decoding=\"async\" width=\"1024\" height=\"769\" src=\"https:\/\/maquisdelorris.fr\/resistance\/wp-content\/uploads\/2025\/09\/Memorial-de-la-Nivelle-1024x769.jpg\" alt=\"\" class=\"wp-image-9096\" style=\"width:446px;height:auto\" srcset=\"https:\/\/maquisdelorris.fr\/resistance\/wp-content\/uploads\/2025\/09\/Memorial-de-la-Nivelle-1024x769.jpg 1024w, https:\/\/maquisdelorris.fr\/resistance\/wp-content\/uploads\/2025\/09\/Memorial-de-la-Nivelle-300x225.jpg 300w, https:\/\/maquisdelorris.fr\/resistance\/wp-content\/uploads\/2025\/09\/Memorial-de-la-Nivelle-768x577.jpg 768w, https:\/\/maquisdelorris.fr\/resistance\/wp-content\/uploads\/2025\/09\/Memorial-de-la-Nivelle-640x481.jpg 640w, https:\/\/maquisdelorris.fr\/resistance\/wp-content\/uploads\/2025\/09\/Memorial-de-la-Nivelle-969x728.jpg 969w, https:\/\/maquisdelorris.fr\/resistance\/wp-content\/uploads\/2025\/09\/Memorial-de-la-Nivelle.jpg 1156w\" sizes=\"auto, (max-width: 1024px) 100vw, 1024px\" \/><\/a><figcaption class=\"wp-element-caption\">Droits r\u00e9serv\u00e9s, Famille Chalopin, AFAAM, ao\u00fbt 2025<\/figcaption><\/figure>\n<\/div>\n\n\n<p>C&rsquo;est le dimanche 31 ao\u00fbt 2025, \u00e0 l&rsquo;occasion des comm\u00e9morations en m\u00e9moire des victimes du massacre de la Nivelle \u00e0 Amilly, qu&rsquo;autour du maire, G\u00e9rard Dupaty, de nombreux \u00e9lus, habitants et descendants des r\u00e9sistants se sont recueillis pr\u00e8s des st\u00e8les \u00e9rig\u00e9es dans ce champ amillois, au bord du Loing, \u00e0 l&rsquo;endroit m\u00eame o\u00f9 quatre prisonniers avaient \u00e9t\u00e9 ex\u00e9cut\u00e9s en 1944.<\/p>\n\n\n\n<p>Alors que les troupes am\u00e9ricaines sont aux portes de Dordives et que l&rsquo;arm\u00e9e allemande recule, quatre membres de la r\u00e9sistance, fait prisonniers \u00e0 Souppes-sur-Loing, Guy L\u00e9pine, Philippe Sergent, Georges Mairot et Lucien Wautier, sont arbitrairement fusill\u00e9s dans la plaine de la Nivelle \u00e0 Amilly, sous les yeux de Rolland Fr\u00e9gy, t\u00e9moin de cette sc\u00e8ne le 21 ao\u00fbt 1944 et disparu en 2023. Ils avaient 18, 20, 21 et 43 ans.<\/p>\n\n\n\n<p>Un monument con\u00e7u par Vincent Barr\u00e9 et Sylvain Buisson rend hommage au courage de ces hommes, les \u00ab\u00a0Quatre fusill\u00e9s de la Nivelle\u00a0\u00bb.<\/p>\n\n\n\n<p>C&rsquo;est sur la route qui conduit au m\u00e9morial qu&rsquo;une plaque inaugurant l&rsquo;all\u00e9e <a href=\"https:\/\/maquisdelorris.fr\/resistance\/?page_id=5952\" target=\"_blank\" rel=\"noopener\" title=\"\">Bernard Chalopin<\/a> a \u00e9t\u00e9 install\u00e9e cette ann\u00e9e. Tous les habitu\u00e9s du site connaissent par coeur le parcours de Tony, infatigable relais aupr\u00e8s des jeunes de l&rsquo;histoire du maquis de Lorris jusqu&rsquo;\u00e0 sa disparition le 4 septembre 2022. Les enfants et petits-enfants de Bernard Chalopin \u00e9taient pr\u00e9sents pour partager ce moment d&rsquo;\u00e9motion et de reconnaissance. <\/p>\n\n\n\n<div class=\"wp-block-columns is-layout-flex wp-container-core-columns-is-layout-9d6595d7 wp-block-columns-is-layout-flex\">\n<div class=\"wp-block-column is-layout-flow wp-block-column-is-layout-flow\">\n<figure class=\"wp-block-image size-full\"><a href=\"https:\/\/maquisdelorris.fr\/resistance\/wp-content\/uploads\/2025\/09\/Presence-du-Prest-Cons.-Region-et-du-Maire-dAmilly.jpg\"><img loading=\"lazy\" decoding=\"async\" width=\"912\" height=\"684\" src=\"https:\/\/maquisdelorris.fr\/resistance\/wp-content\/uploads\/2025\/09\/Presence-du-Prest-Cons.-Region-et-du-Maire-dAmilly.jpg\" alt=\"\" class=\"wp-image-9097\" srcset=\"https:\/\/maquisdelorris.fr\/resistance\/wp-content\/uploads\/2025\/09\/Presence-du-Prest-Cons.-Region-et-du-Maire-dAmilly.jpg 912w, https:\/\/maquisdelorris.fr\/resistance\/wp-content\/uploads\/2025\/09\/Presence-du-Prest-Cons.-Region-et-du-Maire-dAmilly-300x225.jpg 300w, https:\/\/maquisdelorris.fr\/resistance\/wp-content\/uploads\/2025\/09\/Presence-du-Prest-Cons.-Region-et-du-Maire-dAmilly-768x576.jpg 768w, https:\/\/maquisdelorris.fr\/resistance\/wp-content\/uploads\/2025\/09\/Presence-du-Prest-Cons.-Region-et-du-Maire-dAmilly-640x480.jpg 640w\" sizes=\"auto, (max-width: 912px) 100vw, 912px\" \/><\/a><figcaption class=\"wp-element-caption\">Droits r\u00e9serv\u00e9s, Famille Chalopin, AFAAM, ao\u00fbt 2025<\/figcaption><\/figure>\n<\/div>\n\n\n\n<div class=\"wp-block-column is-layout-flow wp-block-column-is-layout-flow\">\n<figure class=\"wp-block-image size-large\"><a href=\"https:\/\/maquisdelorris.fr\/resistance\/wp-content\/uploads\/2025\/09\/Les-4-enfants-de-Bernard-Chalopin-et-le-drapeau-du-Maquis.jpg\"><img loading=\"lazy\" decoding=\"async\" width=\"1024\" height=\"769\" src=\"https:\/\/maquisdelorris.fr\/resistance\/wp-content\/uploads\/2025\/09\/Les-4-enfants-de-Bernard-Chalopin-et-le-drapeau-du-Maquis-1024x769.jpg\" alt=\"\" class=\"wp-image-9095\" srcset=\"https:\/\/maquisdelorris.fr\/resistance\/wp-content\/uploads\/2025\/09\/Les-4-enfants-de-Bernard-Chalopin-et-le-drapeau-du-Maquis-1024x769.jpg 1024w, https:\/\/maquisdelorris.fr\/resistance\/wp-content\/uploads\/2025\/09\/Les-4-enfants-de-Bernard-Chalopin-et-le-drapeau-du-Maquis-300x225.jpg 300w, https:\/\/maquisdelorris.fr\/resistance\/wp-content\/uploads\/2025\/09\/Les-4-enfants-de-Bernard-Chalopin-et-le-drapeau-du-Maquis-768x577.jpg 768w, https:\/\/maquisdelorris.fr\/resistance\/wp-content\/uploads\/2025\/09\/Les-4-enfants-de-Bernard-Chalopin-et-le-drapeau-du-Maquis-640x481.jpg 640w, https:\/\/maquisdelorris.fr\/resistance\/wp-content\/uploads\/2025\/09\/Les-4-enfants-de-Bernard-Chalopin-et-le-drapeau-du-Maquis-969x728.jpg 969w, https:\/\/maquisdelorris.fr\/resistance\/wp-content\/uploads\/2025\/09\/Les-4-enfants-de-Bernard-Chalopin-et-le-drapeau-du-Maquis.jpg 1156w\" sizes=\"auto, (max-width: 1024px) 100vw, 1024px\" \/><\/a><figcaption class=\"wp-element-caption\">Droits r\u00e9serv\u00e9s, Famille Chalopin, AFAAM, ao\u00fbt 2025<\/figcaption><\/figure>\n<\/div>\n<\/div>\n\n\n\n<p>\u00c0 travers cette c\u00e9r\u00e9monie et l&rsquo;inauguration de cette all\u00e9e \u00e0 son nom, la commune d&rsquo;Amilly a tenu \u00e0 perp\u00e9tuer la m\u00e9moire d&rsquo;un homme qui n&rsquo;a cess\u00e9 de porter haut les id\u00e9aux de libert\u00e9, de courage et de transmission de la m\u00e9moire.<\/p>\n\n\n<div class=\"wp-block-image\">\n<figure class=\"aligncenter size-large is-resized\"><a href=\"https:\/\/maquisdelorris.fr\/resistance\/wp-content\/uploads\/2025\/09\/Inauguration-de-lallee-Bernard-Chalopin.2.jpg\"><img loading=\"lazy\" decoding=\"async\" width=\"654\" height=\"1024\" src=\"https:\/\/maquisdelorris.fr\/resistance\/wp-content\/uploads\/2025\/09\/Inauguration-de-lallee-Bernard-Chalopin.2-654x1024.jpg\" alt=\"\" class=\"wp-image-9094\" style=\"width:447px;height:auto\" srcset=\"https:\/\/maquisdelorris.fr\/resistance\/wp-content\/uploads\/2025\/09\/Inauguration-de-lallee-Bernard-Chalopin.2-654x1024.jpg 654w, https:\/\/maquisdelorris.fr\/resistance\/wp-content\/uploads\/2025\/09\/Inauguration-de-lallee-Bernard-Chalopin.2-192x300.jpg 192w, https:\/\/maquisdelorris.fr\/resistance\/wp-content\/uploads\/2025\/09\/Inauguration-de-lallee-Bernard-Chalopin.2-768x1202.jpg 768w, https:\/\/maquisdelorris.fr\/resistance\/wp-content\/uploads\/2025\/09\/Inauguration-de-lallee-Bernard-Chalopin.2-982x1536.jpg 982w, https:\/\/maquisdelorris.fr\/resistance\/wp-content\/uploads\/2025\/09\/Inauguration-de-lallee-Bernard-Chalopin.2-640x1001.jpg 640w, https:\/\/maquisdelorris.fr\/resistance\/wp-content\/uploads\/2025\/09\/Inauguration-de-lallee-Bernard-Chalopin.2-969x1516.jpg 969w, https:\/\/maquisdelorris.fr\/resistance\/wp-content\/uploads\/2025\/09\/Inauguration-de-lallee-Bernard-Chalopin.2.jpg 1022w\" sizes=\"auto, (max-width: 654px) 100vw, 654px\" \/><\/a><figcaption class=\"wp-element-caption\">Droits r\u00e9serv\u00e9s, Famille Chalopin, AFAAM, ao\u00fbt 2025<\/figcaption><\/figure>\n<\/div>\n\n<div class=\"wp-block-image\">\n<figure class=\"aligncenter size-large is-resized\"><a href=\"https:\/\/maquisdelorris.fr\/resistance\/wp-content\/uploads\/2021\/01\/P1060139.jpg\"><img loading=\"lazy\" decoding=\"async\" width=\"1024\" height=\"768\" src=\"https:\/\/maquisdelorris.fr\/resistance\/wp-content\/uploads\/2021\/01\/P1060139-1024x768.jpg\" alt=\"\" class=\"wp-image-7303\" style=\"width:493px;height:auto\" srcset=\"https:\/\/maquisdelorris.fr\/resistance\/wp-content\/uploads\/2021\/01\/P1060139-1024x768.jpg 1024w, https:\/\/maquisdelorris.fr\/resistance\/wp-content\/uploads\/2021\/01\/P1060139-300x225.jpg 300w, https:\/\/maquisdelorris.fr\/resistance\/wp-content\/uploads\/2021\/01\/P1060139-768x576.jpg 768w, https:\/\/maquisdelorris.fr\/resistance\/wp-content\/uploads\/2021\/01\/P1060139-1536x1152.jpg 1536w, https:\/\/maquisdelorris.fr\/resistance\/wp-content\/uploads\/2021\/01\/P1060139-2048x1536.jpg 2048w, https:\/\/maquisdelorris.fr\/resistance\/wp-content\/uploads\/2021\/01\/P1060139-640x480.jpg 640w, https:\/\/maquisdelorris.fr\/resistance\/wp-content\/uploads\/2021\/01\/P1060139-969x727.jpg 969w\" sizes=\"auto, (max-width: 1024px) 100vw, 1024px\" \/><\/a><\/figure>\n<\/div>","protected":false},"excerpt":{"rendered":"<p>C&rsquo;est le dimanche 31 ao\u00fbt 2025, \u00e0 l&rsquo;occasion des comm\u00e9morations en m\u00e9moire des victimes du massacre de la Nivelle \u00e0 Amilly, qu&rsquo;autour du maire, G\u00e9rard Dupaty, de nombreux \u00e9lus, habitants et descendants des r\u00e9sistants se sont recueillis pr\u00e8s des st\u00e8les \u00e9rig\u00e9es dans ce champ amillois, au bord du Loing, \u00e0 l&rsquo;endroit m\u00eame o\u00f9 quatre prisonniers &hellip; <\/p>\n<p><a class=\"more-link btn\" href=\"https:\/\/maquisdelorris.fr\/resistance\/?page_id=9100\">Lire la suite<\/a><\/p>\n","protected":false},"author":5,"featured_media":0,"parent":0,"menu_order":0,"comment_status":"closed","ping_status":"closed","template":"","meta":{"footnotes":""},"class_list":["post-9100","page","type-page","status-publish","hentry","nodate","item-wrap"],"aioseo_notices":[],"_links":{"self":[{"href":"https:\/\/maquisdelorris.fr\/resistance\/index.php?rest_route=\/wp\/v2\/pages\/9100","targetHints":{"allow":["GET"]}}],"collection":[{"href":"https:\/\/maquisdelorris.fr\/resistance\/index.php?rest_route=\/wp\/v2\/pages"}],"about":[{"href":"https:\/\/maquisdelorris.fr\/resistance\/index.php?rest_route=\/wp\/v2\/types\/page"}],"author":[{"embeddable":true,"href":"https:\/\/maquisdelorris.fr\/resistance\/index.php?rest_route=\/wp\/v2\/users\/5"}],"replies":[{"embeddable":true,"href":"https:\/\/maquisdelorris.fr\/resistance\/index.php?rest_route=%2Fwp%2Fv2%2Fcomments&post=9100"}],"version-history":[{"count":0,"href":"https:\/\/maquisdelorris.fr\/resistance\/index.php?rest_route=\/wp\/v2\/pages\/9100\/revisions"}],"wp:attachment":[{"href":"https:\/\/maquisdelorris.fr\/resistance\/index.php?rest_route=%2Fwp%2Fv2%2Fmedia&parent=9100"}],"curies":[{"name":"wp","href":"https:\/\/api.w.org\/{rel}","templated":true}]}}