{"id":99,"date":"2011-04-30T14:35:13","date_gmt":"2011-04-30T14:35:13","guid":{"rendered":"http:\/\/maquisdelorris.fr\/resistance\/?page_id=99"},"modified":"2023-08-14T12:48:47","modified_gmt":"2023-08-14T12:48:47","slug":"lorganisation-du-camp","status":"publish","type":"page","link":"https:\/\/maquisdelorris.fr\/resistance\/?page_id=99","title":{"rendered":"L&rsquo;organisation du camp"},"content":{"rendered":"\n<h4 class=\"wp-block-heading\"><strong>La vie au camp<\/strong><\/h4>\n\n\n\n<p>Un peu \u00e0 la surprise g\u00e9n\u00e9rale, O\u2019Neill nomme son adjoint, Benjamin Passet \u00e0 la t\u00eate du Maquis de Lorris, alors que son fondateur, Albin Chalandon, se retrouve responsable de la seule Compagnie Albin. Pour suppl\u00e9er Albert et prendre le commandement de la seconde compagnie, on parachute depuis Londres un nouvel officier, le lieutenant Charles Lonchambon, alias le lieutenant Robert, qui prend donc ses fonctions le 20 juillet 1944.<\/p>\n\n\n\n<figure class=\"wp-block-video aligncenter\"><video height=\"576\" style=\"aspect-ratio: 720 \/ 576;\" width=\"720\" controls src=\"https:\/\/maquisdelorris.fr\/resistance\/wp-content\/uploads\/videos\/Hi\u00e9rarchie.mp4\"><\/video><figcaption class=\"wp-element-caption\"> <em>T\u00e9moignage recueilli et enregistr\u00e9 par les \u00e9l\u00e8ves du Club R\u00e9sistance 2010\/2011 du coll\u00e8ge Genevi\u00e8ve de Gaulle Anthonioz des Bordes<\/em><br> <em>Bernard Chalopin et Jean H\u00e9au, le 11 mai 2011, au coll\u00e8ge<\/em> <\/figcaption><\/figure>\n\n\n\n<p>A partir du 27 juillet 1944 et le rassemblement de tous les hommes au camp du Ravoir, la vie est v\u00e9ritablement organis\u00e9e comme dans un camp militaire, avec rassemblement pour la lev\u00e9e des couleurs chaque matin et rapport quotidien. Chaque compagnie y re\u00e7oit ses ordres de missions pour la journ\u00e9e et\/ou la nuit. Le camp est gard\u00e9 aux quatre coins et toutes les entr\u00e9es ou sorties du camp sont contr\u00f4l\u00e9es. Discipline, s\u00e9curit\u00e9, sont les ma\u00eetres-mots. Le maquis est alors \u00e9galement structur\u00e9 de mani\u00e8re militaire, autour des 4 compagnies form\u00e9es apr\u00e8s les attaques des maquis de Vitry et Chambon, chaque compagnie \u00e9tant \u00e0 son tour divis\u00e9e en sections, divis\u00e9es en groupes :<\/p>\n\n\n<div class=\"wp-block-image\">\n<figure class=\"aligncenter is-resized\"><a href=\"https:\/\/maquisdelorris.fr\/resistance\/wp-content\/uploads\/2011\/06\/Organigramme-commandement-maquis2.jpg\"><img loading=\"lazy\" decoding=\"async\" src=\"https:\/\/maquisdelorris.fr\/resistance\/wp-content\/uploads\/2011\/06\/Organigramme-commandement-maquis2-1024x691.jpg\" alt=\"\" class=\"wp-image-3089\" style=\"width:880px;height:573px\" width=\"880\" height=\"573\"\/><\/a><figcaption class=\"wp-element-caption\">Organigramme du commandement du maquis de Lorris (Beno\u00eet Momboisse) &#8211; Cliquer pour agrandir<\/figcaption><\/figure>\n<\/div>\n\n\n<div class=\"wp-block-columns is-layout-flex wp-container-core-columns-is-layout-9d6595d7 wp-block-columns-is-layout-flex\">\n<div class=\"wp-block-column is-layout-flow wp-block-column-is-layout-flow\">\n<figure class=\"wp-block-image size-full is-resized\"><a href=\"https:\/\/maquisdelorris.fr\/resistance\/wp-content\/uploads\/2020\/08\/Albin-Chalandon-2.jpg\"><img loading=\"lazy\" decoding=\"async\" src=\"https:\/\/maquisdelorris.fr\/resistance\/wp-content\/uploads\/2020\/08\/Albin-Chalandon-2.jpg\" alt=\"\" class=\"wp-image-7177\" style=\"object-fit:cover;width:160px;height:200px\" width=\"160\" height=\"200\"\/><\/a><figcaption class=\"wp-element-caption\">Albin Chalandon<\/figcaption><\/figure>\n<\/div>\n\n\n\n<div class=\"wp-block-column is-layout-flow wp-block-column-is-layout-flow\">\n<figure class=\"wp-block-image size-full is-resized\"><a href=\"https:\/\/maquisdelorris.fr\/resistance\/wp-content\/uploads\/2023\/08\/Charles-Lonchambon.jpg\"><img decoding=\"async\" src=\"https:\/\/maquisdelorris.fr\/resistance\/wp-content\/uploads\/2023\/08\/Charles-Lonchambon.jpg\" alt=\"\" class=\"wp-image-8322\" style=\"height:200px\" height=\"200\"\/><\/a><figcaption class=\"wp-element-caption\">Charles Lonchambon<\/figcaption><\/figure>\n<\/div>\n\n\n\n<div class=\"wp-block-column is-layout-flow wp-block-column-is-layout-flow\">\n<figure class=\"wp-block-image size-full is-resized\"><a href=\"https:\/\/maquisdelorris.fr\/resistance\/wp-content\/uploads\/2023\/08\/Pierre-Gramond.jpg\"><img decoding=\"async\" src=\"https:\/\/maquisdelorris.fr\/resistance\/wp-content\/uploads\/2023\/08\/Pierre-Gramond.jpg\" alt=\"\" class=\"wp-image-8326\" style=\"height:200px\" height=\"200\"\/><\/a><figcaption class=\"wp-element-caption\">Pierre Gramond<\/figcaption><\/figure>\n<\/div>\n<\/div>\n\n\n\n<div class=\"wp-block-columns is-layout-flex wp-container-core-columns-is-layout-9d6595d7 wp-block-columns-is-layout-flex\">\n<div class=\"wp-block-column is-layout-flow wp-block-column-is-layout-flow\">\n<figure class=\"wp-block-image size-full is-resized\"><a href=\"https:\/\/maquisdelorris.fr\/resistance\/wp-content\/uploads\/2011\/04\/Benjamin-Passet.jpg\"><img decoding=\"async\" src=\"https:\/\/maquisdelorris.fr\/resistance\/wp-content\/uploads\/2011\/04\/Benjamin-Passet.jpg\" alt=\"\" class=\"wp-image-161\" style=\"height:200px\" height=\"200\" srcset=\"https:\/\/maquisdelorris.fr\/resistance\/wp-content\/uploads\/2011\/04\/Benjamin-Passet.jpg 516w, https:\/\/maquisdelorris.fr\/resistance\/wp-content\/uploads\/2011\/04\/Benjamin-Passet-270x300.jpg 270w\" sizes=\"(max-width: 516px) 100vw, 516px\" \/><\/a><figcaption class=\"wp-element-caption\">Benjamin Passet<\/figcaption><\/figure>\n<\/div>\n\n\n\n<div class=\"wp-block-column is-layout-flow wp-block-column-is-layout-flow\">\n<figure class=\"wp-block-image size-full is-resized\"><a href=\"https:\/\/maquisdelorris.fr\/resistance\/wp-content\/uploads\/2023\/08\/Jacques-Brodu-Willy.jpg\"><img decoding=\"async\" src=\"https:\/\/maquisdelorris.fr\/resistance\/wp-content\/uploads\/2023\/08\/Jacques-Brodu-Willy.jpg\" alt=\"\" class=\"wp-image-8324\" style=\"height:200px\" height=\"200\" srcset=\"https:\/\/maquisdelorris.fr\/resistance\/wp-content\/uploads\/2023\/08\/Jacques-Brodu-Willy.jpg 390w, https:\/\/maquisdelorris.fr\/resistance\/wp-content\/uploads\/2023\/08\/Jacques-Brodu-Willy-226x300.jpg 226w\" sizes=\"(max-width: 390px) 100vw, 390px\" \/><\/a><figcaption class=\"wp-element-caption\">Jacques Brodu<\/figcaption><\/figure>\n<\/div>\n\n\n\n<div class=\"wp-block-column is-layout-flow wp-block-column-is-layout-flow\">\n<figure class=\"wp-block-image size-full is-resized\"><a href=\"https:\/\/maquisdelorris.fr\/resistance\/wp-content\/uploads\/2023\/08\/Numa-Foures-Numa.jpg\"><img decoding=\"async\" src=\"https:\/\/maquisdelorris.fr\/resistance\/wp-content\/uploads\/2023\/08\/Numa-Foures-Numa.jpg\" alt=\"\" class=\"wp-image-8325\" style=\"height:200px\" height=\"200\" srcset=\"https:\/\/maquisdelorris.fr\/resistance\/wp-content\/uploads\/2023\/08\/Numa-Foures-Numa.jpg 363w, https:\/\/maquisdelorris.fr\/resistance\/wp-content\/uploads\/2023\/08\/Numa-Foures-Numa-225x300.jpg 225w\" sizes=\"(max-width: 363px) 100vw, 363px\" \/><\/a><figcaption class=\"wp-element-caption\">Numa Four\u00e8s<\/figcaption><\/figure>\n<\/div>\n<\/div>\n\n\n<div class=\"wp-block-image\">\n<figure class=\"aligncenter is-resized\"><a href=\"https:\/\/maquisdelorris.fr\/resistance\/wp-content\/uploads\/2011\/04\/Sh\u00e9ma-organisation-des-compagnies.jpg\"><img loading=\"lazy\" decoding=\"async\" src=\"https:\/\/maquisdelorris.fr\/resistance\/wp-content\/uploads\/2011\/04\/Sh\u00e9ma-organisation-des-compagnies-1024x685.jpg\" alt=\"\" class=\"wp-image-3212\" style=\"width:880px;height:600px\" width=\"880\" height=\"600\"\/><\/a><figcaption class=\"wp-element-caption\">Sch\u00e9ma d&rsquo;organisation d&rsquo;une compagnie du maquis de Lorris, l&rsquo;exemple de la compagnie Albin (Beno\u00eet Momboisse) &#8211; Cliquer pour agrandir<\/figcaption><\/figure>\n<\/div>\n\n\n<p>A titre d&rsquo;exemples, Bernard Chalopin (alias Tony) et Jean H\u00e9au, dont vous avez certainement \u00e9cout\u00e9 le t\u00e9moignage ci-dessus, font tous les deux partie de la compagnie Albin. Jean H\u00e9au appartient au groupe Cordier de la sectionToulza (voir sch\u00e9ma). Quant \u00e0 Bernard Chalopin, il fait partie de la section Deresne, command\u00e9e par l&rsquo;adjudant Louis Deresne, gendarme de son \u00e9tat. Son chef de groupe est un jeune cyrard nomm\u00e9 Roger Destors. L&rsquo;adjudant Deresne sera bless\u00e9 le 17 ao\u00fbt dans l&rsquo;accident de voiture dans lequel est \u00e9galement impliqu\u00e9 Albin Chalandon ce jour-l\u00e0, quelque part entre Fay-aux-Loges et Ch\u00e2teauneuf-sur-Loire, le jour de la <a href=\"https:\/\/maquisdelorris.fr\/resistance\/?page_id=1719\">lib\u00e9ration de Ch\u00e2teauneuf<\/a> par le maquis. Il sera alors remplac\u00e9 \u00e0 la t\u00eate de la section de Bernard Chalopin par un des adjoints du Capitaine Benjamin Passet (Albert), le lieutenant Jacques Brodu (Willy), et ce jusqu&rsquo;\u00e0 la <a href=\"https:\/\/maquisdelorris.fr\/resistance\/?page_id=1550\">lib\u00e9ration de Paris<\/a>.<\/p>\n\n\n\n<p>Chaque commandant de compagnie dispose d\u2019un emplacement pr\u00e9cis dans le camp et se trouve sous les ordres du PC de commandement. Les abris des hommes sont rudimentaires, sapes, toiles de parachutes tendues en c\u00f4ne depuis une branche, le confort comme l&rsquo;hygi\u00e8ne ne sont pas les priorit\u00e9s des hommes, qui la plupart bien jeunes s&rsquo;en soucient d&rsquo;ailleurs bien peu ! Ces tentes de fortune abritent \u00e9galement les diff\u00e9rents \u00ab\u00a0services\u00a0\u00bb du camp, de l&rsquo;infirmerie aux cuisines en passant par le poste de commandement, la tente du radio (capitaine Villemin),&nbsp;ou encore&nbsp;l&rsquo;armurerie qui s&rsquo;abritait sous une toile bleue.<\/p>\n\n\n\n<figure class=\"wp-block-video aligncenter\"><video height=\"576\" style=\"aspect-ratio: 720 \/ 576;\" width=\"720\" controls src=\"https:\/\/maquisdelorris.fr\/resistance\/wp-content\/uploads\/videos\/Le quotidien.mp4\"><\/video><\/figure>\n\n\n\n<h4 class=\"wp-block-heading\"><strong>La question du ravitaillement<\/strong><\/h4>\n\n\n\n<p>Des personnes en rapport constant avec les responsables du maquis de Lorris, Jean Arrighi, garde forestier, et le sous-lieutenant Georges Martin, \u00e9taient charg\u00e9es du ravitaillement. La participation des habitants des communes environnantes fut primordiale. Des agriculteurs fournissaient sur bons de r\u00e9quisition les b\u00eates qui \u00e9taient abattues clandestinement avant d\u2019\u00eatre rapport\u00e9es au camp. Il en \u00e9tait de m\u00eame pour les boulangers locaux&nbsp;&nbsp;qui approvisionnaient en pain.<\/p>\n\n\n\n<p>La g\u00e9n\u00e9rosit\u00e9 d\u2019une partie de la population et l\u2019exemplaire compr\u00e9hension des agriculteurs locaux&nbsp;ont permis de r\u00e9soudre la plupart des difficult\u00e9s li\u00e9es au ravitaillement, malgr\u00e9 des situations parfois ubuesques comme l&rsquo;histoire fameuse&nbsp;dont se rappellent bien tous nos anciens de ce malheureux taureau abattu au fusil mitrailleur apr\u00e8s moults essais infructueux pour le mettre \u00e0 mort, ou encore ce camion de fromage opportun\u00e9ment pris \u00e0 l&rsquo;ennemi \u00e0 la faveur d&rsquo;une embuscade et qui servit de plat principal aux hommes pendant de nombreuses semaines, en d\u00e9pit de sa&nbsp;d\u00e9t\u00e9rioration rapide en pleine for\u00eat !<\/p>\n\n\n\n<figure class=\"wp-block-video aligncenter\"><video height=\"576\" style=\"aspect-ratio: 720 \/ 576;\" width=\"720\" controls src=\"https:\/\/maquisdelorris.fr\/resistance\/wp-content\/uploads\/videos\/Le ravitaillement.mp4\"><\/video><\/figure>\n\n\n\n<h4 class=\"wp-block-heading\"><strong>Le garage<\/strong><\/h4>\n\n\n\n<p>Le garage&nbsp;se situait pr\u00e8s du camp du Ravoir, dans un espace&nbsp;touffu pour mieux dissimuler les v\u00e9hicules indispensables au maquis pour transporter hommes et mat\u00e9riel lors des missions.&nbsp;Sous la direction de Maurice Ganivet, une soixantaine&nbsp;d\u2019hommes&nbsp;dont seulement trois&nbsp;m\u00e9caniciens de m\u00e9tier, la majorit\u00e9 \u00e9tant des chauffeurs qui avaient un v\u00e9hicule attitr\u00e9 et participaient aux actions.<\/p>\n\n\n<div class=\"wp-block-image\">\n<figure class=\"alignright size-full is-resized\"><a href=\"https:\/\/maquisdelorris.fr\/resistance\/wp-content\/uploads\/2019\/07\/C.-Morraglia.jpg\"><img loading=\"lazy\" decoding=\"async\" src=\"https:\/\/maquisdelorris.fr\/resistance\/wp-content\/uploads\/2019\/07\/C.-Morraglia.jpg\" alt=\"\" class=\"wp-image-6409\" style=\"width:147px;height:181px\" width=\"147\" height=\"181\" srcset=\"https:\/\/maquisdelorris.fr\/resistance\/wp-content\/uploads\/2019\/07\/C.-Morraglia.jpg 781w, https:\/\/maquisdelorris.fr\/resistance\/wp-content\/uploads\/2019\/07\/C.-Morraglia-245x300.jpg 245w, https:\/\/maquisdelorris.fr\/resistance\/wp-content\/uploads\/2019\/07\/C.-Morraglia-768x942.jpg 768w, https:\/\/maquisdelorris.fr\/resistance\/wp-content\/uploads\/2019\/07\/C.-Morraglia-640x785.jpg 640w\" sizes=\"auto, (max-width: 147px) 100vw, 147px\" \/><\/a><figcaption class=\"wp-element-caption\">Claude Morraglia<\/figcaption><\/figure>\n<\/div>\n\n\n<p>Il y avait environ 50 v\u00e9hicules, v\u00e9hicules l\u00e9gers (voitures) de marque&nbsp;Chenard&amp;Walcker, Peugeot&nbsp;ou Citro\u00ebn, des&nbsp;camionnettes, des camions, quelques motos, plus un camion atelier, la plupart r\u00e9quisitionn\u00e9s (comme les v\u00e9hicules du marchand de bois et du notaire de Saint&nbsp;Beno\u00eet, ou celle du cur\u00e9 de Varennes, une histoire dont&nbsp;les lecteurs des <em>Sangliers sortent du bois<\/em> doivent se souvenir !). Le carburant \u00e9tait aussi r\u00e9quisitionn\u00e9, et stock\u00e9 dans une citerne des Eaux et For\u00eat. Les batteries \u00e9taient \u00e9galement difficiles \u00e0 trouver.<\/p>\n\n\n\n<p>Ces missions pouvaient s&rsquo;av\u00e9rer tout aussi dangereuses que les missions de combat, c&rsquo;est par exemple en voulant confisquer son v\u00e9hicule \u00e0 un collaborateur notaire qu&rsquo;un chef de groupe de la compagnie Albin, <a href=\"https:\/\/maquisdelorris.fr\/resistance\/?page_id=5952\" target=\"_blank\" rel=\"noopener\" title=\"\">Claude Morraglia<\/a>, sera arr\u00eat\u00e9 et d\u00e9port\u00e9 \u00e0 Buchenwald (il sera lib\u00e9r\u00e9 le 8 mai 1945).<\/p>\n\n\n\n<p>Apr\u00e8s l\u2019attaque du 14 ao\u00fbt 1944, tous les v\u00e9hicules furent pr\u00e9par\u00e9s avec les armes pour quitter le maquis et participer \u00e0&nbsp;la Lib\u00e9ration, de Lorris jusqu\u2019\u00e0 Paris.<\/p>\n\n\n<div class=\"wp-block-image\">\n<figure class=\"aligncenter is-resized\"><a href=\"https:\/\/maquisdelorris.fr\/resistance\/wp-content\/uploads\/2011\/04\/Lib\u00e9-Paris-Torpille-200-1.jpg\"><img loading=\"lazy\" decoding=\"async\" src=\"https:\/\/maquisdelorris.fr\/resistance\/wp-content\/uploads\/2011\/04\/Lib\u00e9-Paris-Torpille-200-1.jpg\" alt=\"V\u00e9hicule surnomm\u00e9 &quot;la Torpille&quot;, au moment de la Lib\u00e9ration de Paris (Droits r\u00e9serv\u00e9s, Mus\u00e9e d\u00e9partemental de la R\u00e9sistance et de la D\u00e9portation de Lorris)\" class=\"wp-image-3108\" style=\"width:670px;height:499px\" width=\"670\" height=\"499\" srcset=\"https:\/\/maquisdelorris.fr\/resistance\/wp-content\/uploads\/2011\/04\/Lib\u00e9-Paris-Torpille-200-1.jpg 880w, https:\/\/maquisdelorris.fr\/resistance\/wp-content\/uploads\/2011\/04\/Lib\u00e9-Paris-Torpille-200-1-300x224.jpg 300w\" sizes=\"auto, (max-width: 670px) 100vw, 670px\" \/><\/a><figcaption class=\"wp-element-caption\">V\u00e9hicule surnomm\u00e9 \u00ab\u00a0la Torpille\u00a0\u00bb, au moment de la Lib\u00e9ration de Paris (Droits r\u00e9serv\u00e9s, Mus\u00e9e d\u00e9partemental de la R\u00e9sistance et de la D\u00e9portation de Lorris)<\/figcaption><\/figure>\n<\/div>\n\n<div class=\"wp-block-image\">\n<figure class=\"aligncenter is-resized\"><a href=\"https:\/\/maquisdelorris.fr\/resistance\/wp-content\/uploads\/2011\/04\/V\u00e9hicules-maquis.jpg\"><img loading=\"lazy\" decoding=\"async\" src=\"https:\/\/maquisdelorris.fr\/resistance\/wp-content\/uploads\/2011\/04\/V\u00e9hicules-maquis-1024x723.jpg\" alt=\"V\u00e9hicules maquis\" class=\"wp-image-3109\" style=\"width:619px;height:437px\" width=\"619\" height=\"437\" srcset=\"https:\/\/maquisdelorris.fr\/resistance\/wp-content\/uploads\/2011\/04\/V\u00e9hicules-maquis-1024x723.jpg 1024w, https:\/\/maquisdelorris.fr\/resistance\/wp-content\/uploads\/2011\/04\/V\u00e9hicules-maquis-300x212.jpg 300w, https:\/\/maquisdelorris.fr\/resistance\/wp-content\/uploads\/2011\/04\/V\u00e9hicules-maquis.jpg 1054w\" sizes=\"auto, (max-width: 619px) 100vw, 619px\" \/><\/a><figcaption class=\"wp-element-caption\">V\u00e9hicule utilis\u00e9s au moment de la Lib\u00e9ration (Droits r\u00e9serv\u00e9s, Mus\u00e9e d\u00e9partemental de la R\u00e9sistance et de la D\u00e9portation de Lorris)<\/figcaption><\/figure>\n<\/div>\n\n\n<h4 class=\"wp-block-heading\"><strong>Les parachutages<\/strong><\/h4>\n\n\n\n<p>Les parachutages d\u2019armement \u00e9taient organis\u00e9s par des services ext\u00e9rieurs. Les responsables des maquis du Loiret \u00e9taient en effet en liaison permanente avec Londres (SOE anglais et BCRA pour la France Libre, <a href=\"https:\/\/maquisdelorris.fr\/resistance\/?page_id=95\">voir page pr\u00e9c\u00e9dente<\/a>). Gr\u00e2ce au soutien des diff\u00e9rents r\u00e9seaux, Prosper, Antoine (Philippe de Vom\u00e9court), \u00c9tienne Leblanc (Pierre Chari\u00e9) ou&nbsp;Alliance, on compte pratiquement&nbsp;une centaine d&rsquo;op\u00e9rations de parachutages couronn\u00e9es de succ\u00e8s dans la r\u00e9gion. Ces missions pouvaient \u00eatre coordonn\u00e9es gr\u00e2ce \u00e0 la radio, nous avons tous en t\u00eate ces fameux messages \u00e0 la BBC que les Allemands s&rsquo;\u00e9chinaient en vain \u00e0 vouloir d\u00e9coder !&nbsp;Ces phrases souvent amusantes (<em>La brosse \u00e0 reluire va fonctionner<\/em>, <em>Les sangliers sortent du bois<\/em>&#8230;) servaient en r\u00e9alit\u00e9 de signaux pour&nbsp;la pr\u00e9paration d&rsquo;un atterrissage, la r\u00e9ception de mat\u00e9riels ou d&rsquo;hommes parachut\u00e9s, l&rsquo;autorisation pour lancer des op\u00e9rations de gu\u00e9rilla&#8230;<\/p>\n\n\n<div class=\"wp-block-image\">\n<figure class=\"alignright size-full is-resized\"><a href=\"https:\/\/maquisdelorris.fr\/resistance\/wp-content\/uploads\/2023\/08\/Auguste-Boussogne.jpg\"><img loading=\"lazy\" decoding=\"async\" src=\"https:\/\/maquisdelorris.fr\/resistance\/wp-content\/uploads\/2023\/08\/Auguste-Boussogne.jpg\" alt=\"\" class=\"wp-image-8321\" style=\"width:156px;height:203px\" width=\"156\" height=\"203\" srcset=\"https:\/\/maquisdelorris.fr\/resistance\/wp-content\/uploads\/2023\/08\/Auguste-Boussogne.jpg 559w, https:\/\/maquisdelorris.fr\/resistance\/wp-content\/uploads\/2023\/08\/Auguste-Boussogne-230x300.jpg 230w\" sizes=\"auto, (max-width: 156px) 100vw, 156px\" \/><\/a><figcaption class=\"wp-element-caption\">Auguste Boussogne<\/figcaption><\/figure>\n<\/div>\n\n\n<p>Ces parachutages \u00e9taient&nbsp;men\u00e9s \u00e0 bien&nbsp;gr\u00e2ce \u00e0 l\u2019aide au sol des agents des Eaux et For\u00eats comme&nbsp;<a href=\"https:\/\/maquisdelorris.fr\/resistance\/?page_id=1562\">Auguste Boussogne<\/a> (r\u00e9seau Alliance), mais aussi&nbsp;de la population rurale qui a largement contribu\u00e9 \u00e0 la r\u00e9ussite de ces op\u00e9rations. Citons entre autres la participation active du maire de&nbsp;Coudroy&nbsp;&nbsp;M.Baby, des agriculteurs de Vieilles Maisons M.Parmentier et M.Dalaigre, ou encore de <a href=\"https:\/\/maquisdelorris.fr\/resistance\/?page_id=1562\">Gilbert Greuin<\/a>, agent de liaison pour le maquis. Nombreux sont ceux qui p\u00e9riront pour cette t\u00e2che.<\/p>\n\n\n\n<p>Les&nbsp;containers d\u2019armes, une fois arriv\u00e9s \u00e0 bon port, \u00e9taient souvent&nbsp;camoufl\u00e9s dans des sapes l\u00e0 o\u00f9 ils tombaient en attendant le bon moment pour \u00eatre ensuite charg\u00e9s dans les camions du maquis (chacun pouvait peser jusqu&rsquo;\u00e0 200 kg), qui&nbsp;les acheminaient alors vers le camp. &nbsp;Les hommes se chargeaient ensuite de l&rsquo;inventaire et de la mise en service des armes (montage, graissage\u2026). Armes de poings, pistolets et fusils mitrailleurs, fusils, grenades, explosifs, mines, bazookas, mortiers, munitions, \u00e9taient souvent \u00e9galement accompagn\u00e9s d&rsquo;objets tout aussi utiles aux r\u00e9sistants consign\u00e9s en pleine for\u00eat comme des uniformes, des brassards FFI, des pinces, du chatterton, des gants, du chocolat ou les indispensables cigarettes.<\/p>\n","protected":false},"excerpt":{"rendered":"<p>La vie au camp Un peu \u00e0 la surprise g\u00e9n\u00e9rale, O\u2019Neill nomme son adjoint, Benjamin Passet \u00e0 la t\u00eate du Maquis de Lorris, alors que son fondateur, Albin Chalandon, se retrouve responsable de la seule Compagnie Albin. Pour suppl\u00e9er Albert et prendre le commandement de la seconde compagnie, on parachute depuis Londres un nouvel officier, &hellip; <\/p>\n<p><a class=\"more-link btn\" href=\"https:\/\/maquisdelorris.fr\/resistance\/?page_id=99\">Lire la suite<\/a><\/p>\n","protected":false},"author":5,"featured_media":0,"parent":49,"menu_order":4,"comment_status":"open","ping_status":"open","template":"","meta":{"footnotes":""},"class_list":["post-99","page","type-page","status-publish","hentry","nodate","item-wrap"],"aioseo_notices":[],"_links":{"self":[{"href":"https:\/\/maquisdelorris.fr\/resistance\/index.php?rest_route=\/wp\/v2\/pages\/99","targetHints":{"allow":["GET"]}}],"collection":[{"href":"https:\/\/maquisdelorris.fr\/resistance\/index.php?rest_route=\/wp\/v2\/pages"}],"about":[{"href":"https:\/\/maquisdelorris.fr\/resistance\/index.php?rest_route=\/wp\/v2\/types\/page"}],"author":[{"embeddable":true,"href":"https:\/\/maquisdelorris.fr\/resistance\/index.php?rest_route=\/wp\/v2\/users\/5"}],"replies":[{"embeddable":true,"href":"https:\/\/maquisdelorris.fr\/resistance\/index.php?rest_route=%2Fwp%2Fv2%2Fcomments&post=99"}],"version-history":[{"count":0,"href":"https:\/\/maquisdelorris.fr\/resistance\/index.php?rest_route=\/wp\/v2\/pages\/99\/revisions"}],"up":[{"embeddable":true,"href":"https:\/\/maquisdelorris.fr\/resistance\/index.php?rest_route=\/wp\/v2\/pages\/49"}],"wp:attachment":[{"href":"https:\/\/maquisdelorris.fr\/resistance\/index.php?rest_route=%2Fwp%2Fv2%2Fmedia&parent=99"}],"curies":[{"name":"wp","href":"https:\/\/api.w.org\/{rel}","templated":true}]}}